{"id":992,"date":"2025-05-02T21:02:28","date_gmt":"2025-05-02T19:02:28","guid":{"rendered":"https:\/\/stage.acmnn.fr\/wordpress\/?page_id=992"},"modified":"2025-05-14T12:00:12","modified_gmt":"2025-05-14T10:00:12","slug":"nos-partenaires","status":"publish","type":"page","link":"https:\/\/stage.acmnn.fr\/wordpress\/nos-partenaires\/","title":{"rendered":"Nos partenaires"},"content":{"rendered":"\t\t<div data-elementor-type=\"wp-page\" data-elementor-id=\"992\" class=\"elementor elementor-992\">\n\t\t\t\t<div class=\"elementor-element elementor-element-984cf16 e-con-full e-flex e-con e-parent\" data-id=\"984cf16\" data-element_type=\"container\">\n\t\t\t\t<div class=\"elementor-element elementor-element-58b1bd2 elementor-widget elementor-widget-heading\" data-id=\"58b1bd2\" data-element_type=\"widget\" data-widget_type=\"heading.default\">\n\t\t\t\t<div class=\"elementor-widget-container\">\n\t\t\t\t\t<h2 class=\"elementor-heading-title elementor-size-default\">Nos partenaires<\/h2>\t\t\t\t<\/div>\n\t\t\t\t<\/div>\n\t\t\t\t<div class=\"elementor-element elementor-element-d3d12eb elementor-widget elementor-widget-text-editor\" data-id=\"d3d12eb\" data-element_type=\"widget\" data-widget_type=\"text-editor.default\">\n\t\t\t\t<div class=\"elementor-widget-container\">\n\t\t\t\t\t\t\t\t\t<p class=\"\" data-start=\"66\" data-end=\"296\"><strong data-start=\"66\" data-end=\"296\">Nos partenaires jouent un r\u00f4le essentiel dans la r\u00e9alisation de nos projets. Gr\u00e2ce \u00e0 leur soutien pr\u00e9cieux, nous pouvons d\u00e9velopper des initiatives impactantes et offrir des solutions concr\u00e8tes aux membres de notre communaut\u00e9.<\/strong><\/p>\t\t\t\t\t\t\t\t<\/div>\n\t\t\t\t<\/div>\n\t\t\t\t<\/div>\n\t\t<div class=\"elementor-element elementor-element-0e9d045 e-con-full e-flex e-con e-parent\" data-id=\"0e9d045\" data-element_type=\"container\">\n\t\t<div class=\"elementor-element elementor-element-61700a7 e-con-full e-flex e-con e-child\" data-id=\"61700a7\" data-element_type=\"container\">\n\t\t\t\t<div class=\"elementor-element elementor-element-64ea334 elementor-widget elementor-widget-text-editor\" data-id=\"64ea334\" data-element_type=\"widget\" data-widget_type=\"text-editor.default\">\n\t\t\t\t<div class=\"elementor-widget-container\">\n\t\t\t\t\t\t\t\t\t<p><a href=\"http:\/\/www.nantes.fr\/\" target=\"_blank\" rel=\"noopener\">la ville de nantes<\/a><br \/><a href=\"https:\/\/www.caf.fr\/\" target=\"_blank\" rel=\"noopener\">Caisse d&rsquo;allocation familiale<\/a>\u00a0<br \/><a href=\"https:\/\/www.loire-atlantique.gouv.fr\/\" target=\"_blank\" rel=\"noopener\">Pr\u00e9fecture des Pays de la Loire<\/a><br \/><a href=\"https:\/\/www.paysdelaloire.fr\/\" target=\"_blank\" rel=\"noopener\">Conseil R\u00e9gional Pays de la Loire<\/a><\/p>\t\t\t\t\t\t\t\t<\/div>\n\t\t\t\t<\/div>\n\t\t\t\t<\/div>\n\t\t<div class=\"elementor-element elementor-element-0b5ee8c e-con-full e-flex e-con e-child\" data-id=\"0b5ee8c\" data-element_type=\"container\">\n\t\t\t\t<div class=\"elementor-element elementor-element-be4c671 elementor-widget elementor-widget-text-editor\" data-id=\"be4c671\" data-element_type=\"widget\" data-widget_type=\"text-editor.default\">\n\t\t\t\t<div class=\"elementor-widget-container\">\n\t\t\t\t\t\t\t\t\t<p><a href=\"https:\/\/cosmopolis.nantes.fr\/\" target=\"_blank\" rel=\"noopener\">Espace Cosmopolis <\/a><br \/><a href=\"https:\/\/bibliotheque.nantes.fr\/home\/pratique\/adresses-et-horaires-1\/mediatheque-luce-courville.html\" target=\"_blank\" rel=\"noopener\">m\u00e9diath\u00e8que Luce Courville<\/a><br \/><a href=\"https:\/\/paqlalune.fr\/\" target=\"_blank\" rel=\"noopener\">PaQ&rsquo;la Lune<\/a>\u00a0<br \/><a href=\"https:\/\/www.vlipp.fr\/\" target=\"_blank\" rel=\"noopener\">Vlipp <\/a><\/p>\t\t\t\t\t\t\t\t<\/div>\n\t\t\t\t<\/div>\n\t\t\t\t<\/div>\n\t\t\t\t<\/div>\n\t\t<div class=\"elementor-element elementor-element-ed155fa e-con-full e-flex e-con e-parent\" data-id=\"ed155fa\" data-element_type=\"container\">\n\t\t\t\t<div class=\"elementor-element elementor-element-665987a elementor-arrows-position-inside elementor-widget elementor-widget-image-carousel\" data-id=\"665987a\" data-element_type=\"widget\" data-settings=\"{&quot;image_spacing_custom&quot;:{&quot;unit&quot;:&quot;px&quot;,&quot;size&quot;:53,&quot;sizes&quot;:[]},&quot;navigation&quot;:&quot;arrows&quot;,&quot;autoplay&quot;:&quot;yes&quot;,&quot;pause_on_hover&quot;:&quot;yes&quot;,&quot;pause_on_interaction&quot;:&quot;yes&quot;,&quot;autoplay_speed&quot;:5000,&quot;infinite&quot;:&quot;yes&quot;,&quot;speed&quot;:500,&quot;image_spacing_custom_tablet&quot;:{&quot;unit&quot;:&quot;px&quot;,&quot;size&quot;:&quot;&quot;,&quot;sizes&quot;:[]},&quot;image_spacing_custom_mobile&quot;:{&quot;unit&quot;:&quot;px&quot;,&quot;size&quot;:&quot;&quot;,&quot;sizes&quot;:[]}}\" data-widget_type=\"image-carousel.default\">\n\t\t\t\t<div class=\"elementor-widget-container\">\n\t\t\t\t\t\t\t<div class=\"elementor-image-carousel-wrapper swiper\" role=\"region\" aria-roledescription=\"carousel\" aria-label=\"Carrousel d\u2019images\" dir=\"ltr\">\n\t\t\t<div class=\"elementor-image-carousel swiper-wrapper\" aria-live=\"off\">\n\t\t\t\t\t\t\t\t<div class=\"swiper-slide\" role=\"group\" aria-roledescription=\"slide\" aria-label=\"1 sur 5\"><figure class=\"swiper-slide-inner\"><img decoding=\"async\" class=\"swiper-slide-image\" src=\"https:\/\/stage.acmnn.fr\/wordpress\/wp-content\/uploads\/2025\/05\/Capture-decran-2025-05-12-152321.png\" alt=\"Capture d\u2019\u00e9cran 2025-05-12 152321\" \/><\/figure><\/div><div class=\"swiper-slide\" role=\"group\" aria-roledescription=\"slide\" aria-label=\"2 sur 5\"><figure class=\"swiper-slide-inner\"><img decoding=\"async\" class=\"swiper-slide-image\" src=\"https:\/\/stage.acmnn.fr\/wordpress\/wp-content\/uploads\/2025\/05\/ma-bibliotheque-.png\" alt=\"ma biblioth\u00e8que\" \/><\/figure><\/div><div class=\"swiper-slide\" role=\"group\" aria-roledescription=\"slide\" aria-label=\"3 sur 5\"><figure class=\"swiper-slide-inner\"><img decoding=\"async\" class=\"swiper-slide-image\" src=\"https:\/\/stage.acmnn.fr\/wordpress\/wp-content\/uploads\/2025\/05\/region-pqys-de-lq-loire.png\" alt=\"region pqys de lq loire\" \/><\/figure><\/div><div class=\"swiper-slide\" role=\"group\" aria-roledescription=\"slide\" aria-label=\"4 sur 5\"><figure class=\"swiper-slide-inner\"><img decoding=\"async\" class=\"swiper-slide-image\" src=\"https:\/\/stage.acmnn.fr\/wordpress\/wp-content\/uploads\/2025\/05\/vipp.png\" alt=\"vipp\" \/><\/figure><\/div><div class=\"swiper-slide\" role=\"group\" aria-roledescription=\"slide\" aria-label=\"5 sur 5\"><figure class=\"swiper-slide-inner\"><img decoding=\"async\" class=\"swiper-slide-image\" src=\"https:\/\/stage.acmnn.fr\/wordpress\/wp-content\/uploads\/2025\/05\/cosmopolis.png\" alt=\"cosmopolis\" \/><\/figure><\/div>\t\t\t<\/div>\n\t\t\t\t\t\t\t\t\t\t\t\t<div class=\"elementor-swiper-button elementor-swiper-button-prev\" role=\"button\" tabindex=\"0\">\n\t\t\t\t\t\t<svg aria-hidden=\"true\" class=\"e-font-icon-svg e-fas-chevron-left\" viewBox=\"0 0 320 512\" xmlns=\"http:\/\/www.w3.org\/2000\/svg\"><path d=\"M34.52 239.03L228.87 44.69c9.37-9.37 24.57-9.37 33.94 0l22.67 22.67c9.36 9.36 9.37 24.52.04 33.9L131.49 256l154.02 154.75c9.34 9.38 9.32 24.54-.04 33.9l-22.67 22.67c-9.37 9.37-24.57 9.37-33.94 0L34.52 272.97c-9.37-9.37-9.37-24.57 0-33.94z\"><\/path><\/svg>\t\t\t\t\t<\/div>\n\t\t\t\t\t<div class=\"elementor-swiper-button elementor-swiper-button-next\" role=\"button\" tabindex=\"0\">\n\t\t\t\t\t\t<svg aria-hidden=\"true\" class=\"e-font-icon-svg e-eicon-chevron-right\" viewBox=\"0 0 1000 1000\" xmlns=\"http:\/\/www.w3.org\/2000\/svg\"><path d=\"M696 533C708 521 713 504 713 487 713 471 708 454 696 446L400 146C388 133 375 125 354 125 338 125 325 129 313 142 300 154 292 171 292 187 292 204 296 221 308 233L563 492 304 771C292 783 288 800 288 817 288 833 296 850 308 863 321 871 338 875 354 875 371 875 388 867 400 854L696 533Z\"><\/path><\/svg>\t\t\t\t\t<\/div>\n\t\t\t\t\n\t\t\t\t\t\t\t\t\t<\/div>\n\t\t\t\t\t\t<\/div>\n\t\t\t\t<\/div>\n\t\t\t\t<\/div>\n\t\t<div class=\"elementor-element elementor-element-df759ab e-con-full e-flex e-con e-parent\" data-id=\"df759ab\" data-element_type=\"container\">\n\t\t\t\t<div class=\"elementor-element elementor-element-7041d0b elementor-arrows-position-inside elementor-widget elementor-widget-image-carousel\" data-id=\"7041d0b\" data-element_type=\"widget\" data-settings=\"{&quot;navigation&quot;:&quot;arrows&quot;,&quot;autoplay&quot;:&quot;yes&quot;,&quot;pause_on_hover&quot;:&quot;yes&quot;,&quot;pause_on_interaction&quot;:&quot;yes&quot;,&quot;autoplay_speed&quot;:5000,&quot;infinite&quot;:&quot;yes&quot;,&quot;speed&quot;:500}\" data-widget_type=\"image-carousel.default\">\n\t\t\t\t<div class=\"elementor-widget-container\">\n\t\t\t\t\t\t\t<div class=\"elementor-image-carousel-wrapper swiper\" role=\"region\" aria-roledescription=\"carousel\" aria-label=\"Carrousel d\u2019images\" dir=\"ltr\">\n\t\t\t<div class=\"elementor-image-carousel swiper-wrapper\" aria-live=\"off\">\n\t\t\t\t\t\t\t\t<div class=\"swiper-slide\" role=\"group\" aria-roledescription=\"slide\" aria-label=\"1 sur 3\"><figure class=\"swiper-slide-inner\"><img decoding=\"async\" class=\"swiper-slide-image\" src=\"https:\/\/stage.acmnn.fr\/wordpress\/wp-content\/uploads\/2025\/05\/prefet--150x150.png\" alt=\"prefet\" \/><\/figure><\/div><div class=\"swiper-slide\" role=\"group\" aria-roledescription=\"slide\" aria-label=\"2 sur 3\"><figure class=\"swiper-slide-inner\"><img decoding=\"async\" class=\"swiper-slide-image\" src=\"https:\/\/stage.acmnn.fr\/wordpress\/wp-content\/uploads\/2025\/05\/paq-lune-150x150.png\" alt=\"paq lune\" \/><\/figure><\/div><div class=\"swiper-slide\" role=\"group\" aria-roledescription=\"slide\" aria-label=\"3 sur 3\"><figure class=\"swiper-slide-inner\"><img decoding=\"async\" class=\"swiper-slide-image\" src=\"https:\/\/stage.acmnn.fr\/wordpress\/wp-content\/uploads\/2025\/05\/aloc-150x150.png\" alt=\"aloc\" \/><\/figure><\/div>\t\t\t<\/div>\n\t\t\t\t\t\t\t\t\t\t\t\t<div class=\"elementor-swiper-button elementor-swiper-button-prev\" role=\"button\" tabindex=\"0\">\n\t\t\t\t\t\t<svg aria-hidden=\"true\" class=\"e-font-icon-svg e-eicon-chevron-left\" viewBox=\"0 0 1000 1000\" xmlns=\"http:\/\/www.w3.org\/2000\/svg\"><path d=\"M646 125C629 125 613 133 604 142L308 442C296 454 292 471 292 487 292 504 296 521 308 533L604 854C617 867 629 875 646 875 663 875 679 871 692 858 704 846 713 829 713 812 713 796 708 779 692 767L438 487 692 225C700 217 708 204 708 187 708 171 704 154 692 142 675 129 663 125 646 125Z\"><\/path><\/svg>\t\t\t\t\t<\/div>\n\t\t\t\t\t<div class=\"elementor-swiper-button elementor-swiper-button-next\" role=\"button\" tabindex=\"0\">\n\t\t\t\t\t\t<svg aria-hidden=\"true\" class=\"e-font-icon-svg e-eicon-chevron-right\" viewBox=\"0 0 1000 1000\" xmlns=\"http:\/\/www.w3.org\/2000\/svg\"><path d=\"M696 533C708 521 713 504 713 487 713 471 708 454 696 446L400 146C388 133 375 125 354 125 338 125 325 129 313 142 300 154 292 171 292 187 292 204 296 221 308 233L563 492 304 771C292 783 288 800 288 817 288 833 296 850 308 863 321 871 338 875 354 875 371 875 388 867 400 854L696 533Z\"><\/path><\/svg>\t\t\t\t\t<\/div>\n\t\t\t\t\n\t\t\t\t\t\t\t\t\t<\/div>\n\t\t\t\t\t\t<\/div>\n\t\t\t\t<\/div>\n\t\t\t\t<\/div>\n\t\t\t\t<\/div>\n\t\t","protected":false},"excerpt":{"rendered":"<p>Nos partenaires Nos partenaires jouent un r\u00f4le essentiel dans la r\u00e9alisation de nos projets. Gr\u00e2ce \u00e0 leur soutien pr\u00e9cieux, nous [&hellip;]<\/p>\n","protected":false},"author":1,"featured_media":0,"parent":0,"menu_order":0,"comment_status":"closed","ping_status":"closed","template":"","meta":{"site-sidebar-layout":"no-sidebar","site-content-layout":"","ast-site-content-layout":"full-width-container","site-content-style":"default","site-sidebar-style":"default","ast-global-header-display":"","ast-banner-title-visibility":"","ast-main-header-display":"","ast-hfb-above-header-display":"","ast-hfb-below-header-display":"","ast-hfb-mobile-header-display":"","site-post-title":"disabled","ast-breadcrumbs-content":"","ast-featured-img":"disabled","footer-sml-layout":"","theme-transparent-header-meta":"","adv-header-id-meta":"","stick-header-meta":"","header-above-stick-meta":"","header-main-stick-meta":"","header-below-stick-meta":"","astra-migrate-meta-layouts":"default","ast-page-background-enabled":"default","ast-page-background-meta":{"desktop":{"background-color":"var(--ast-global-color-5)","background-image":"","background-repeat":"repeat","background-position":"center center","background-size":"auto","background-attachment":"scroll","background-type":"","background-media":"","overlay-type":"","overlay-color":"","overlay-opacity":"","overlay-gradient":""},"tablet":{"background-color":"","background-image":"","background-repeat":"repeat","background-position":"center center","background-size":"auto","background-attachment":"scroll","background-type":"","background-media":"","overlay-type":"","overlay-color":"","overlay-opacity":"","overlay-gradient":""},"mobile":{"background-color":"","background-image":"","background-repeat":"repeat","background-position":"center center","background-size":"auto","background-attachment":"scroll","background-type":"","background-media":"","overlay-type":"","overlay-color":"","overlay-opacity":"","overlay-gradient":""}},"ast-content-background-meta":{"desktop":{"background-color":"var(--ast-global-color-4)","background-image":"","background-repeat":"repeat","background-position":"center center","background-size":"auto","background-attachment":"scroll","background-type":"","background-media":"","overlay-type":"","overlay-color":"","overlay-opacity":"","overlay-gradient":""},"tablet":{"background-color":"var(--ast-global-color-4)","background-image":"","background-repeat":"repeat","background-position":"center center","background-size":"auto","background-attachment":"scroll","background-type":"","background-media":"","overlay-type":"","overlay-color":"","overlay-opacity":"","overlay-gradient":""},"mobile":{"background-color":"var(--ast-global-color-4)","background-image":"","background-repeat":"repeat","background-position":"center center","background-size":"auto","background-attachment":"scroll","background-type":"","background-media":"","overlay-type":"","overlay-color":"","overlay-opacity":"","overlay-gradient":""}},"footnotes":""},"class_list":["post-992","page","type-page","status-publish","hentry"],"yoast_head":"<!-- This site is optimized with the Yoast SEO plugin v24.7 - https:\/\/yoast.com\/wordpress\/plugins\/seo\/ -->\n<title>Nos partenaires -<\/title>\n<meta name=\"description\" content=\"Projets partag\u00e9s , intervenants, initiative commune, coop\u00e9ration associative, r\u00e9seau solidaire, soutien municipal, Alliances associatives ,financement associatif, aides publiques, acteurs locaux, Soutien ville de Nantes, subvention CAF, collaboration Cosmopolis,m\u00e9diath\u00e8que Luce Courville, Conseil R\u00e9gional , pr\u00e9fecture Pays de la Loire, association PaQ\u2019la Lune, partenariat Vlipp, r\u00e9seau associatif Nantes, appui collectivit\u00e9s, soutien projets solidaires, d\u00e9veloppement locale, accompagnement territorial, partenariat jeunesse, alli\u00e9s engag\u00e9s, structures subventionn\u00e9es, collaboration m\u00e9diath\u00e8que, coop\u00e9ration citoyenne, Nantes Nord.\" \/>\n<meta name=\"robots\" content=\"index, follow, max-snippet:-1, max-image-preview:large, max-video-preview:-1\" \/>\n<link rel=\"canonical\" href=\"https:\/\/stage.acmnn.fr\/wordpress\/nos-partenaires\/\" \/>\n<meta property=\"og:locale\" content=\"fr_FR\" \/>\n<meta property=\"og:type\" content=\"article\" \/>\n<meta property=\"og:title\" content=\"Nos partenaires -\" \/>\n<meta property=\"og:description\" content=\"Projets partag\u00e9s , intervenants, initiative commune, coop\u00e9ration associative, r\u00e9seau solidaire, soutien municipal, Alliances associatives ,financement associatif, aides publiques, acteurs locaux, Soutien ville de Nantes, subvention CAF, collaboration Cosmopolis,m\u00e9diath\u00e8que Luce Courville, Conseil R\u00e9gional , pr\u00e9fecture Pays de la Loire, association PaQ\u2019la Lune, partenariat Vlipp, r\u00e9seau associatif Nantes, appui collectivit\u00e9s, soutien projets solidaires, d\u00e9veloppement locale, accompagnement territorial, partenariat jeunesse, alli\u00e9s engag\u00e9s, structures subventionn\u00e9es, collaboration m\u00e9diath\u00e8que, coop\u00e9ration citoyenne, Nantes Nord.\" \/>\n<meta property=\"og:url\" content=\"https:\/\/stage.acmnn.fr\/wordpress\/nos-partenaires\/\" \/>\n<meta property=\"article:modified_time\" content=\"2025-05-14T10:00:12+00:00\" \/>\n<meta property=\"og:image\" content=\"https:\/\/stage.acmnn.fr\/wordpress\/wp-content\/uploads\/2025\/05\/Capture-decran-2025-05-12-152321.png\" \/>\n<meta name=\"twitter:card\" content=\"summary_large_image\" \/>\n<meta name=\"twitter:label1\" content=\"Dur\u00e9e de lecture estim\u00e9e\" \/>\n\t<meta name=\"twitter:data1\" content=\"3 minutes\" \/>\n<script type=\"application\/ld+json\" class=\"yoast-schema-graph\">{\"@context\":\"https:\/\/schema.org\",\"@graph\":[{\"@type\":\"WebPage\",\"@id\":\"https:\/\/stage.acmnn.fr\/wordpress\/nos-partenaires\/\",\"url\":\"https:\/\/stage.acmnn.fr\/wordpress\/nos-partenaires\/\",\"name\":\"Nos partenaires -\",\"isPartOf\":{\"@id\":\"https:\/\/stage.acmnn.fr\/wordpress\/#website\"},\"primaryImageOfPage\":{\"@id\":\"https:\/\/stage.acmnn.fr\/wordpress\/nos-partenaires\/#primaryimage\"},\"image\":{\"@id\":\"https:\/\/stage.acmnn.fr\/wordpress\/nos-partenaires\/#primaryimage\"},\"thumbnailUrl\":\"https:\/\/stage.acmnn.fr\/wordpress\/wp-content\/uploads\/2025\/05\/Capture-decran-2025-05-12-152321.png\",\"datePublished\":\"2025-05-02T19:02:28+00:00\",\"dateModified\":\"2025-05-14T10:00:12+00:00\",\"description\":\"Projets partag\u00e9s , intervenants, initiative commune, coop\u00e9ration associative, r\u00e9seau solidaire, soutien municipal, Alliances associatives ,financement associatif, aides publiques, acteurs locaux, Soutien ville de Nantes, subvention CAF, collaboration Cosmopolis,m\u00e9diath\u00e8que Luce Courville, Conseil R\u00e9gional , pr\u00e9fecture Pays de la Loire, association PaQ\u2019la Lune, partenariat Vlipp, r\u00e9seau associatif Nantes, appui collectivit\u00e9s, soutien projets solidaires, d\u00e9veloppement locale, accompagnement territorial, partenariat jeunesse, alli\u00e9s engag\u00e9s, structures subventionn\u00e9es, collaboration m\u00e9diath\u00e8que, coop\u00e9ration citoyenne, Nantes Nord.\",\"breadcrumb\":{\"@id\":\"https:\/\/stage.acmnn.fr\/wordpress\/nos-partenaires\/#breadcrumb\"},\"inLanguage\":\"fr-FR\",\"potentialAction\":[{\"@type\":\"ReadAction\",\"target\":[\"https:\/\/stage.acmnn.fr\/wordpress\/nos-partenaires\/\"]}]},{\"@type\":\"ImageObject\",\"inLanguage\":\"fr-FR\",\"@id\":\"https:\/\/stage.acmnn.fr\/wordpress\/nos-partenaires\/#primaryimage\",\"url\":\"https:\/\/stage.acmnn.fr\/wordpress\/wp-content\/uploads\/2025\/05\/Capture-decran-2025-05-12-152321.png\",\"contentUrl\":\"https:\/\/stage.acmnn.fr\/wordpress\/wp-content\/uploads\/2025\/05\/Capture-decran-2025-05-12-152321.png\",\"width\":391,\"height\":145},{\"@type\":\"BreadcrumbList\",\"@id\":\"https:\/\/stage.acmnn.fr\/wordpress\/nos-partenaires\/#breadcrumb\",\"itemListElement\":[{\"@type\":\"ListItem\",\"position\":1,\"name\":\"Accueil\",\"item\":\"https:\/\/stage.acmnn.fr\/wordpress\/\"},{\"@type\":\"ListItem\",\"position\":2,\"name\":\"Nos partenaires\"}]},{\"@type\":\"WebSite\",\"@id\":\"https:\/\/stage.acmnn.fr\/wordpress\/#website\",\"url\":\"https:\/\/stage.acmnn.fr\/wordpress\/\",\"name\":\"\",\"description\":\"Association culturelle\",\"potentialAction\":[{\"@type\":\"SearchAction\",\"target\":{\"@type\":\"EntryPoint\",\"urlTemplate\":\"https:\/\/stage.acmnn.fr\/wordpress\/?s={search_term_string}\"},\"query-input\":{\"@type\":\"PropertyValueSpecification\",\"valueRequired\":true,\"valueName\":\"search_term_string\"}}],\"inLanguage\":\"fr-FR\"}]}<\/script>\n<!-- \/ Yoast SEO plugin. -->","yoast_head_json":{"title":"Nos partenaires -","description":"Projets partag\u00e9s , intervenants, initiative commune, coop\u00e9ration associative, r\u00e9seau solidaire, soutien municipal, Alliances associatives ,financement associatif, aides publiques, acteurs locaux, Soutien ville de Nantes, subvention CAF, collaboration Cosmopolis,m\u00e9diath\u00e8que Luce Courville, Conseil R\u00e9gional , pr\u00e9fecture Pays de la Loire, association PaQ\u2019la Lune, partenariat Vlipp, r\u00e9seau associatif Nantes, appui collectivit\u00e9s, soutien projets solidaires, d\u00e9veloppement locale, accompagnement territorial, partenariat jeunesse, alli\u00e9s engag\u00e9s, structures subventionn\u00e9es, collaboration m\u00e9diath\u00e8que, coop\u00e9ration citoyenne, Nantes Nord.","robots":{"index":"index","follow":"follow","max-snippet":"max-snippet:-1","max-image-preview":"max-image-preview:large","max-video-preview":"max-video-preview:-1"},"canonical":"https:\/\/stage.acmnn.fr\/wordpress\/nos-partenaires\/","og_locale":"fr_FR","og_type":"article","og_title":"Nos partenaires -","og_description":"Projets partag\u00e9s , intervenants, initiative commune, coop\u00e9ration associative, r\u00e9seau solidaire, soutien municipal, Alliances associatives ,financement associatif, aides publiques, acteurs locaux, Soutien ville de Nantes, subvention CAF, collaboration Cosmopolis,m\u00e9diath\u00e8que Luce Courville, Conseil R\u00e9gional , pr\u00e9fecture Pays de la Loire, association PaQ\u2019la Lune, partenariat Vlipp, r\u00e9seau associatif Nantes, appui collectivit\u00e9s, soutien projets solidaires, d\u00e9veloppement locale, accompagnement territorial, partenariat jeunesse, alli\u00e9s engag\u00e9s, structures subventionn\u00e9es, collaboration m\u00e9diath\u00e8que, coop\u00e9ration citoyenne, Nantes Nord.","og_url":"https:\/\/stage.acmnn.fr\/wordpress\/nos-partenaires\/","article_modified_time":"2025-05-14T10:00:12+00:00","og_image":[{"url":"https:\/\/stage.acmnn.fr\/wordpress\/wp-content\/uploads\/2025\/05\/Capture-decran-2025-05-12-152321.png","type":"","width":"","height":""}],"twitter_card":"summary_large_image","twitter_misc":{"Dur\u00e9e de lecture estim\u00e9e":"3 minutes"},"schema":{"@context":"https:\/\/schema.org","@graph":[{"@type":"WebPage","@id":"https:\/\/stage.acmnn.fr\/wordpress\/nos-partenaires\/","url":"https:\/\/stage.acmnn.fr\/wordpress\/nos-partenaires\/","name":"Nos partenaires -","isPartOf":{"@id":"https:\/\/stage.acmnn.fr\/wordpress\/#website"},"primaryImageOfPage":{"@id":"https:\/\/stage.acmnn.fr\/wordpress\/nos-partenaires\/#primaryimage"},"image":{"@id":"https:\/\/stage.acmnn.fr\/wordpress\/nos-partenaires\/#primaryimage"},"thumbnailUrl":"https:\/\/stage.acmnn.fr\/wordpress\/wp-content\/uploads\/2025\/05\/Capture-decran-2025-05-12-152321.png","datePublished":"2025-05-02T19:02:28+00:00","dateModified":"2025-05-14T10:00:12+00:00","description":"Projets partag\u00e9s , intervenants, initiative commune, coop\u00e9ration associative, r\u00e9seau solidaire, soutien municipal, Alliances associatives ,financement associatif, aides publiques, acteurs locaux, Soutien ville de Nantes, subvention CAF, collaboration Cosmopolis,m\u00e9diath\u00e8que Luce Courville, Conseil R\u00e9gional , pr\u00e9fecture Pays de la Loire, association PaQ\u2019la Lune, partenariat Vlipp, r\u00e9seau associatif Nantes, appui collectivit\u00e9s, soutien projets solidaires, d\u00e9veloppement locale, accompagnement territorial, partenariat jeunesse, alli\u00e9s engag\u00e9s, structures subventionn\u00e9es, collaboration m\u00e9diath\u00e8que, coop\u00e9ration citoyenne, Nantes Nord.","breadcrumb":{"@id":"https:\/\/stage.acmnn.fr\/wordpress\/nos-partenaires\/#breadcrumb"},"inLanguage":"fr-FR","potentialAction":[{"@type":"ReadAction","target":["https:\/\/stage.acmnn.fr\/wordpress\/nos-partenaires\/"]}]},{"@type":"ImageObject","inLanguage":"fr-FR","@id":"https:\/\/stage.acmnn.fr\/wordpress\/nos-partenaires\/#primaryimage","url":"https:\/\/stage.acmnn.fr\/wordpress\/wp-content\/uploads\/2025\/05\/Capture-decran-2025-05-12-152321.png","contentUrl":"https:\/\/stage.acmnn.fr\/wordpress\/wp-content\/uploads\/2025\/05\/Capture-decran-2025-05-12-152321.png","width":391,"height":145},{"@type":"BreadcrumbList","@id":"https:\/\/stage.acmnn.fr\/wordpress\/nos-partenaires\/#breadcrumb","itemListElement":[{"@type":"ListItem","position":1,"name":"Accueil","item":"https:\/\/stage.acmnn.fr\/wordpress\/"},{"@type":"ListItem","position":2,"name":"Nos partenaires"}]},{"@type":"WebSite","@id":"https:\/\/stage.acmnn.fr\/wordpress\/#website","url":"https:\/\/stage.acmnn.fr\/wordpress\/","name":"","description":"Association culturelle","potentialAction":[{"@type":"SearchAction","target":{"@type":"EntryPoint","urlTemplate":"https:\/\/stage.acmnn.fr\/wordpress\/?s={search_term_string}"},"query-input":{"@type":"PropertyValueSpecification","valueRequired":true,"valueName":"search_term_string"}}],"inLanguage":"fr-FR"}]}},"_links":{"self":[{"href":"https:\/\/stage.acmnn.fr\/wordpress\/wp-json\/wp\/v2\/pages\/992","targetHints":{"allow":["GET"]}}],"collection":[{"href":"https:\/\/stage.acmnn.fr\/wordpress\/wp-json\/wp\/v2\/pages"}],"about":[{"href":"https:\/\/stage.acmnn.fr\/wordpress\/wp-json\/wp\/v2\/types\/page"}],"author":[{"embeddable":true,"href":"https:\/\/stage.acmnn.fr\/wordpress\/wp-json\/wp\/v2\/users\/1"}],"replies":[{"embeddable":true,"href":"https:\/\/stage.acmnn.fr\/wordpress\/wp-json\/wp\/v2\/comments?post=992"}],"version-history":[{"count":31,"href":"https:\/\/stage.acmnn.fr\/wordpress\/wp-json\/wp\/v2\/pages\/992\/revisions"}],"predecessor-version":[{"id":1173,"href":"https:\/\/stage.acmnn.fr\/wordpress\/wp-json\/wp\/v2\/pages\/992\/revisions\/1173"}],"wp:attachment":[{"href":"https:\/\/stage.acmnn.fr\/wordpress\/wp-json\/wp\/v2\/media?parent=992"}],"curies":[{"name":"wp","href":"https:\/\/api.w.org\/{rel}","templated":true}]}}