{"id":67,"date":"2025-03-27T16:15:40","date_gmt":"2025-03-27T15:15:40","guid":{"rendered":"https:\/\/stage.acmnn.fr\/wordpress\/?page_id=67"},"modified":"2025-05-12T17:34:01","modified_gmt":"2025-05-12T15:34:01","slug":"programmes-linguistiques","status":"publish","type":"page","link":"https:\/\/stage.acmnn.fr\/wordpress\/programmes-linguistiques\/","title":{"rendered":"Programmes linguistiques"},"content":{"rendered":"\t\t<div data-elementor-type=\"wp-page\" data-elementor-id=\"67\" class=\"elementor elementor-67\">\n\t\t\t\t<div class=\"elementor-element elementor-element-a15fab6 e-con-full e-flex e-con e-parent\" data-id=\"a15fab6\" data-element_type=\"container\">\n\t\t\t\t<div class=\"elementor-element elementor-element-36c3de9 elementor-widget-mobile__width-initial elementor-widget elementor-widget-heading\" data-id=\"36c3de9\" data-element_type=\"widget\" data-widget_type=\"heading.default\">\n\t\t\t\t<div class=\"elementor-widget-container\">\n\t\t\t\t\t<h2 class=\"elementor-heading-title elementor-size-default\">Programme linguistique <\/h2>\t\t\t\t<\/div>\n\t\t\t\t<\/div>\n\t\t\t\t<\/div>\n\t\t<div class=\"elementor-element elementor-element-685f959 e-con-full e-flex e-con e-parent\" data-id=\"685f959\" data-element_type=\"container\">\n\t\t\t\t<div class=\"elementor-element elementor-element-2bdf854 elementor-widget-mobile__width-initial elementor-widget elementor-widget-text-editor\" data-id=\"2bdf854\" data-element_type=\"widget\" data-widget_type=\"text-editor.default\">\n\t\t\t\t<div class=\"elementor-widget-container\">\n\t\t\t\t\t\t\t\t\t<section id=\"content1-1k\" class=\"mbr-section article mbr-section__container\">\n<div class=\"container\">\n<div class=\"row\">\n<div class=\"col-xs-12 lead\">\n<p>L\u2019objectif de cette activit\u00e9 est l\u2019apprentissage du fran\u00e7ais pour faciliter le quotidien. Elle s\u2019adresse \u00e0 tous. Men\u00e9e par des salari\u00e9s et b\u00e9n\u00e9voles de l\u2019association, cette action se d\u00e9roule deux \u00e0 trois fois par semaine au 6 rue Samuel de Champlain. Les cours sont gratuits, et la participation varie selon le niveau et la disponibilit\u00e9 des apprenants .<\/p>\n<\/div>\n<\/div>\n<\/div>\n<\/section>\n<section id=\"msg-box3-q\" class=\"mbr-section article\"><\/section>\t\t\t\t\t\t\t\t<\/div>\n\t\t\t\t<\/div>\n\t\t\t\t<\/div>\n\t\t<div class=\"elementor-element elementor-element-e11961e e-con-full e-flex e-con e-parent\" data-id=\"e11961e\" data-element_type=\"container\">\n\t\t\t\t<div class=\"elementor-element elementor-element-6b99c07 elementor-widget elementor-widget-text-editor\" data-id=\"6b99c07\" data-element_type=\"widget\" data-widget_type=\"text-editor.default\">\n\t\t\t\t<div class=\"elementor-widget-container\">\n\t\t\t\t\t\t\t\t\t<p class=\"\" data-start=\"93\" data-end=\"630\"><strong data-start=\"93\" data-end=\"137\">Cours de Fran\u00e7ais Langue \u00c9trang\u00e8re (FLE)<\/strong><br data-start=\"137\" data-end=\"140\" \/>Offerts gratuitement, nos cours de Fran\u00e7ais Langue \u00c9trang\u00e8re (FLE) sont con\u00e7us pour les non-francophones souhaitant am\u00e9liorer leur ma\u00eetrise de la langue. Nos enseignants qualifi\u00e9s accompagnent les participants \u00e0 travers des le\u00e7ons interactives, adapt\u00e9es \u00e0 chaque niveau, pour d\u00e9velopper les comp\u00e9tences en compr\u00e9hension orale, \u00e9crite, et expression. Ces cours sont accessibles \u00e0 tous et permettent \u00e0 chacun de s&rsquo;int\u00e9grer plus facilement dans la vie quotidienne et professionnelle en France.<\/p>\n<p><!-- \/wp:paragraph --><!-- wp:paragraph --><\/p>\n<p><!-- \/wp:paragraph --><\/p>\t\t\t\t\t\t\t\t<\/div>\n\t\t\t\t<\/div>\n\t\t\t\t<div class=\"elementor-element elementor-element-daf1dbf elementor-widget elementor-widget-text-editor\" data-id=\"daf1dbf\" data-element_type=\"widget\" data-widget_type=\"text-editor.default\">\n\t\t\t\t<div class=\"elementor-widget-container\">\n\t\t\t\t\t\t\t\t\t<p><!-- wp:paragraph --><\/p>\n<p><strong data-start=\"637\" data-end=\"667\">Cours d&rsquo;Arabe pour Enfants<\/strong><br data-start=\"667\" data-end=\"670\" \/>Nos cours d&rsquo;arabe pour enfants sont organis\u00e9s en 4 niveaux, permettant \u00e0 chaque enfant de progresser \u00e0 son rythme. Les le\u00e7ons sont structur\u00e9es autour de jeux \u00e9ducatifs et d&rsquo;activit\u00e9s interactives, visant \u00e0 d\u00e9velopper les comp\u00e9tences en vocabulaire, grammaire, et expression orale. Ces cours sont con\u00e7us pour initier les enfants \u00e0 la langue arabe de mani\u00e8re ludique et enrichissante, tout en favorisant une bonne compr\u00e9hension de la culture arabe.<\/p>\n<p><!-- \/wp:paragraph --><!-- wp:paragraph --><\/p>\n<p><!-- \/wp:paragraph --><\/p>\t\t\t\t\t\t\t\t<\/div>\n\t\t\t\t<\/div>\n\t\t\t\t<\/div>\n\t\t<div class=\"elementor-element elementor-element-33aa18c e-grid e-con-boxed e-con e-parent\" data-id=\"33aa18c\" data-element_type=\"container\">\n\t\t\t\t\t<div class=\"e-con-inner\">\n\t\t\t\t<div class=\"elementor-element elementor-element-5e91cac elementor-button-info elementor-widget elementor-widget-button\" data-id=\"5e91cac\" data-element_type=\"widget\" data-widget_type=\"button.default\">\n\t\t\t\t<div class=\"elementor-widget-container\">\n\t\t\t\t\t\t\t\t\t<div class=\"elementor-button-wrapper\">\n\t\t\t\t\t<a class=\"elementor-button elementor-button-link elementor-size-sm\" href=\"https:\/\/docs.google.com\/forms\/d\/e\/1FAIpQLSfPW9dROtQXa7qdjHebksZkABtZw_MCfHoLVdoC7eNsmUcpNw\/viewform?usp=header\" target=\"_blank\">\n\t\t\t\t\t\t<span class=\"elementor-button-content-wrapper\">\n\t\t\t\t\t\t\t\t\t<span class=\"elementor-button-text\">Inscription FLE<\/span>\n\t\t\t\t\t<\/span>\n\t\t\t\t\t<\/a>\n\t\t\t\t<\/div>\n\t\t\t\t\t\t\t\t<\/div>\n\t\t\t\t<\/div>\n\t\t\t\t<div class=\"elementor-element elementor-element-3a9f9a7 elementor-widget elementor-widget-button\" data-id=\"3a9f9a7\" data-element_type=\"widget\" data-widget_type=\"button.default\">\n\t\t\t\t<div class=\"elementor-widget-container\">\n\t\t\t\t\t\t\t\t\t<div class=\"elementor-button-wrapper\">\n\t\t\t\t\t<a class=\"elementor-button elementor-button-link elementor-size-sm\" href=\"https:\/\/forms.gle\/TRs4UbMPNdU9iJS99\" target=\"_blank\">\n\t\t\t\t\t\t<span class=\"elementor-button-content-wrapper\">\n\t\t\t\t\t\t\t\t\t<span class=\"elementor-button-text\">Inscription Arabe<\/span>\n\t\t\t\t\t<\/span>\n\t\t\t\t\t<\/a>\n\t\t\t\t<\/div>\n\t\t\t\t\t\t\t\t<\/div>\n\t\t\t\t<\/div>\n\t\t\t\t\t<\/div>\n\t\t\t\t<\/div>\n\t\t\t\t<\/div>\n\t\t","protected":false},"excerpt":{"rendered":"<p>Programme linguistique L\u2019objectif de cette activit\u00e9 est l\u2019apprentissage du fran\u00e7ais pour faciliter le quotidien. Elle s\u2019adresse \u00e0 tous. Men\u00e9e par [&hellip;]<\/p>\n","protected":false},"author":1,"featured_media":0,"parent":0,"menu_order":0,"comment_status":"closed","ping_status":"closed","template":"","meta":{"site-sidebar-layout":"no-sidebar","site-content-layout":"","ast-site-content-layout":"","site-content-style":"default","site-sidebar-style":"default","ast-global-header-display":"","ast-banner-title-visibility":"","ast-main-header-display":"","ast-hfb-above-header-display":"","ast-hfb-below-header-display":"","ast-hfb-mobile-header-display":"","site-post-title":"disabled","ast-breadcrumbs-content":"","ast-featured-img":"disabled","footer-sml-layout":"","theme-transparent-header-meta":"","adv-header-id-meta":"","stick-header-meta":"","header-above-stick-meta":"","header-main-stick-meta":"","header-below-stick-meta":"","astra-migrate-meta-layouts":"default","ast-page-background-enabled":"default","ast-page-background-meta":{"desktop":{"background-color":"var(--ast-global-color-5)","background-image":"","background-repeat":"repeat","background-position":"center center","background-size":"auto","background-attachment":"scroll","background-type":"","background-media":"","overlay-type":"","overlay-color":"","overlay-opacity":"","overlay-gradient":""},"tablet":{"background-color":"","background-image":"","background-repeat":"repeat","background-position":"center center","background-size":"auto","background-attachment":"scroll","background-type":"","background-media":"","overlay-type":"","overlay-color":"","overlay-opacity":"","overlay-gradient":""},"mobile":{"background-color":"","background-image":"","background-repeat":"repeat","background-position":"center center","background-size":"auto","background-attachment":"scroll","background-type":"","background-media":"","overlay-type":"","overlay-color":"","overlay-opacity":"","overlay-gradient":""}},"ast-content-background-meta":{"desktop":{"background-color":"var(--ast-global-color-4)","background-image":"","background-repeat":"repeat","background-position":"center center","background-size":"auto","background-attachment":"scroll","background-type":"","background-media":"","overlay-type":"","overlay-color":"","overlay-opacity":"","overlay-gradient":""},"tablet":{"background-color":"var(--ast-global-color-4)","background-image":"","background-repeat":"repeat","background-position":"center center","background-size":"auto","background-attachment":"scroll","background-type":"","background-media":"","overlay-type":"","overlay-color":"","overlay-opacity":"","overlay-gradient":""},"mobile":{"background-color":"var(--ast-global-color-4)","background-image":"","background-repeat":"repeat","background-position":"center center","background-size":"auto","background-attachment":"scroll","background-type":"","background-media":"","overlay-type":"","overlay-color":"","overlay-opacity":"","overlay-gradient":""}},"footnotes":""},"class_list":["post-67","page","type-page","status-publish","hentry"],"yoast_head":"<!-- This site is optimized with the Yoast SEO plugin v24.7 - https:\/\/yoast.com\/wordpress\/plugins\/seo\/ -->\n<title>Programmes linguistiques -<\/title>\n<meta name=\"description\" content=\"Eduction linguistique, Cours FLE, apprentissage du fran\u00e7ais, formation gratuite, espace conviviale , alphab\u00e9tisation adultes, int\u00e9gration linguistique, accompagnement, parler, \u00e9crire, \u00e9couter, langue, arabe , \u00e9veil linguistique, grammaire, vocabulaire, enseignement solidaire, cours adapt\u00e9s , cours interactifs, pratique de la langue, int\u00e9gration sociale, apprentissage en groupe , soutien, partage, \u00e9change , engagement associatif, entraide , enseignants b\u00e9n\u00e9voles, progr\u00e8s linguistique, Nantes, Nord, cours de Fran\u00e7ais Langue \u00c9trang\u00e8re (FLE), 6 rue Samuel de Champlain.\" \/>\n<meta name=\"robots\" content=\"index, follow, max-snippet:-1, max-image-preview:large, max-video-preview:-1\" \/>\n<link rel=\"canonical\" href=\"https:\/\/stage.acmnn.fr\/wordpress\/programmes-linguistiques\/\" \/>\n<meta property=\"og:locale\" content=\"fr_FR\" \/>\n<meta property=\"og:type\" content=\"article\" \/>\n<meta property=\"og:title\" content=\"Programmes linguistiques -\" \/>\n<meta property=\"og:description\" content=\"Eduction linguistique, Cours FLE, apprentissage du fran\u00e7ais, formation gratuite, espace conviviale , alphab\u00e9tisation adultes, int\u00e9gration linguistique, accompagnement, parler, \u00e9crire, \u00e9couter, langue, arabe , \u00e9veil linguistique, grammaire, vocabulaire, enseignement solidaire, cours adapt\u00e9s , cours interactifs, pratique de la langue, int\u00e9gration sociale, apprentissage en groupe , soutien, partage, \u00e9change , engagement associatif, entraide , enseignants b\u00e9n\u00e9voles, progr\u00e8s linguistique, Nantes, Nord, cours de Fran\u00e7ais Langue \u00c9trang\u00e8re (FLE), 6 rue Samuel de Champlain.\" \/>\n<meta property=\"og:url\" content=\"https:\/\/stage.acmnn.fr\/wordpress\/programmes-linguistiques\/\" \/>\n<meta property=\"article:modified_time\" content=\"2025-05-12T15:34:01+00:00\" \/>\n<meta name=\"twitter:card\" content=\"summary_large_image\" \/>\n<meta name=\"twitter:label1\" content=\"Dur\u00e9e de lecture estim\u00e9e\" \/>\n\t<meta name=\"twitter:data1\" content=\"2 minutes\" \/>\n<script type=\"application\/ld+json\" class=\"yoast-schema-graph\">{\"@context\":\"https:\/\/schema.org\",\"@graph\":[{\"@type\":\"WebPage\",\"@id\":\"https:\/\/stage.acmnn.fr\/wordpress\/programmes-linguistiques\/\",\"url\":\"https:\/\/stage.acmnn.fr\/wordpress\/programmes-linguistiques\/\",\"name\":\"Programmes linguistiques -\",\"isPartOf\":{\"@id\":\"https:\/\/stage.acmnn.fr\/wordpress\/#website\"},\"datePublished\":\"2025-03-27T15:15:40+00:00\",\"dateModified\":\"2025-05-12T15:34:01+00:00\",\"description\":\"Eduction linguistique, Cours FLE, apprentissage du fran\u00e7ais, formation gratuite, espace conviviale , alphab\u00e9tisation adultes, int\u00e9gration linguistique, accompagnement, parler, \u00e9crire, \u00e9couter, langue, arabe , \u00e9veil linguistique, grammaire, vocabulaire, enseignement solidaire, cours adapt\u00e9s , cours interactifs, pratique de la langue, int\u00e9gration sociale, apprentissage en groupe , soutien, partage, \u00e9change , engagement associatif, entraide , enseignants b\u00e9n\u00e9voles, progr\u00e8s linguistique, Nantes, Nord, cours de Fran\u00e7ais Langue \u00c9trang\u00e8re (FLE), 6 rue Samuel de Champlain.\",\"breadcrumb\":{\"@id\":\"https:\/\/stage.acmnn.fr\/wordpress\/programmes-linguistiques\/#breadcrumb\"},\"inLanguage\":\"fr-FR\",\"potentialAction\":[{\"@type\":\"ReadAction\",\"target\":[\"https:\/\/stage.acmnn.fr\/wordpress\/programmes-linguistiques\/\"]}]},{\"@type\":\"BreadcrumbList\",\"@id\":\"https:\/\/stage.acmnn.fr\/wordpress\/programmes-linguistiques\/#breadcrumb\",\"itemListElement\":[{\"@type\":\"ListItem\",\"position\":1,\"name\":\"Accueil\",\"item\":\"https:\/\/stage.acmnn.fr\/wordpress\/\"},{\"@type\":\"ListItem\",\"position\":2,\"name\":\"Programmes linguistiques\"}]},{\"@type\":\"WebSite\",\"@id\":\"https:\/\/stage.acmnn.fr\/wordpress\/#website\",\"url\":\"https:\/\/stage.acmnn.fr\/wordpress\/\",\"name\":\"\",\"description\":\"Association culturelle\",\"potentialAction\":[{\"@type\":\"SearchAction\",\"target\":{\"@type\":\"EntryPoint\",\"urlTemplate\":\"https:\/\/stage.acmnn.fr\/wordpress\/?s={search_term_string}\"},\"query-input\":{\"@type\":\"PropertyValueSpecification\",\"valueRequired\":true,\"valueName\":\"search_term_string\"}}],\"inLanguage\":\"fr-FR\"}]}<\/script>\n<!-- \/ Yoast SEO plugin. -->","yoast_head_json":{"title":"Programmes linguistiques -","description":"Eduction linguistique, Cours FLE, apprentissage du fran\u00e7ais, formation gratuite, espace conviviale , alphab\u00e9tisation adultes, int\u00e9gration linguistique, accompagnement, parler, \u00e9crire, \u00e9couter, langue, arabe , \u00e9veil linguistique, grammaire, vocabulaire, enseignement solidaire, cours adapt\u00e9s , cours interactifs, pratique de la langue, int\u00e9gration sociale, apprentissage en groupe , soutien, partage, \u00e9change , engagement associatif, entraide , enseignants b\u00e9n\u00e9voles, progr\u00e8s linguistique, Nantes, Nord, cours de Fran\u00e7ais Langue \u00c9trang\u00e8re (FLE), 6 rue Samuel de Champlain.","robots":{"index":"index","follow":"follow","max-snippet":"max-snippet:-1","max-image-preview":"max-image-preview:large","max-video-preview":"max-video-preview:-1"},"canonical":"https:\/\/stage.acmnn.fr\/wordpress\/programmes-linguistiques\/","og_locale":"fr_FR","og_type":"article","og_title":"Programmes linguistiques -","og_description":"Eduction linguistique, Cours FLE, apprentissage du fran\u00e7ais, formation gratuite, espace conviviale , alphab\u00e9tisation adultes, int\u00e9gration linguistique, accompagnement, parler, \u00e9crire, \u00e9couter, langue, arabe , \u00e9veil linguistique, grammaire, vocabulaire, enseignement solidaire, cours adapt\u00e9s , cours interactifs, pratique de la langue, int\u00e9gration sociale, apprentissage en groupe , soutien, partage, \u00e9change , engagement associatif, entraide , enseignants b\u00e9n\u00e9voles, progr\u00e8s linguistique, Nantes, Nord, cours de Fran\u00e7ais Langue \u00c9trang\u00e8re (FLE), 6 rue Samuel de Champlain.","og_url":"https:\/\/stage.acmnn.fr\/wordpress\/programmes-linguistiques\/","article_modified_time":"2025-05-12T15:34:01+00:00","twitter_card":"summary_large_image","twitter_misc":{"Dur\u00e9e de lecture estim\u00e9e":"2 minutes"},"schema":{"@context":"https:\/\/schema.org","@graph":[{"@type":"WebPage","@id":"https:\/\/stage.acmnn.fr\/wordpress\/programmes-linguistiques\/","url":"https:\/\/stage.acmnn.fr\/wordpress\/programmes-linguistiques\/","name":"Programmes linguistiques -","isPartOf":{"@id":"https:\/\/stage.acmnn.fr\/wordpress\/#website"},"datePublished":"2025-03-27T15:15:40+00:00","dateModified":"2025-05-12T15:34:01+00:00","description":"Eduction linguistique, Cours FLE, apprentissage du fran\u00e7ais, formation gratuite, espace conviviale , alphab\u00e9tisation adultes, int\u00e9gration linguistique, accompagnement, parler, \u00e9crire, \u00e9couter, langue, arabe , \u00e9veil linguistique, grammaire, vocabulaire, enseignement solidaire, cours adapt\u00e9s , cours interactifs, pratique de la langue, int\u00e9gration sociale, apprentissage en groupe , soutien, partage, \u00e9change , engagement associatif, entraide , enseignants b\u00e9n\u00e9voles, progr\u00e8s linguistique, Nantes, Nord, cours de Fran\u00e7ais Langue \u00c9trang\u00e8re (FLE), 6 rue Samuel de Champlain.","breadcrumb":{"@id":"https:\/\/stage.acmnn.fr\/wordpress\/programmes-linguistiques\/#breadcrumb"},"inLanguage":"fr-FR","potentialAction":[{"@type":"ReadAction","target":["https:\/\/stage.acmnn.fr\/wordpress\/programmes-linguistiques\/"]}]},{"@type":"BreadcrumbList","@id":"https:\/\/stage.acmnn.fr\/wordpress\/programmes-linguistiques\/#breadcrumb","itemListElement":[{"@type":"ListItem","position":1,"name":"Accueil","item":"https:\/\/stage.acmnn.fr\/wordpress\/"},{"@type":"ListItem","position":2,"name":"Programmes linguistiques"}]},{"@type":"WebSite","@id":"https:\/\/stage.acmnn.fr\/wordpress\/#website","url":"https:\/\/stage.acmnn.fr\/wordpress\/","name":"","description":"Association culturelle","potentialAction":[{"@type":"SearchAction","target":{"@type":"EntryPoint","urlTemplate":"https:\/\/stage.acmnn.fr\/wordpress\/?s={search_term_string}"},"query-input":{"@type":"PropertyValueSpecification","valueRequired":true,"valueName":"search_term_string"}}],"inLanguage":"fr-FR"}]}},"_links":{"self":[{"href":"https:\/\/stage.acmnn.fr\/wordpress\/wp-json\/wp\/v2\/pages\/67","targetHints":{"allow":["GET"]}}],"collection":[{"href":"https:\/\/stage.acmnn.fr\/wordpress\/wp-json\/wp\/v2\/pages"}],"about":[{"href":"https:\/\/stage.acmnn.fr\/wordpress\/wp-json\/wp\/v2\/types\/page"}],"author":[{"embeddable":true,"href":"https:\/\/stage.acmnn.fr\/wordpress\/wp-json\/wp\/v2\/users\/1"}],"replies":[{"embeddable":true,"href":"https:\/\/stage.acmnn.fr\/wordpress\/wp-json\/wp\/v2\/comments?post=67"}],"version-history":[{"count":45,"href":"https:\/\/stage.acmnn.fr\/wordpress\/wp-json\/wp\/v2\/pages\/67\/revisions"}],"predecessor-version":[{"id":1144,"href":"https:\/\/stage.acmnn.fr\/wordpress\/wp-json\/wp\/v2\/pages\/67\/revisions\/1144"}],"wp:attachment":[{"href":"https:\/\/stage.acmnn.fr\/wordpress\/wp-json\/wp\/v2\/media?parent=67"}],"curies":[{"name":"wp","href":"https:\/\/api.w.org\/{rel}","templated":true}]}}