{"id":64,"date":"2025-03-27T16:14:30","date_gmt":"2025-03-27T15:14:30","guid":{"rendered":"https:\/\/stage.acmnn.fr\/wordpress\/?page_id=64"},"modified":"2025-05-12T17:28:29","modified_gmt":"2025-05-12T15:28:29","slug":"activites","status":"publish","type":"page","link":"https:\/\/stage.acmnn.fr\/wordpress\/activites\/","title":{"rendered":"Activit\u00e9s"},"content":{"rendered":"\t\t<div data-elementor-type=\"wp-page\" data-elementor-id=\"64\" class=\"elementor elementor-64\">\n\t\t\t\t<div class=\"elementor-element elementor-element-c6b3a33 e-con-full e-flex e-con e-parent\" data-id=\"c6b3a33\" data-element_type=\"container\">\n\t\t\t\t<div class=\"elementor-element elementor-element-e083109 elementor-widget elementor-widget-heading\" data-id=\"e083109\" data-element_type=\"widget\" data-widget_type=\"heading.default\">\n\t\t\t\t<div class=\"elementor-widget-container\">\n\t\t\t\t\t<h2 class=\"elementor-heading-title elementor-size-default\">Activit\u00e9s<\/h2>\t\t\t\t<\/div>\n\t\t\t\t<\/div>\n\t\t\t\t<\/div>\n\t\t<div class=\"elementor-element elementor-element-a5a71be e-con-full e-flex e-con e-parent\" data-id=\"a5a71be\" data-element_type=\"container\">\n\t\t\t\t<div class=\"elementor-element elementor-element-37e4341 elementor-widget elementor-widget-text-editor\" data-id=\"37e4341\" data-element_type=\"widget\" data-widget_type=\"text-editor.default\">\n\t\t\t\t<div class=\"elementor-widget-container\">\n\t\t\t\t\t\t\t\t\t<p>Notre objectif est de redonner envie aux enfants et aux jeunes de s\u2019investir dans des activit\u00e9s manuelles, souvent d\u00e9valoris\u00e9es, et de favoriser la transmission de savoirs entre g\u00e9n\u00e9rations et communaut\u00e9s.<br data-start=\"315\" data-end=\"318\" \/>Ces ateliers rassemblent petits et grands autour de cr\u00e9ations \u00e0 r\u00e9aliser soi-m\u00eame, encadr\u00e9s par un adulte exp\u00e9riment\u00e9 ou un b\u00e9n\u00e9vole accompagnant \u00e0 l\u2019aide d\u2019un support p\u00e9dagogique. L\u2019approche valorise l\u2019\u00e9change, la cr\u00e9ativit\u00e9 et le faire ensemble.<\/p>\t\t\t\t\t\t\t\t<\/div>\n\t\t\t\t<\/div>\n\t\t\t\t<\/div>\n\t\t<div class=\"elementor-element elementor-element-323eb1b e-con-full e-flex e-con e-parent\" data-id=\"323eb1b\" data-element_type=\"container\">\n\t\t\t\t<div class=\"elementor-element elementor-element-b213075 elementor-widget elementor-widget-n-accordion\" data-id=\"b213075\" data-element_type=\"widget\" data-settings=\"{&quot;default_state&quot;:&quot;expanded&quot;,&quot;max_items_expended&quot;:&quot;one&quot;,&quot;n_accordion_animation_duration&quot;:{&quot;unit&quot;:&quot;ms&quot;,&quot;size&quot;:400,&quot;sizes&quot;:[]}}\" data-widget_type=\"nested-accordion.default\">\n\t\t\t\t<div class=\"elementor-widget-container\">\n\t\t\t\t\t\t\t<div class=\"e-n-accordion\" aria-label=\"Accordion. Open links with Enter or Space, close with Escape, and navigate with Arrow Keys\">\n\t\t\t\t\t\t<details id=\"e-n-accordion-item-1860\" class=\"e-n-accordion-item\" open>\n\t\t\t\t<summary class=\"e-n-accordion-item-title\" data-accordion-index=\"1\" tabindex=\"0\" aria-expanded=\"true\" aria-controls=\"e-n-accordion-item-1860\" >\n\t\t\t\t\t<span class='e-n-accordion-item-title-header'><div class=\"e-n-accordion-item-title-text\"> Venez passer du bon temps avec notre programme vacances ! <\/div><\/span>\n\t\t\t\t\t\t\t<span class='e-n-accordion-item-title-icon'>\n\t\t\t<span class='e-opened' ><svg aria-hidden=\"true\" class=\"e-font-icon-svg e-fas-minus\" viewBox=\"0 0 448 512\" xmlns=\"http:\/\/www.w3.org\/2000\/svg\"><path d=\"M416 208H32c-17.67 0-32 14.33-32 32v32c0 17.67 14.33 32 32 32h384c17.67 0 32-14.33 32-32v-32c0-17.67-14.33-32-32-32z\"><\/path><\/svg><\/span>\n\t\t\t<span class='e-closed'><svg aria-hidden=\"true\" class=\"e-font-icon-svg e-fas-plus\" viewBox=\"0 0 448 512\" xmlns=\"http:\/\/www.w3.org\/2000\/svg\"><path d=\"M416 208H272V64c0-17.67-14.33-32-32-32h-32c-17.67 0-32 14.33-32 32v144H32c-17.67 0-32 14.33-32 32v32c0 17.67 14.33 32 32 32h144v144c0 17.67 14.33 32 32 32h32c17.67 0 32-14.33 32-32V304h144c17.67 0 32-14.33 32-32v-32c0-17.67-14.33-32-32-32z\"><\/path><\/svg><\/span>\n\t\t<\/span>\n\n\t\t\t\t\t\t<\/summary>\n\t\t\t\t<div role=\"region\" aria-labelledby=\"e-n-accordion-item-1860\" class=\"elementor-element elementor-element-b024806 e-con-full e-flex e-con e-child\" data-id=\"b024806\" data-element_type=\"container\">\n\t\t<div role=\"region\" aria-labelledby=\"e-n-accordion-item-1860\" class=\"elementor-element elementor-element-9310eb0 e-con-full e-flex e-con e-child\" data-id=\"9310eb0\" data-element_type=\"container\">\n\t\t\t\t<div class=\"elementor-element elementor-element-d56745f elementor-widget elementor-widget-text-editor\" data-id=\"d56745f\" data-element_type=\"widget\" data-widget_type=\"text-editor.default\">\n\t\t\t\t<div class=\"elementor-widget-container\">\n\t\t\t\t\t\t\t\t\t<p>Notre programme de vacances offre aux jeunes, qu&rsquo;ils soient enfants ou adolescents, une riche palette d\u2019activit\u00e9s \u00e9ducatives, solidaires, culturelles , et ce tout le long des vacances scolaires. L&rsquo;objectif est de proposer un environnement stimulant et bienveillant o\u00f9 chaque participant peut s\u2019\u00e9panouir, apprendre, et d\u00e9velopper de nouvelles comp\u00e9tences tout en s\u2019amusant.<\/p><p>Les activit\u00e9s \u00e9ducatives permettent de renforcer les savoirs scolaires de mani\u00e8re ludique, tout en stimulant la cr\u00e9ativit\u00e9 et la curiosit\u00e9 des jeunes. Des ateliers de d\u00e9couverte, des activit\u00e9s manuelles et des jeux \u00e9ducatifs sont organis\u00e9s pour favoriser l\u2019apprentissage de mani\u00e8re interactive et amusante.<\/p><p>En parall\u00e8le, le programme inclut des activit\u00e9s solidaires, o\u00f9 les jeunes peuvent s\u2019investir dans des projets de b\u00e9n\u00e9volat, de partage et de solidarit\u00e9. Cela leur permet de d\u00e9velopper des valeurs humaines fortes et de contribuer \u00e0 des actions concr\u00e8tes au sein de leur communaut\u00e9.<\/p><p>Nous proposons \u00e9galement des activit\u00e9s culturelles, comme des sorties, des ateliers artistiques (cin\u00e9ma, ateliers cuisines, sport, , etc.) et des projections de films, pour \u00e9veiller leur sensibilit\u00e9 et nourrir leur curiosit\u00e9 pour le monde qui les entoure.<\/p><p>Dans l&rsquo;ensemble, notre programme de vacances est con\u00e7u pour offrir une exp\u00e9rience enrichissante et \u00e9quilibr\u00e9e, en permettant \u00e0 chaque jeune de se divertir, de grandir et de s&rsquo;engager positivement.<\/p>\t\t\t\t\t\t\t\t<\/div>\n\t\t\t\t<\/div>\n\t\t\t\t<\/div>\n\t\t\t\t<\/div>\n\t\t\t\t\t<\/details>\n\t\t\t\t\t\t<details id=\"e-n-accordion-item-1861\" class=\"e-n-accordion-item\" >\n\t\t\t\t<summary class=\"e-n-accordion-item-title\" data-accordion-index=\"2\" tabindex=\"-1\" aria-expanded=\"false\" aria-controls=\"e-n-accordion-item-1861\" >\n\t\t\t\t\t<span class='e-n-accordion-item-title-header'><div class=\"e-n-accordion-item-title-text\"> Les filles envie de remise en forme ? <\/div><\/span>\n\t\t\t\t\t\t\t<span class='e-n-accordion-item-title-icon'>\n\t\t\t<span class='e-opened' ><svg aria-hidden=\"true\" class=\"e-font-icon-svg e-fas-minus\" viewBox=\"0 0 448 512\" xmlns=\"http:\/\/www.w3.org\/2000\/svg\"><path d=\"M416 208H32c-17.67 0-32 14.33-32 32v32c0 17.67 14.33 32 32 32h384c17.67 0 32-14.33 32-32v-32c0-17.67-14.33-32-32-32z\"><\/path><\/svg><\/span>\n\t\t\t<span class='e-closed'><svg aria-hidden=\"true\" class=\"e-font-icon-svg e-fas-plus\" viewBox=\"0 0 448 512\" xmlns=\"http:\/\/www.w3.org\/2000\/svg\"><path d=\"M416 208H272V64c0-17.67-14.33-32-32-32h-32c-17.67 0-32 14.33-32 32v144H32c-17.67 0-32 14.33-32 32v32c0 17.67 14.33 32 32 32h144v144c0 17.67 14.33 32 32 32h32c17.67 0 32-14.33 32-32V304h144c17.67 0 32-14.33 32-32v-32c0-17.67-14.33-32-32-32z\"><\/path><\/svg><\/span>\n\t\t<\/span>\n\n\t\t\t\t\t\t<\/summary>\n\t\t\t\t<div role=\"region\" aria-labelledby=\"e-n-accordion-item-1861\" class=\"elementor-element elementor-element-099dda1 e-con-full e-flex e-con e-child\" data-id=\"099dda1\" data-element_type=\"container\">\n\t\t\t\t<div class=\"elementor-element elementor-element-710caa4 elementor-widget elementor-widget-text-editor\" data-id=\"710caa4\" data-element_type=\"widget\" data-widget_type=\"text-editor.default\">\n\t\t\t\t<div class=\"elementor-widget-container\">\n\t\t\t\t\t\t\t\t\t<p>Notre programme de remise en forme est sp\u00e9cialement con\u00e7u pour les femmes qui souhaitent reprendre le sport ou am\u00e9liorer leur condition physique, dans un cadre bienveillant et motivant. Encadr\u00e9es par une sp\u00e9cialiste, nos s\u00e9ances incluent une vari\u00e9t\u00e9 d\u2019activit\u00e9s pour r\u00e9pondre \u00e0 vos besoins et objectifs.<\/p><p>Que vous soyez d\u00e9butante ou sportive confirm\u00e9e, vous trouverez votre rythme parmi des s\u00e9ances de course \u00e0 pied, de cardio, ainsi que des exercices divers ciblant la tonification, la souplesse et le bien-\u00eatre g\u00e9n\u00e9ral. Chaque s\u00e9ance est pens\u00e9e pour vous permettre de progresser \u00e0 votre propre rythme, tout en vous amusant et en vous sentant soutenue par un groupe dynamique.<\/p><p>Rejoignez-nous pour vous sentir bien dans votre corps et dans votre esprit, tout en atteignant vos objectifs de remise en forme de mani\u00e8re progressive et sans pression<\/p>\t\t\t\t\t\t\t\t<\/div>\n\t\t\t\t<\/div>\n\t\t\t\t<\/div>\n\t\t\t\t\t<\/details>\n\t\t\t\t\t\t<details id=\"e-n-accordion-item-1862\" class=\"e-n-accordion-item\" >\n\t\t\t\t<summary class=\"e-n-accordion-item-title\" data-accordion-index=\"3\" tabindex=\"-1\" aria-expanded=\"false\" aria-controls=\"e-n-accordion-item-1862\" >\n\t\t\t\t\t<span class='e-n-accordion-item-title-header'><div class=\"e-n-accordion-item-title-text\"> \u00cates vous pr\u00eats pour une partie de Futsal ? <\/div><\/span>\n\t\t\t\t\t\t\t<span class='e-n-accordion-item-title-icon'>\n\t\t\t<span class='e-opened' ><svg aria-hidden=\"true\" class=\"e-font-icon-svg e-fas-minus\" viewBox=\"0 0 448 512\" xmlns=\"http:\/\/www.w3.org\/2000\/svg\"><path d=\"M416 208H32c-17.67 0-32 14.33-32 32v32c0 17.67 14.33 32 32 32h384c17.67 0 32-14.33 32-32v-32c0-17.67-14.33-32-32-32z\"><\/path><\/svg><\/span>\n\t\t\t<span class='e-closed'><svg aria-hidden=\"true\" class=\"e-font-icon-svg e-fas-plus\" viewBox=\"0 0 448 512\" xmlns=\"http:\/\/www.w3.org\/2000\/svg\"><path d=\"M416 208H272V64c0-17.67-14.33-32-32-32h-32c-17.67 0-32 14.33-32 32v144H32c-17.67 0-32 14.33-32 32v32c0 17.67 14.33 32 32 32h144v144c0 17.67 14.33 32 32 32h32c17.67 0 32-14.33 32-32V304h144c17.67 0 32-14.33 32-32v-32c0-17.67-14.33-32-32-32z\"><\/path><\/svg><\/span>\n\t\t<\/span>\n\n\t\t\t\t\t\t<\/summary>\n\t\t\t\t<div role=\"region\" aria-labelledby=\"e-n-accordion-item-1862\" class=\"elementor-element elementor-element-2af1bd2 e-con-full e-flex e-con e-child\" data-id=\"2af1bd2\" data-element_type=\"container\">\n\t\t\t\t<div class=\"elementor-element elementor-element-f0fc8de elementor-widget elementor-widget-text-editor\" data-id=\"f0fc8de\" data-element_type=\"widget\" data-widget_type=\"text-editor.default\">\n\t\t\t\t<div class=\"elementor-widget-container\">\n\t\t\t\t\t\t\t\t\t<p>Chaque samedi, nous proposons une activit\u00e9 futsal pour les enfants d\u00e8s 6 ans, encadr\u00e9e par un entra\u00eeneur exp\u00e9riment\u00e9. Ce programme offre une excellente opportunit\u00e9 pour les jeunes de d\u00e9couvrir ce sport, d\u2019am\u00e9liorer leur technique et de renforcer leur esprit d\u2019\u00e9quipe. Les s\u00e9ances sont con\u00e7ues pour \u00eatre \u00e0 la fois ludiques et \u00e9ducatives, permettant aux participants de progresser tout en s\u2019amusant. Que ce soit pour d\u00e9velopper la motricit\u00e9, apprendre les bases du futsal ou simplement passer un bon moment, notre activit\u00e9 accueille tous les niveaux dans une ambiance bienveillante et dynamique.<\/p><p>\u00a0Inscrivez votre enfant et laissez-le d\u00e9couvrir la passion du futsal chaque samedi !<\/p>\t\t\t\t\t\t\t\t<\/div>\n\t\t\t\t<\/div>\n\t\t\t\t<\/div>\n\t\t\t\t\t<\/details>\n\t\t\t\t\t\t<details id=\"e-n-accordion-item-1863\" class=\"e-n-accordion-item\" >\n\t\t\t\t<summary class=\"e-n-accordion-item-title\" data-accordion-index=\"4\" tabindex=\"-1\" aria-expanded=\"false\" aria-controls=\"e-n-accordion-item-1863\" >\n\t\t\t\t\t<span class='e-n-accordion-item-title-header'><div class=\"e-n-accordion-item-title-text\"> Apprenez \u00e0 coudre gr\u00e2ce \u00e0 notre atelier couture !  <\/div><\/span>\n\t\t\t\t\t\t\t<span class='e-n-accordion-item-title-icon'>\n\t\t\t<span class='e-opened' ><svg aria-hidden=\"true\" class=\"e-font-icon-svg e-fas-minus\" viewBox=\"0 0 448 512\" xmlns=\"http:\/\/www.w3.org\/2000\/svg\"><path d=\"M416 208H32c-17.67 0-32 14.33-32 32v32c0 17.67 14.33 32 32 32h384c17.67 0 32-14.33 32-32v-32c0-17.67-14.33-32-32-32z\"><\/path><\/svg><\/span>\n\t\t\t<span class='e-closed'><svg aria-hidden=\"true\" class=\"e-font-icon-svg e-fas-plus\" viewBox=\"0 0 448 512\" xmlns=\"http:\/\/www.w3.org\/2000\/svg\"><path d=\"M416 208H272V64c0-17.67-14.33-32-32-32h-32c-17.67 0-32 14.33-32 32v144H32c-17.67 0-32 14.33-32 32v32c0 17.67 14.33 32 32 32h144v144c0 17.67 14.33 32 32 32h32c17.67 0 32-14.33 32-32V304h144c17.67 0 32-14.33 32-32v-32c0-17.67-14.33-32-32-32z\"><\/path><\/svg><\/span>\n\t\t<\/span>\n\n\t\t\t\t\t\t<\/summary>\n\t\t\t\t<div role=\"region\" aria-labelledby=\"e-n-accordion-item-1863\" class=\"elementor-element elementor-element-5dea9a7 e-flex e-con-boxed e-con e-child\" data-id=\"5dea9a7\" data-element_type=\"container\">\n\t\t\t\t\t<div class=\"e-con-inner\">\n\t\t<div role=\"region\" aria-labelledby=\"e-n-accordion-item-1863\" class=\"elementor-element elementor-element-46ce324 e-con-full e-flex e-con e-child\" data-id=\"46ce324\" data-element_type=\"container\">\n\t\t\t\t<div class=\"elementor-element elementor-element-610af55 elementor-widget elementor-widget-text-editor\" data-id=\"610af55\" data-element_type=\"widget\" data-widget_type=\"text-editor.default\">\n\t\t\t\t<div class=\"elementor-widget-container\">\n\t\t\t\t\t\t\t\t\t<p>L&rsquo;atelier couture offre un espace cr\u00e9atif et convivial o\u00f9 vous pourrez apprendre et perfectionner les techniques de couture, que ce soit pour r\u00e9aliser vos propres v\u00eatements, accessoires ou simplement pour d\u00e9couvrir cette pratique. C\u2019est un moment d\u00e9di\u00e9 \u00e0 la cr\u00e9ativit\u00e9, dans une atmosph\u00e8re d\u00e9tendue et chaleureuse, id\u00e9ale pour d\u00e9butants et passionn\u00e9s.\u00a0<strong>Atelier Couture<\/strong><\/p><p>Samedi : 14h &#8211; 16h<\/p><p>Une fois par mois<br \/>Lieu : 06 rue Samuel de Champlain<\/p>\t\t\t\t\t\t\t\t<\/div>\n\t\t\t\t<\/div>\n\t\t\t\t<\/div>\n\t\t\t\t\t<\/div>\n\t\t\t\t<\/div>\n\t\t\t\t\t<\/details>\n\t\t\t\t\t<\/div>\n\t\t\t\t\t\t<\/div>\n\t\t\t\t<\/div>\n\t\t\t\t<\/div>\n\t\t\t\t<\/div>\n\t\t","protected":false},"excerpt":{"rendered":"<p>Activit\u00e9s Notre objectif est de redonner envie aux enfants et aux jeunes de s\u2019investir dans des activit\u00e9s manuelles, souvent d\u00e9valoris\u00e9es, [&hellip;]<\/p>\n","protected":false},"author":1,"featured_media":0,"parent":0,"menu_order":0,"comment_status":"closed","ping_status":"closed","template":"","meta":{"site-sidebar-layout":"no-sidebar","site-content-layout":"","ast-site-content-layout":"","site-content-style":"default","site-sidebar-style":"default","ast-global-header-display":"","ast-banner-title-visibility":"","ast-main-header-display":"","ast-hfb-above-header-display":"","ast-hfb-below-header-display":"","ast-hfb-mobile-header-display":"","site-post-title":"disabled","ast-breadcrumbs-content":"","ast-featured-img":"disabled","footer-sml-layout":"","theme-transparent-header-meta":"","adv-header-id-meta":"","stick-header-meta":"","header-above-stick-meta":"","header-main-stick-meta":"","header-below-stick-meta":"","astra-migrate-meta-layouts":"default","ast-page-background-enabled":"default","ast-page-background-meta":{"desktop":{"background-color":"var(--ast-global-color-5)","background-image":"","background-repeat":"repeat","background-position":"center center","background-size":"auto","background-attachment":"scroll","background-type":"","background-media":"","overlay-type":"","overlay-color":"","overlay-opacity":"","overlay-gradient":""},"tablet":{"background-color":"","background-image":"","background-repeat":"repeat","background-position":"center center","background-size":"auto","background-attachment":"scroll","background-type":"","background-media":"","overlay-type":"","overlay-color":"","overlay-opacity":"","overlay-gradient":""},"mobile":{"background-color":"","background-image":"","background-repeat":"repeat","background-position":"center center","background-size":"auto","background-attachment":"scroll","background-type":"","background-media":"","overlay-type":"","overlay-color":"","overlay-opacity":"","overlay-gradient":""}},"ast-content-background-meta":{"desktop":{"background-color":"var(--ast-global-color-4)","background-image":"","background-repeat":"repeat","background-position":"center center","background-size":"auto","background-attachment":"scroll","background-type":"","background-media":"","overlay-type":"","overlay-color":"","overlay-opacity":"","overlay-gradient":""},"tablet":{"background-color":"var(--ast-global-color-4)","background-image":"","background-repeat":"repeat","background-position":"center center","background-size":"auto","background-attachment":"scroll","background-type":"","background-media":"","overlay-type":"","overlay-color":"","overlay-opacity":"","overlay-gradient":""},"mobile":{"background-color":"var(--ast-global-color-4)","background-image":"","background-repeat":"repeat","background-position":"center center","background-size":"auto","background-attachment":"scroll","background-type":"","background-media":"","overlay-type":"","overlay-color":"","overlay-opacity":"","overlay-gradient":""}},"footnotes":""},"class_list":["post-64","page","type-page","status-publish","hentry"],"yoast_head":"<!-- This site is optimized with the Yoast SEO plugin v24.7 - https:\/\/yoast.com\/wordpress\/plugins\/seo\/ -->\n<title>Activit\u00e9s -<\/title>\n<meta name=\"description\" content=\"L\u2019ACMNN propose \u00e0 Nantes Nord un large \u00e9ventail d\u2019activit\u00e9s \u00e9ducatives, culturelles, sportives et cr\u00e9atives pour enfants, jeunes et familles : ateliers de couture, futsal, jeux \u00e9ducatifs, d\u00e9couverte artistique, soutien scolaire, vacances scolaires, projets solidaires et plus encore dans un environnement bienveillant et stimulant, aux jeunes de s\u2019investir dans des activit\u00e9s manuelles, Les filles envie de remise en forme, L\u2019approche valorise l\u2019\u00e9change, la cr\u00e9ativit\u00e9 et le faire ensemble.\" \/>\n<meta name=\"robots\" content=\"index, follow, max-snippet:-1, max-image-preview:large, max-video-preview:-1\" \/>\n<link rel=\"canonical\" href=\"https:\/\/stage.acmnn.fr\/wordpress\/activites\/\" \/>\n<meta property=\"og:locale\" content=\"fr_FR\" \/>\n<meta property=\"og:type\" content=\"article\" \/>\n<meta property=\"og:title\" content=\"Activit\u00e9s -\" \/>\n<meta property=\"og:description\" content=\"L\u2019ACMNN propose \u00e0 Nantes Nord un large \u00e9ventail d\u2019activit\u00e9s \u00e9ducatives, culturelles, sportives et cr\u00e9atives pour enfants, jeunes et familles : ateliers de couture, futsal, jeux \u00e9ducatifs, d\u00e9couverte artistique, soutien scolaire, vacances scolaires, projets solidaires et plus encore dans un environnement bienveillant et stimulant, aux jeunes de s\u2019investir dans des activit\u00e9s manuelles, Les filles envie de remise en forme, L\u2019approche valorise l\u2019\u00e9change, la cr\u00e9ativit\u00e9 et le faire ensemble.\" \/>\n<meta property=\"og:url\" content=\"https:\/\/stage.acmnn.fr\/wordpress\/activites\/\" \/>\n<meta property=\"article:modified_time\" content=\"2025-05-12T15:28:29+00:00\" \/>\n<meta name=\"twitter:card\" content=\"summary_large_image\" \/>\n<meta name=\"twitter:label1\" content=\"Dur\u00e9e de lecture estim\u00e9e\" \/>\n\t<meta name=\"twitter:data1\" content=\"6 minutes\" \/>\n<script type=\"application\/ld+json\" class=\"yoast-schema-graph\">{\"@context\":\"https:\/\/schema.org\",\"@graph\":[{\"@type\":\"WebPage\",\"@id\":\"https:\/\/stage.acmnn.fr\/wordpress\/activites\/\",\"url\":\"https:\/\/stage.acmnn.fr\/wordpress\/activites\/\",\"name\":\"Activit\u00e9s -\",\"isPartOf\":{\"@id\":\"https:\/\/stage.acmnn.fr\/wordpress\/#website\"},\"datePublished\":\"2025-03-27T15:14:30+00:00\",\"dateModified\":\"2025-05-12T15:28:29+00:00\",\"description\":\"L\u2019ACMNN propose \u00e0 Nantes Nord un large \u00e9ventail d\u2019activit\u00e9s \u00e9ducatives, culturelles, sportives et cr\u00e9atives pour enfants, jeunes et familles : ateliers de couture, futsal, jeux \u00e9ducatifs, d\u00e9couverte artistique, soutien scolaire, vacances scolaires, projets solidaires et plus encore dans un environnement bienveillant et stimulant, aux jeunes de s\u2019investir dans des activit\u00e9s manuelles, Les filles envie de remise en forme, L\u2019approche valorise l\u2019\u00e9change, la cr\u00e9ativit\u00e9 et le faire ensemble.\",\"breadcrumb\":{\"@id\":\"https:\/\/stage.acmnn.fr\/wordpress\/activites\/#breadcrumb\"},\"inLanguage\":\"fr-FR\",\"potentialAction\":[{\"@type\":\"ReadAction\",\"target\":[\"https:\/\/stage.acmnn.fr\/wordpress\/activites\/\"]}]},{\"@type\":\"BreadcrumbList\",\"@id\":\"https:\/\/stage.acmnn.fr\/wordpress\/activites\/#breadcrumb\",\"itemListElement\":[{\"@type\":\"ListItem\",\"position\":1,\"name\":\"Accueil\",\"item\":\"https:\/\/stage.acmnn.fr\/wordpress\/\"},{\"@type\":\"ListItem\",\"position\":2,\"name\":\"Activit\u00e9s\"}]},{\"@type\":\"WebSite\",\"@id\":\"https:\/\/stage.acmnn.fr\/wordpress\/#website\",\"url\":\"https:\/\/stage.acmnn.fr\/wordpress\/\",\"name\":\"\",\"description\":\"Association culturelle\",\"potentialAction\":[{\"@type\":\"SearchAction\",\"target\":{\"@type\":\"EntryPoint\",\"urlTemplate\":\"https:\/\/stage.acmnn.fr\/wordpress\/?s={search_term_string}\"},\"query-input\":{\"@type\":\"PropertyValueSpecification\",\"valueRequired\":true,\"valueName\":\"search_term_string\"}}],\"inLanguage\":\"fr-FR\"}]}<\/script>\n<!-- \/ Yoast SEO plugin. -->","yoast_head_json":{"title":"Activit\u00e9s -","description":"L\u2019ACMNN propose \u00e0 Nantes Nord un large \u00e9ventail d\u2019activit\u00e9s \u00e9ducatives, culturelles, sportives et cr\u00e9atives pour enfants, jeunes et familles : ateliers de couture, futsal, jeux \u00e9ducatifs, d\u00e9couverte artistique, soutien scolaire, vacances scolaires, projets solidaires et plus encore dans un environnement bienveillant et stimulant, aux jeunes de s\u2019investir dans des activit\u00e9s manuelles, Les filles envie de remise en forme, L\u2019approche valorise l\u2019\u00e9change, la cr\u00e9ativit\u00e9 et le faire ensemble.","robots":{"index":"index","follow":"follow","max-snippet":"max-snippet:-1","max-image-preview":"max-image-preview:large","max-video-preview":"max-video-preview:-1"},"canonical":"https:\/\/stage.acmnn.fr\/wordpress\/activites\/","og_locale":"fr_FR","og_type":"article","og_title":"Activit\u00e9s -","og_description":"L\u2019ACMNN propose \u00e0 Nantes Nord un large \u00e9ventail d\u2019activit\u00e9s \u00e9ducatives, culturelles, sportives et cr\u00e9atives pour enfants, jeunes et familles : ateliers de couture, futsal, jeux \u00e9ducatifs, d\u00e9couverte artistique, soutien scolaire, vacances scolaires, projets solidaires et plus encore dans un environnement bienveillant et stimulant, aux jeunes de s\u2019investir dans des activit\u00e9s manuelles, Les filles envie de remise en forme, L\u2019approche valorise l\u2019\u00e9change, la cr\u00e9ativit\u00e9 et le faire ensemble.","og_url":"https:\/\/stage.acmnn.fr\/wordpress\/activites\/","article_modified_time":"2025-05-12T15:28:29+00:00","twitter_card":"summary_large_image","twitter_misc":{"Dur\u00e9e de lecture estim\u00e9e":"6 minutes"},"schema":{"@context":"https:\/\/schema.org","@graph":[{"@type":"WebPage","@id":"https:\/\/stage.acmnn.fr\/wordpress\/activites\/","url":"https:\/\/stage.acmnn.fr\/wordpress\/activites\/","name":"Activit\u00e9s -","isPartOf":{"@id":"https:\/\/stage.acmnn.fr\/wordpress\/#website"},"datePublished":"2025-03-27T15:14:30+00:00","dateModified":"2025-05-12T15:28:29+00:00","description":"L\u2019ACMNN propose \u00e0 Nantes Nord un large \u00e9ventail d\u2019activit\u00e9s \u00e9ducatives, culturelles, sportives et cr\u00e9atives pour enfants, jeunes et familles : ateliers de couture, futsal, jeux \u00e9ducatifs, d\u00e9couverte artistique, soutien scolaire, vacances scolaires, projets solidaires et plus encore dans un environnement bienveillant et stimulant, aux jeunes de s\u2019investir dans des activit\u00e9s manuelles, Les filles envie de remise en forme, L\u2019approche valorise l\u2019\u00e9change, la cr\u00e9ativit\u00e9 et le faire ensemble.","breadcrumb":{"@id":"https:\/\/stage.acmnn.fr\/wordpress\/activites\/#breadcrumb"},"inLanguage":"fr-FR","potentialAction":[{"@type":"ReadAction","target":["https:\/\/stage.acmnn.fr\/wordpress\/activites\/"]}]},{"@type":"BreadcrumbList","@id":"https:\/\/stage.acmnn.fr\/wordpress\/activites\/#breadcrumb","itemListElement":[{"@type":"ListItem","position":1,"name":"Accueil","item":"https:\/\/stage.acmnn.fr\/wordpress\/"},{"@type":"ListItem","position":2,"name":"Activit\u00e9s"}]},{"@type":"WebSite","@id":"https:\/\/stage.acmnn.fr\/wordpress\/#website","url":"https:\/\/stage.acmnn.fr\/wordpress\/","name":"","description":"Association culturelle","potentialAction":[{"@type":"SearchAction","target":{"@type":"EntryPoint","urlTemplate":"https:\/\/stage.acmnn.fr\/wordpress\/?s={search_term_string}"},"query-input":{"@type":"PropertyValueSpecification","valueRequired":true,"valueName":"search_term_string"}}],"inLanguage":"fr-FR"}]}},"_links":{"self":[{"href":"https:\/\/stage.acmnn.fr\/wordpress\/wp-json\/wp\/v2\/pages\/64","targetHints":{"allow":["GET"]}}],"collection":[{"href":"https:\/\/stage.acmnn.fr\/wordpress\/wp-json\/wp\/v2\/pages"}],"about":[{"href":"https:\/\/stage.acmnn.fr\/wordpress\/wp-json\/wp\/v2\/types\/page"}],"author":[{"embeddable":true,"href":"https:\/\/stage.acmnn.fr\/wordpress\/wp-json\/wp\/v2\/users\/1"}],"replies":[{"embeddable":true,"href":"https:\/\/stage.acmnn.fr\/wordpress\/wp-json\/wp\/v2\/comments?post=64"}],"version-history":[{"count":45,"href":"https:\/\/stage.acmnn.fr\/wordpress\/wp-json\/wp\/v2\/pages\/64\/revisions"}],"predecessor-version":[{"id":880,"href":"https:\/\/stage.acmnn.fr\/wordpress\/wp-json\/wp\/v2\/pages\/64\/revisions\/880"}],"wp:attachment":[{"href":"https:\/\/stage.acmnn.fr\/wordpress\/wp-json\/wp\/v2\/media?parent=64"}],"curies":[{"name":"wp","href":"https:\/\/api.w.org\/{rel}","templated":true}]}}