{"id":62,"date":"2025-03-27T16:13:45","date_gmt":"2025-03-27T15:13:45","guid":{"rendered":"https:\/\/stage.acmnn.fr\/wordpress\/?page_id=62"},"modified":"2025-05-12T17:44:02","modified_gmt":"2025-05-12T15:44:02","slug":"aide-administrative","status":"publish","type":"page","link":"https:\/\/stage.acmnn.fr\/wordpress\/aide-administrative\/","title":{"rendered":"Aide administratives"},"content":{"rendered":"\t\t<div data-elementor-type=\"wp-page\" data-elementor-id=\"62\" class=\"elementor elementor-62\">\n\t\t\t\t<div class=\"elementor-element elementor-element-6cfae2f e-con-full e-flex e-con e-parent\" data-id=\"6cfae2f\" data-element_type=\"container\">\n\t\t\t\t<div class=\"elementor-element elementor-element-1876d43 elementor-widget elementor-widget-heading\" data-id=\"1876d43\" data-element_type=\"widget\" data-widget_type=\"heading.default\">\n\t\t\t\t<div class=\"elementor-widget-container\">\n\t\t\t\t\t<h2 class=\"elementor-heading-title elementor-size-default\">Aide administrative<\/h2>\t\t\t\t<\/div>\n\t\t\t\t<\/div>\n\t\t\t\t<\/div>\n\t\t<div class=\"elementor-element elementor-element-cfc549f e-con-full e-flex e-con e-parent\" data-id=\"cfc549f\" data-element_type=\"container\">\n\t\t\t\t<div class=\"elementor-element elementor-element-7c835f8 elementor-widget elementor-widget-text-editor\" data-id=\"7c835f8\" data-element_type=\"widget\" data-widget_type=\"text-editor.default\">\n\t\t\t\t<div class=\"elementor-widget-container\">\n\t\t\t\t\t\t\t\t\t<p class=\"\" data-start=\"64\" data-end=\"450\">Notre objectif est de faciliter l\u2019acc\u00e8s aux services administratifs pour les personnes vuln\u00e9rables, sans discrimination li\u00e9e \u00e0 leur situation sociale ou \u00e0 la langue. Salari\u00e9s et b\u00e9n\u00e9voles les accueillent r\u00e9guli\u00e8rement, r\u00e9pondent \u00e0 leurs questions et les accompagnent dans leurs d\u00e9marches, y compris lors de rendez-vous ext\u00e9rieurs (assistante sociale, employeur, bailleur, etc.).<\/p>\t\t\t\t\t\t\t\t<\/div>\n\t\t\t\t<\/div>\n\t\t\t\t<\/div>\n\t\t<div class=\"elementor-element elementor-element-3a0ea43f e-con-full e-flex e-con e-parent\" data-id=\"3a0ea43f\" data-element_type=\"container\">\n\t\t\t\t<div class=\"elementor-element elementor-element-3339623d elementor-widget elementor-widget-text-editor\" data-id=\"3339623d\" data-element_type=\"widget\" data-widget_type=\"text-editor.default\">\n\t\t\t\t<div class=\"elementor-widget-container\">\n\t\t\t\t\t\t\t\t\t<p><\/p>\n<div class=\"wp-block-columns is-layout-flex wp-container-core-columns-is-layout-28f84493 wp-block-columns-is-layout-flex\"><p><\/p>\n<div class=\"wp-block-column is-layout-flow wp-block-column-is-layout-flow\"><p><\/p>\n<ul class=\"wp-block-list\"><p><\/p>\n<li>Demande de l\u2019allocation du R.S.A. aupr\u00e8s de la C.A.F.<\/li>\n<p><\/p>\n<li>Impression des attestations du quotient familial dans le site de la C.A.F.<\/li>\n<p><\/p>\n<li>Demande de la C.M.U. aupr\u00e8s de la C.P.A.M.<\/li>\n<p><\/p>\n<li>Demandes de logements sociaux aupr\u00e8s de Nantes M\u00e9tropole Habitat et les diff\u00e9rents bailleurs sociaux<\/li>\n<p><\/p>\n<li>Demande de remises gracieuses de dettes ou de trop per\u00e7u aupr\u00e8s de la C.A.F<\/li>\n<p><\/p>\n<li>Demande de remises partielles ou totales pour le paiement de la taxe d\u2019habitation aux imp\u00f4ts<\/li>\n<p><\/p>\n<li>Demande d\u2019ouverture d\u2019un compte bancaire<\/li>\n<p><\/p>\n<li>D\u00e9clarations mensuelles et impression d\u2019attestation dans le site du P\u00f4le Emploi<\/li>\n<p><\/p>\n<li>Lettres de motivations et C.V. dans la recherche de l\u2019emploi<\/li>\n<p><\/p>\n<li>nationalit\u00e9 fran\u00e7aise<\/li>\n<p><\/p><\/ul>\n<p><\/p><\/div>\n<p><\/p>\n<div class=\"wp-block-column is-layout-flow wp-block-column-is-layout-flow\"><p><\/p>\n<ul class=\"wp-block-list\"><p><\/p>\n<li>\u00c9change et collaboration avec les assistantes sociales du quartier pour mieux accompagner les personnes<\/li>\n<p><\/p>\n<li>Dossiers d\u2019acquisition de nationalit\u00e9 fran\u00e7aise, par d\u00e9cret ou par mariage<\/li>\n<p><\/p>\n<li>Dossiers de demande de titre de s\u00e9jour suite \u00e0 un mariage<\/li>\n<p><\/p>\n<li>Dossiers de demande de titre de s\u00e9jour suite \u00e0 l\u2019obtention d\u2019une promesse d\u2019embauche<\/li>\n<p><\/p>\n<li>Dossiers de regroupement familial pour conjoint r\u00e9sidant dans un pays \u00e9tranger<\/li>\n<p><\/p>\n<li>Dossiers de demande d\u2019asile pour des r\u00e9fugi\u00e9s politiques ( Syrie, Irak, Soudan&#8230;)<\/li>\n<p><\/p>\n<li>Dossiers de demande de r\u00e9gularisation de situation pour un p\u00e8re d\u2019un enfant fran\u00e7ais<\/li>\n<p><\/p>\n<li>Lettres de recours contre une d\u00e9cision de refus de r\u00e9gularisation prise par la pr\u00e9fecture<\/li>\n<p><\/p>\n<li>Dossiers de demande de rectification de nom de famille sur la carte de s\u00e9jour<\/li>\n<p><\/p><\/ul>\n<p><\/p><\/div>\n<p><\/p><\/div>\n<p><\/p>\t\t\t\t\t\t\t\t<\/div>\n\t\t\t\t<\/div>\n\t\t\t\t<\/div>\n\t\t\t\t<\/div>\n\t\t","protected":false},"excerpt":{"rendered":"<p>Aide administrative Notre objectif est de faciliter l\u2019acc\u00e8s aux services administratifs pour les personnes vuln\u00e9rables, sans discrimination li\u00e9e \u00e0 leur [&hellip;]<\/p>\n","protected":false},"author":1,"featured_media":0,"parent":0,"menu_order":0,"comment_status":"closed","ping_status":"closed","template":"","meta":{"site-sidebar-layout":"no-sidebar","site-content-layout":"","ast-site-content-layout":"","site-content-style":"default","site-sidebar-style":"default","ast-global-header-display":"","ast-banner-title-visibility":"","ast-main-header-display":"","ast-hfb-above-header-display":"","ast-hfb-below-header-display":"","ast-hfb-mobile-header-display":"","site-post-title":"disabled","ast-breadcrumbs-content":"","ast-featured-img":"disabled","footer-sml-layout":"","theme-transparent-header-meta":"","adv-header-id-meta":"","stick-header-meta":"","header-above-stick-meta":"","header-main-stick-meta":"","header-below-stick-meta":"","astra-migrate-meta-layouts":"default","ast-page-background-enabled":"default","ast-page-background-meta":{"desktop":{"background-color":"var(--ast-global-color-5)","background-image":"","background-repeat":"repeat","background-position":"center center","background-size":"auto","background-attachment":"scroll","background-type":"","background-media":"","overlay-type":"","overlay-color":"","overlay-opacity":"","overlay-gradient":""},"tablet":{"background-color":"","background-image":"","background-repeat":"repeat","background-position":"center center","background-size":"auto","background-attachment":"scroll","background-type":"","background-media":"","overlay-type":"","overlay-color":"","overlay-opacity":"","overlay-gradient":""},"mobile":{"background-color":"","background-image":"","background-repeat":"repeat","background-position":"center center","background-size":"auto","background-attachment":"scroll","background-type":"","background-media":"","overlay-type":"","overlay-color":"","overlay-opacity":"","overlay-gradient":""}},"ast-content-background-meta":{"desktop":{"background-color":"var(--ast-global-color-4)","background-image":"","background-repeat":"repeat","background-position":"center center","background-size":"auto","background-attachment":"scroll","background-type":"","background-media":"","overlay-type":"","overlay-color":"","overlay-opacity":"","overlay-gradient":""},"tablet":{"background-color":"var(--ast-global-color-4)","background-image":"","background-repeat":"repeat","background-position":"center center","background-size":"auto","background-attachment":"scroll","background-type":"","background-media":"","overlay-type":"","overlay-color":"","overlay-opacity":"","overlay-gradient":""},"mobile":{"background-color":"var(--ast-global-color-4)","background-image":"","background-repeat":"repeat","background-position":"center center","background-size":"auto","background-attachment":"scroll","background-type":"","background-media":"","overlay-type":"","overlay-color":"","overlay-opacity":"","overlay-gradient":""}},"footnotes":""},"class_list":["post-62","page","type-page","status-publish","hentry"],"yoast_head":"<!-- This site is optimized with the Yoast SEO plugin v24.7 - https:\/\/yoast.com\/wordpress\/plugins\/seo\/ -->\n<title>Aide administratives -<\/title>\n<meta name=\"description\" content=\"Accompagnement administratif, Aide aux d\u00e9marches, M\u00e9diation sociale , D\u00e9marche en ligne , D\u00e9marche CAF, Demande RSA, Demande de s\u00e9curit\u00e9 sociale, D\u00e9marche p\u00f4le emploi, Impression d\u2019attestation, Demande de logement, Ouverture de compte bancaire, Insertion professionnelle, D\u00e9marches fiscales, Demande de regroupement familial, Demande de nationalit\u00e9, Demande de titre de s\u00e9jour, R\u00e9daction de CV, Demande d\u2019asile, R\u00e9daction des lettres officielles, R\u00e9daction de lettre de motivation, Demande de recours \u00e0 la pr\u00e9fecture, Aide \u00e0 la r\u00e9gularisation, Services gratuits, Contacter les bailleurs sociaux , D\u00e9claration d\u2019imp\u00f4ts, Assistance sociale , Service d\u2019\u00e9coute, Soutien aux personnes vuln\u00e9rables Nantes,Nord.\" \/>\n<meta name=\"robots\" content=\"index, follow, max-snippet:-1, max-image-preview:large, max-video-preview:-1\" \/>\n<link rel=\"canonical\" href=\"https:\/\/stage.acmnn.fr\/wordpress\/aide-administrative\/\" \/>\n<meta property=\"og:locale\" content=\"fr_FR\" \/>\n<meta property=\"og:type\" content=\"article\" \/>\n<meta property=\"og:title\" content=\"Aide administratives -\" \/>\n<meta property=\"og:description\" content=\"Accompagnement administratif, Aide aux d\u00e9marches, M\u00e9diation sociale , D\u00e9marche en ligne , D\u00e9marche CAF, Demande RSA, Demande de s\u00e9curit\u00e9 sociale, D\u00e9marche p\u00f4le emploi, Impression d\u2019attestation, Demande de logement, Ouverture de compte bancaire, Insertion professionnelle, D\u00e9marches fiscales, Demande de regroupement familial, Demande de nationalit\u00e9, Demande de titre de s\u00e9jour, R\u00e9daction de CV, Demande d\u2019asile, R\u00e9daction des lettres officielles, R\u00e9daction de lettre de motivation, Demande de recours \u00e0 la pr\u00e9fecture, Aide \u00e0 la r\u00e9gularisation, Services gratuits, Contacter les bailleurs sociaux , D\u00e9claration d\u2019imp\u00f4ts, Assistance sociale , Service d\u2019\u00e9coute, Soutien aux personnes vuln\u00e9rables Nantes,Nord.\" \/>\n<meta property=\"og:url\" content=\"https:\/\/stage.acmnn.fr\/wordpress\/aide-administrative\/\" \/>\n<meta property=\"article:modified_time\" content=\"2025-05-12T15:44:02+00:00\" \/>\n<meta name=\"twitter:card\" content=\"summary_large_image\" \/>\n<meta name=\"twitter:label1\" content=\"Dur\u00e9e de lecture estim\u00e9e\" \/>\n\t<meta name=\"twitter:data1\" content=\"2 minutes\" \/>\n<script type=\"application\/ld+json\" class=\"yoast-schema-graph\">{\"@context\":\"https:\/\/schema.org\",\"@graph\":[{\"@type\":\"WebPage\",\"@id\":\"https:\/\/stage.acmnn.fr\/wordpress\/aide-administrative\/\",\"url\":\"https:\/\/stage.acmnn.fr\/wordpress\/aide-administrative\/\",\"name\":\"Aide administratives -\",\"isPartOf\":{\"@id\":\"https:\/\/stage.acmnn.fr\/wordpress\/#website\"},\"datePublished\":\"2025-03-27T15:13:45+00:00\",\"dateModified\":\"2025-05-12T15:44:02+00:00\",\"description\":\"Accompagnement administratif, Aide aux d\u00e9marches, M\u00e9diation sociale , D\u00e9marche en ligne , D\u00e9marche CAF, Demande RSA, Demande de s\u00e9curit\u00e9 sociale, D\u00e9marche p\u00f4le emploi, Impression d\u2019attestation, Demande de logement, Ouverture de compte bancaire, Insertion professionnelle, D\u00e9marches fiscales, Demande de regroupement familial, Demande de nationalit\u00e9, Demande de titre de s\u00e9jour, R\u00e9daction de CV, Demande d\u2019asile, R\u00e9daction des lettres officielles, R\u00e9daction de lettre de motivation, Demande de recours \u00e0 la pr\u00e9fecture, Aide \u00e0 la r\u00e9gularisation, Services gratuits, Contacter les bailleurs sociaux , D\u00e9claration d\u2019imp\u00f4ts, Assistance sociale , Service d\u2019\u00e9coute, Soutien aux personnes vuln\u00e9rables Nantes,Nord.\",\"breadcrumb\":{\"@id\":\"https:\/\/stage.acmnn.fr\/wordpress\/aide-administrative\/#breadcrumb\"},\"inLanguage\":\"fr-FR\",\"potentialAction\":[{\"@type\":\"ReadAction\",\"target\":[\"https:\/\/stage.acmnn.fr\/wordpress\/aide-administrative\/\"]}]},{\"@type\":\"BreadcrumbList\",\"@id\":\"https:\/\/stage.acmnn.fr\/wordpress\/aide-administrative\/#breadcrumb\",\"itemListElement\":[{\"@type\":\"ListItem\",\"position\":1,\"name\":\"Accueil\",\"item\":\"https:\/\/stage.acmnn.fr\/wordpress\/\"},{\"@type\":\"ListItem\",\"position\":2,\"name\":\"Aide administratives\"}]},{\"@type\":\"WebSite\",\"@id\":\"https:\/\/stage.acmnn.fr\/wordpress\/#website\",\"url\":\"https:\/\/stage.acmnn.fr\/wordpress\/\",\"name\":\"\",\"description\":\"Association culturelle\",\"potentialAction\":[{\"@type\":\"SearchAction\",\"target\":{\"@type\":\"EntryPoint\",\"urlTemplate\":\"https:\/\/stage.acmnn.fr\/wordpress\/?s={search_term_string}\"},\"query-input\":{\"@type\":\"PropertyValueSpecification\",\"valueRequired\":true,\"valueName\":\"search_term_string\"}}],\"inLanguage\":\"fr-FR\"}]}<\/script>\n<!-- \/ Yoast SEO plugin. -->","yoast_head_json":{"title":"Aide administratives -","description":"Accompagnement administratif, Aide aux d\u00e9marches, M\u00e9diation sociale , D\u00e9marche en ligne , D\u00e9marche CAF, Demande RSA, Demande de s\u00e9curit\u00e9 sociale, D\u00e9marche p\u00f4le emploi, Impression d\u2019attestation, Demande de logement, Ouverture de compte bancaire, Insertion professionnelle, D\u00e9marches fiscales, Demande de regroupement familial, Demande de nationalit\u00e9, Demande de titre de s\u00e9jour, R\u00e9daction de CV, Demande d\u2019asile, R\u00e9daction des lettres officielles, R\u00e9daction de lettre de motivation, Demande de recours \u00e0 la pr\u00e9fecture, Aide \u00e0 la r\u00e9gularisation, Services gratuits, Contacter les bailleurs sociaux , D\u00e9claration d\u2019imp\u00f4ts, Assistance sociale , Service d\u2019\u00e9coute, Soutien aux personnes vuln\u00e9rables Nantes,Nord.","robots":{"index":"index","follow":"follow","max-snippet":"max-snippet:-1","max-image-preview":"max-image-preview:large","max-video-preview":"max-video-preview:-1"},"canonical":"https:\/\/stage.acmnn.fr\/wordpress\/aide-administrative\/","og_locale":"fr_FR","og_type":"article","og_title":"Aide administratives -","og_description":"Accompagnement administratif, Aide aux d\u00e9marches, M\u00e9diation sociale , D\u00e9marche en ligne , D\u00e9marche CAF, Demande RSA, Demande de s\u00e9curit\u00e9 sociale, D\u00e9marche p\u00f4le emploi, Impression d\u2019attestation, Demande de logement, Ouverture de compte bancaire, Insertion professionnelle, D\u00e9marches fiscales, Demande de regroupement familial, Demande de nationalit\u00e9, Demande de titre de s\u00e9jour, R\u00e9daction de CV, Demande d\u2019asile, R\u00e9daction des lettres officielles, R\u00e9daction de lettre de motivation, Demande de recours \u00e0 la pr\u00e9fecture, Aide \u00e0 la r\u00e9gularisation, Services gratuits, Contacter les bailleurs sociaux , D\u00e9claration d\u2019imp\u00f4ts, Assistance sociale , Service d\u2019\u00e9coute, Soutien aux personnes vuln\u00e9rables Nantes,Nord.","og_url":"https:\/\/stage.acmnn.fr\/wordpress\/aide-administrative\/","article_modified_time":"2025-05-12T15:44:02+00:00","twitter_card":"summary_large_image","twitter_misc":{"Dur\u00e9e de lecture estim\u00e9e":"2 minutes"},"schema":{"@context":"https:\/\/schema.org","@graph":[{"@type":"WebPage","@id":"https:\/\/stage.acmnn.fr\/wordpress\/aide-administrative\/","url":"https:\/\/stage.acmnn.fr\/wordpress\/aide-administrative\/","name":"Aide administratives -","isPartOf":{"@id":"https:\/\/stage.acmnn.fr\/wordpress\/#website"},"datePublished":"2025-03-27T15:13:45+00:00","dateModified":"2025-05-12T15:44:02+00:00","description":"Accompagnement administratif, Aide aux d\u00e9marches, M\u00e9diation sociale , D\u00e9marche en ligne , D\u00e9marche CAF, Demande RSA, Demande de s\u00e9curit\u00e9 sociale, D\u00e9marche p\u00f4le emploi, Impression d\u2019attestation, Demande de logement, Ouverture de compte bancaire, Insertion professionnelle, D\u00e9marches fiscales, Demande de regroupement familial, Demande de nationalit\u00e9, Demande de titre de s\u00e9jour, R\u00e9daction de CV, Demande d\u2019asile, R\u00e9daction des lettres officielles, R\u00e9daction de lettre de motivation, Demande de recours \u00e0 la pr\u00e9fecture, Aide \u00e0 la r\u00e9gularisation, Services gratuits, Contacter les bailleurs sociaux , D\u00e9claration d\u2019imp\u00f4ts, Assistance sociale , Service d\u2019\u00e9coute, Soutien aux personnes vuln\u00e9rables Nantes,Nord.","breadcrumb":{"@id":"https:\/\/stage.acmnn.fr\/wordpress\/aide-administrative\/#breadcrumb"},"inLanguage":"fr-FR","potentialAction":[{"@type":"ReadAction","target":["https:\/\/stage.acmnn.fr\/wordpress\/aide-administrative\/"]}]},{"@type":"BreadcrumbList","@id":"https:\/\/stage.acmnn.fr\/wordpress\/aide-administrative\/#breadcrumb","itemListElement":[{"@type":"ListItem","position":1,"name":"Accueil","item":"https:\/\/stage.acmnn.fr\/wordpress\/"},{"@type":"ListItem","position":2,"name":"Aide administratives"}]},{"@type":"WebSite","@id":"https:\/\/stage.acmnn.fr\/wordpress\/#website","url":"https:\/\/stage.acmnn.fr\/wordpress\/","name":"","description":"Association culturelle","potentialAction":[{"@type":"SearchAction","target":{"@type":"EntryPoint","urlTemplate":"https:\/\/stage.acmnn.fr\/wordpress\/?s={search_term_string}"},"query-input":{"@type":"PropertyValueSpecification","valueRequired":true,"valueName":"search_term_string"}}],"inLanguage":"fr-FR"}]}},"_links":{"self":[{"href":"https:\/\/stage.acmnn.fr\/wordpress\/wp-json\/wp\/v2\/pages\/62","targetHints":{"allow":["GET"]}}],"collection":[{"href":"https:\/\/stage.acmnn.fr\/wordpress\/wp-json\/wp\/v2\/pages"}],"about":[{"href":"https:\/\/stage.acmnn.fr\/wordpress\/wp-json\/wp\/v2\/types\/page"}],"author":[{"embeddable":true,"href":"https:\/\/stage.acmnn.fr\/wordpress\/wp-json\/wp\/v2\/users\/1"}],"replies":[{"embeddable":true,"href":"https:\/\/stage.acmnn.fr\/wordpress\/wp-json\/wp\/v2\/comments?post=62"}],"version-history":[{"count":19,"href":"https:\/\/stage.acmnn.fr\/wordpress\/wp-json\/wp\/v2\/pages\/62\/revisions"}],"predecessor-version":[{"id":1145,"href":"https:\/\/stage.acmnn.fr\/wordpress\/wp-json\/wp\/v2\/pages\/62\/revisions\/1145"}],"wp:attachment":[{"href":"https:\/\/stage.acmnn.fr\/wordpress\/wp-json\/wp\/v2\/media?parent=62"}],"curies":[{"name":"wp","href":"https:\/\/api.w.org\/{rel}","templated":true}]}}