{"id":59,"date":"2025-03-27T16:11:01","date_gmt":"2025-03-27T15:11:01","guid":{"rendered":"https:\/\/stage.acmnn.fr\/wordpress\/?page_id=59"},"modified":"2025-07-05T11:26:23","modified_gmt":"2025-07-05T09:26:23","slug":"contacter-nous","status":"publish","type":"page","link":"https:\/\/stage.acmnn.fr\/wordpress\/contacter-nous\/","title":{"rendered":"Contactez nous"},"content":{"rendered":"<h2>Pour nous contacter :<\/h2>\n<section id=\"contacts1-9\">\n<h6><strong>Adresse<\/strong><\/h6>\n<p><strong>ACMNN<\/strong><br \/>\nMaison du quartier Nantes Nord (LA MANO)<br \/>\n3 rue Eug\u00e8ne Thomas<br \/>\n44300 Nantes<\/p>\n<h6><strong>Contacts<\/strong><\/h6>\n<p>Email :\u00a0<a href=\"mailto:secretariat@acmnn.fr\">secretariat@acmnn.fr<\/a><br \/>\nT\u00e9l\u00e9phone\u00a0:\u00a002 40 16 00 98<br \/>\nMobile : 06 11 93 10 71<\/p>\n<h6><strong>Horaires<\/strong><\/h6>\n<p>Du lundi au vendredi :<br \/>\n10h-12h<br \/>\n15h-17h<\/p>\n<\/section>\n","protected":false},"excerpt":{"rendered":"<p>Pour nous contacter : Adresse ACMNN Maison du quartier Nantes Nord (LA MANO) 3 rue Eug\u00e8ne Thomas 44300 Nantes Contacts [&hellip;]<\/p>\n","protected":false},"author":1,"featured_media":0,"parent":0,"menu_order":0,"comment_status":"closed","ping_status":"closed","template":"","meta":{"site-sidebar-layout":"no-sidebar","site-content-layout":"","ast-site-content-layout":"full-width-container","site-content-style":"default","site-sidebar-style":"default","ast-global-header-display":"","ast-banner-title-visibility":"","ast-main-header-display":"","ast-hfb-above-header-display":"","ast-hfb-below-header-display":"","ast-hfb-mobile-header-display":"","site-post-title":"disabled","ast-breadcrumbs-content":"","ast-featured-img":"disabled","footer-sml-layout":"","theme-transparent-header-meta":"","adv-header-id-meta":"","stick-header-meta":"","header-above-stick-meta":"","header-main-stick-meta":"","header-below-stick-meta":"","astra-migrate-meta-layouts":"default","ast-page-background-enabled":"default","ast-page-background-meta":{"desktop":{"background-color":"var(--ast-global-color-5)","background-image":"","background-repeat":"repeat","background-position":"center center","background-size":"auto","background-attachment":"scroll","background-type":"","background-media":"","overlay-type":"","overlay-color":"","overlay-opacity":"","overlay-gradient":""},"tablet":{"background-color":"","background-image":"","background-repeat":"repeat","background-position":"center center","background-size":"auto","background-attachment":"scroll","background-type":"","background-media":"","overlay-type":"","overlay-color":"","overlay-opacity":"","overlay-gradient":""},"mobile":{"background-color":"","background-image":"","background-repeat":"repeat","background-position":"center center","background-size":"auto","background-attachment":"scroll","background-type":"","background-media":"","overlay-type":"","overlay-color":"","overlay-opacity":"","overlay-gradient":""}},"ast-content-background-meta":{"desktop":{"background-color":"var(--ast-global-color-4)","background-image":"","background-repeat":"repeat","background-position":"center center","background-size":"auto","background-attachment":"scroll","background-type":"","background-media":"","overlay-type":"","overlay-color":"","overlay-opacity":"","overlay-gradient":""},"tablet":{"background-color":"var(--ast-global-color-4)","background-image":"","background-repeat":"repeat","background-position":"center center","background-size":"auto","background-attachment":"scroll","background-type":"","background-media":"","overlay-type":"","overlay-color":"","overlay-opacity":"","overlay-gradient":""},"mobile":{"background-color":"var(--ast-global-color-4)","background-image":"","background-repeat":"repeat","background-position":"center center","background-size":"auto","background-attachment":"scroll","background-type":"","background-media":"","overlay-type":"","overlay-color":"","overlay-opacity":"","overlay-gradient":""}},"footnotes":""},"class_list":["post-59","page","type-page","status-publish","hentry"],"yoast_head":"<!-- This site is optimized with the Yoast SEO plugin v24.7 - https:\/\/yoast.com\/wordpress\/plugins\/seo\/ -->\n<title>Contactez nous -<\/title>\n<meta name=\"description\" content=\"ACMNN contact, Association , mobilit\u00e9, adresse ACMNN, Maison de quartier, la Mano, localisation, adresse ACMNN, bureau ACMNN, Email ACMNN, Num\u00e9ro fixe ACMNN, Num\u00e9ro mobile ACMNN , horaires de l\u2019association, ouverture, fermeture, accueil public, centre social, prise de rendez-vous, contact direct, accueil physique, contact \u00e9ducatif, info activit\u00e9s, information ACMNN, Acc\u00e8s service social, code postal, 44300, Nantes, Nord.\" \/>\n<meta name=\"robots\" content=\"index, follow, max-snippet:-1, max-image-preview:large, max-video-preview:-1\" \/>\n<link rel=\"canonical\" href=\"https:\/\/stage.acmnn.fr\/wordpress\/contacter-nous\/\" \/>\n<meta property=\"og:locale\" content=\"fr_FR\" \/>\n<meta property=\"og:type\" content=\"article\" \/>\n<meta property=\"og:title\" content=\"Contactez nous -\" \/>\n<meta property=\"og:description\" content=\"ACMNN contact, Association , mobilit\u00e9, adresse ACMNN, Maison de quartier, la Mano, localisation, adresse ACMNN, bureau ACMNN, Email ACMNN, Num\u00e9ro fixe ACMNN, Num\u00e9ro mobile ACMNN , horaires de l\u2019association, ouverture, fermeture, accueil public, centre social, prise de rendez-vous, contact direct, accueil physique, contact \u00e9ducatif, info activit\u00e9s, information ACMNN, Acc\u00e8s service social, code postal, 44300, Nantes, Nord.\" \/>\n<meta property=\"og:url\" content=\"https:\/\/stage.acmnn.fr\/wordpress\/contacter-nous\/\" \/>\n<meta property=\"article:modified_time\" content=\"2025-07-05T09:26:23+00:00\" \/>\n<meta name=\"twitter:card\" content=\"summary_large_image\" \/>\n<meta name=\"twitter:label1\" content=\"Dur\u00e9e de lecture estim\u00e9e\" \/>\n\t<meta name=\"twitter:data1\" content=\"1 minute\" \/>\n<script type=\"application\/ld+json\" class=\"yoast-schema-graph\">{\"@context\":\"https:\/\/schema.org\",\"@graph\":[{\"@type\":\"WebPage\",\"@id\":\"https:\/\/stage.acmnn.fr\/wordpress\/contacter-nous\/\",\"url\":\"https:\/\/stage.acmnn.fr\/wordpress\/contacter-nous\/\",\"name\":\"Contactez nous -\",\"isPartOf\":{\"@id\":\"https:\/\/stage.acmnn.fr\/wordpress\/#website\"},\"datePublished\":\"2025-03-27T15:11:01+00:00\",\"dateModified\":\"2025-07-05T09:26:23+00:00\",\"description\":\"ACMNN contact, Association , mobilit\u00e9, adresse ACMNN, Maison de quartier, la Mano, localisation, adresse ACMNN, bureau ACMNN, Email ACMNN, Num\u00e9ro fixe ACMNN, Num\u00e9ro mobile ACMNN , horaires de l\u2019association, ouverture, fermeture, accueil public, centre social, prise de rendez-vous, contact direct, accueil physique, contact \u00e9ducatif, info activit\u00e9s, information ACMNN, Acc\u00e8s service social, code postal, 44300, Nantes, Nord.\",\"breadcrumb\":{\"@id\":\"https:\/\/stage.acmnn.fr\/wordpress\/contacter-nous\/#breadcrumb\"},\"inLanguage\":\"fr-FR\",\"potentialAction\":[{\"@type\":\"ReadAction\",\"target\":[\"https:\/\/stage.acmnn.fr\/wordpress\/contacter-nous\/\"]}]},{\"@type\":\"BreadcrumbList\",\"@id\":\"https:\/\/stage.acmnn.fr\/wordpress\/contacter-nous\/#breadcrumb\",\"itemListElement\":[{\"@type\":\"ListItem\",\"position\":1,\"name\":\"Accueil\",\"item\":\"https:\/\/stage.acmnn.fr\/wordpress\/\"},{\"@type\":\"ListItem\",\"position\":2,\"name\":\"Contactez nous\"}]},{\"@type\":\"WebSite\",\"@id\":\"https:\/\/stage.acmnn.fr\/wordpress\/#website\",\"url\":\"https:\/\/stage.acmnn.fr\/wordpress\/\",\"name\":\"\",\"description\":\"Association culturelle\",\"potentialAction\":[{\"@type\":\"SearchAction\",\"target\":{\"@type\":\"EntryPoint\",\"urlTemplate\":\"https:\/\/stage.acmnn.fr\/wordpress\/?s={search_term_string}\"},\"query-input\":{\"@type\":\"PropertyValueSpecification\",\"valueRequired\":true,\"valueName\":\"search_term_string\"}}],\"inLanguage\":\"fr-FR\"}]}<\/script>\n<!-- \/ Yoast SEO plugin. -->","yoast_head_json":{"title":"Contactez nous -","description":"ACMNN contact, Association , mobilit\u00e9, adresse ACMNN, Maison de quartier, la Mano, localisation, adresse ACMNN, bureau ACMNN, Email ACMNN, Num\u00e9ro fixe ACMNN, Num\u00e9ro mobile ACMNN , horaires de l\u2019association, ouverture, fermeture, accueil public, centre social, prise de rendez-vous, contact direct, accueil physique, contact \u00e9ducatif, info activit\u00e9s, information ACMNN, Acc\u00e8s service social, code postal, 44300, Nantes, Nord.","robots":{"index":"index","follow":"follow","max-snippet":"max-snippet:-1","max-image-preview":"max-image-preview:large","max-video-preview":"max-video-preview:-1"},"canonical":"https:\/\/stage.acmnn.fr\/wordpress\/contacter-nous\/","og_locale":"fr_FR","og_type":"article","og_title":"Contactez nous -","og_description":"ACMNN contact, Association , mobilit\u00e9, adresse ACMNN, Maison de quartier, la Mano, localisation, adresse ACMNN, bureau ACMNN, Email ACMNN, Num\u00e9ro fixe ACMNN, Num\u00e9ro mobile ACMNN , horaires de l\u2019association, ouverture, fermeture, accueil public, centre social, prise de rendez-vous, contact direct, accueil physique, contact \u00e9ducatif, info activit\u00e9s, information ACMNN, Acc\u00e8s service social, code postal, 44300, Nantes, Nord.","og_url":"https:\/\/stage.acmnn.fr\/wordpress\/contacter-nous\/","article_modified_time":"2025-07-05T09:26:23+00:00","twitter_card":"summary_large_image","twitter_misc":{"Dur\u00e9e de lecture estim\u00e9e":"1 minute"},"schema":{"@context":"https:\/\/schema.org","@graph":[{"@type":"WebPage","@id":"https:\/\/stage.acmnn.fr\/wordpress\/contacter-nous\/","url":"https:\/\/stage.acmnn.fr\/wordpress\/contacter-nous\/","name":"Contactez nous -","isPartOf":{"@id":"https:\/\/stage.acmnn.fr\/wordpress\/#website"},"datePublished":"2025-03-27T15:11:01+00:00","dateModified":"2025-07-05T09:26:23+00:00","description":"ACMNN contact, Association , mobilit\u00e9, adresse ACMNN, Maison de quartier, la Mano, localisation, adresse ACMNN, bureau ACMNN, Email ACMNN, Num\u00e9ro fixe ACMNN, Num\u00e9ro mobile ACMNN , horaires de l\u2019association, ouverture, fermeture, accueil public, centre social, prise de rendez-vous, contact direct, accueil physique, contact \u00e9ducatif, info activit\u00e9s, information ACMNN, Acc\u00e8s service social, code postal, 44300, Nantes, Nord.","breadcrumb":{"@id":"https:\/\/stage.acmnn.fr\/wordpress\/contacter-nous\/#breadcrumb"},"inLanguage":"fr-FR","potentialAction":[{"@type":"ReadAction","target":["https:\/\/stage.acmnn.fr\/wordpress\/contacter-nous\/"]}]},{"@type":"BreadcrumbList","@id":"https:\/\/stage.acmnn.fr\/wordpress\/contacter-nous\/#breadcrumb","itemListElement":[{"@type":"ListItem","position":1,"name":"Accueil","item":"https:\/\/stage.acmnn.fr\/wordpress\/"},{"@type":"ListItem","position":2,"name":"Contactez nous"}]},{"@type":"WebSite","@id":"https:\/\/stage.acmnn.fr\/wordpress\/#website","url":"https:\/\/stage.acmnn.fr\/wordpress\/","name":"","description":"Association culturelle","potentialAction":[{"@type":"SearchAction","target":{"@type":"EntryPoint","urlTemplate":"https:\/\/stage.acmnn.fr\/wordpress\/?s={search_term_string}"},"query-input":{"@type":"PropertyValueSpecification","valueRequired":true,"valueName":"search_term_string"}}],"inLanguage":"fr-FR"}]}},"_links":{"self":[{"href":"https:\/\/stage.acmnn.fr\/wordpress\/wp-json\/wp\/v2\/pages\/59","targetHints":{"allow":["GET"]}}],"collection":[{"href":"https:\/\/stage.acmnn.fr\/wordpress\/wp-json\/wp\/v2\/pages"}],"about":[{"href":"https:\/\/stage.acmnn.fr\/wordpress\/wp-json\/wp\/v2\/types\/page"}],"author":[{"embeddable":true,"href":"https:\/\/stage.acmnn.fr\/wordpress\/wp-json\/wp\/v2\/users\/1"}],"replies":[{"embeddable":true,"href":"https:\/\/stage.acmnn.fr\/wordpress\/wp-json\/wp\/v2\/comments?post=59"}],"version-history":[{"count":23,"href":"https:\/\/stage.acmnn.fr\/wordpress\/wp-json\/wp\/v2\/pages\/59\/revisions"}],"predecessor-version":[{"id":1184,"href":"https:\/\/stage.acmnn.fr\/wordpress\/wp-json\/wp\/v2\/pages\/59\/revisions\/1184"}],"wp:attachment":[{"href":"https:\/\/stage.acmnn.fr\/wordpress\/wp-json\/wp\/v2\/media?parent=59"}],"curies":[{"name":"wp","href":"https:\/\/api.w.org\/{rel}","templated":true}]}}