{"id":54,"date":"2025-03-27T16:09:25","date_gmt":"2025-03-27T15:09:25","guid":{"rendered":"https:\/\/stage.acmnn.fr\/wordpress\/?page_id=54"},"modified":"2025-05-14T11:51:52","modified_gmt":"2025-05-14T09:51:52","slug":"blog","status":"publish","type":"page","link":"https:\/\/stage.acmnn.fr\/wordpress\/blog\/","title":{"rendered":"Blog"},"content":{"rendered":"\t\t<div data-elementor-type=\"wp-page\" data-elementor-id=\"54\" class=\"elementor elementor-54\">\n\t\t\t\t<div class=\"elementor-element elementor-element-fd3b78a e-con-full e-flex e-con e-parent\" data-id=\"fd3b78a\" data-element_type=\"container\">\n\t\t\t\t<div class=\"elementor-element elementor-element-3fe2414 elementor-widget-mobile__width-initial elementor-widget elementor-widget-heading\" data-id=\"3fe2414\" data-element_type=\"widget\" data-widget_type=\"heading.default\">\n\t\t\t\t<div class=\"elementor-widget-container\">\n\t\t\t\t\t<h2 class=\"elementor-heading-title elementor-size-default\">Blog<\/h2>\t\t\t\t<\/div>\n\t\t\t\t<\/div>\n\t\t\t\t<div class=\"elementor-element elementor-element-4850350 elementor-widget-mobile__width-auto elementor-widget elementor-widget-text-editor\" data-id=\"4850350\" data-element_type=\"widget\" data-widget_type=\"text-editor.default\">\n\t\t\t\t<div class=\"elementor-widget-container\">\n\t\t\t\t\t\t\t\t\t<p>Bienvenue sur notre blog, un espace d\u00e9di\u00e9 pour d\u00e9couvrir l\u2019histoire et l\u2019\u00e9volution de notre association \u00e0 travers les ann\u00e9es. Ce lieu vous invite \u00e0 explorer les origines de notre structure, ses objectifs initiaux et les \u00e9tapes cl\u00e9s qui ont jalonn\u00e9 son d\u00e9veloppement. Vous y d\u00e9couvrirez comment notre association a su s\u2019adapter et grandir face aux d\u00e9fis rencontr\u00e9s. Chaque article retrace un pan de notre parcours, mettant en lumi\u00e8re les progr\u00e8s r\u00e9alis\u00e9s et les ambitions futures. Ce blog est ainsi une fen\u00eatre ouverte sur notre identit\u00e9 et notre engagement durable<\/p>\t\t\t\t\t\t\t\t<\/div>\n\t\t\t\t<\/div>\n\t\t\t\t<\/div>\n\t\t<div class=\"elementor-element elementor-element-ea8b844 e-con-full e-flex e-con e-parent\" data-id=\"ea8b844\" data-element_type=\"container\">\n\t\t\t\t<div class=\"elementor-element elementor-element-451d73f elementor-widget elementor-widget-n-accordion\" data-id=\"451d73f\" data-element_type=\"widget\" data-settings=\"{&quot;default_state&quot;:&quot;expanded&quot;,&quot;max_items_expended&quot;:&quot;one&quot;,&quot;n_accordion_animation_duration&quot;:{&quot;unit&quot;:&quot;ms&quot;,&quot;size&quot;:400,&quot;sizes&quot;:[]}}\" data-widget_type=\"nested-accordion.default\">\n\t\t\t\t<div class=\"elementor-widget-container\">\n\t\t\t\t\t\t\t<div class=\"e-n-accordion\" aria-label=\"Accordion. Open links with Enter or Space, close with Escape, and navigate with Arrow Keys\">\n\t\t\t\t\t\t<details id=\"e-n-accordion-item-7240\" class=\"e-n-accordion-item\" open>\n\t\t\t\t<summary class=\"e-n-accordion-item-title\" data-accordion-index=\"1\" tabindex=\"0\" aria-expanded=\"true\" aria-controls=\"e-n-accordion-item-7240\" >\n\t\t\t\t\t<span class='e-n-accordion-item-title-header'><div class=\"e-n-accordion-item-title-text\"> Histoire de l'association <\/div><\/span>\n\t\t\t\t\t\t\t<span class='e-n-accordion-item-title-icon'>\n\t\t\t<span class='e-opened' ><svg aria-hidden=\"true\" class=\"e-font-icon-svg e-fas-minus\" viewBox=\"0 0 448 512\" xmlns=\"http:\/\/www.w3.org\/2000\/svg\"><path d=\"M416 208H32c-17.67 0-32 14.33-32 32v32c0 17.67 14.33 32 32 32h384c17.67 0 32-14.33 32-32v-32c0-17.67-14.33-32-32-32z\"><\/path><\/svg><\/span>\n\t\t\t<span class='e-closed'><svg aria-hidden=\"true\" class=\"e-font-icon-svg e-fas-plus\" viewBox=\"0 0 448 512\" xmlns=\"http:\/\/www.w3.org\/2000\/svg\"><path d=\"M416 208H272V64c0-17.67-14.33-32-32-32h-32c-17.67 0-32 14.33-32 32v144H32c-17.67 0-32 14.33-32 32v32c0 17.67 14.33 32 32 32h144v144c0 17.67 14.33 32 32 32h32c17.67 0 32-14.33 32-32V304h144c17.67 0 32-14.33 32-32v-32c0-17.67-14.33-32-32-32z\"><\/path><\/svg><\/span>\n\t\t<\/span>\n\n\t\t\t\t\t\t<\/summary>\n\t\t\t\t<div role=\"region\" aria-labelledby=\"e-n-accordion-item-7240\" class=\"elementor-element elementor-element-c4ffb0d e-con-full e-flex e-con e-child\" data-id=\"c4ffb0d\" data-element_type=\"container\">\n\t\t<div role=\"region\" aria-labelledby=\"e-n-accordion-item-7240\" class=\"elementor-element elementor-element-5a74259 e-con-full e-flex e-con e-child\" data-id=\"5a74259\" data-element_type=\"container\">\n\t\t\t\t<div class=\"elementor-element elementor-element-8f5bdb0 elementor-widget elementor-widget-text-editor\" data-id=\"8f5bdb0\" data-element_type=\"widget\" data-widget_type=\"text-editor.default\">\n\t\t\t\t<div class=\"elementor-widget-container\">\n\t\t\t\t\t\t\t\t\t<p class=\"\" data-start=\"0\" data-end=\"418\">L&rsquo;ACMNN (Association Culturelle Musulmane Nantes) a \u00e9t\u00e9 fond\u00e9e en 1992, une \u00e9poque o\u00f9 les questions li\u00e9es \u00e0 l&rsquo;int\u00e9gration des populations immigr\u00e9es, en particulier celles d&rsquo;origine maghr\u00e9bine, \u00e9taient au c\u0153ur des pr\u00e9occupations sociales \u00e0 Nantes. L&rsquo;association a \u00e9t\u00e9 cr\u00e9\u00e9e \u00e0 l&rsquo;initiative de plusieurs p\u00e8res de famille, parmi lesquels Abdeljalil Nachaoui, qui a jou\u00e9 un r\u00f4le central dans la fondation de l&rsquo;association.<\/p><p class=\"\" data-start=\"420\" data-end=\"946\">Le contexte de sa cr\u00e9ation d\u00e9coule d&rsquo;une probl\u00e9matique bien pr\u00e9cise : l&rsquo;isolement des familles issues de l&rsquo;immigration, notamment celles d&rsquo;origine \u00e9trang\u00e8re, et la non-implication de certains parents dans les structures associatives locales. Les membres fondateurs, en partenariat avec l&rsquo;APS (Association de Pr\u00e9vention Sp\u00e9cialis\u00e9e), ont observ\u00e9 que de nombreuses personnes, souvent issues de l&rsquo;immigration, \u00e9taient \u00e9loign\u00e9es des dispositifs sociaux et associatifs en raison de barri\u00e8res culturelles, linguistiques et sociales.<\/p><p class=\"\" data-start=\"948\" data-end=\"1504\">Face \u00e0 cette situation, des r\u00e9unions ont \u00e9t\u00e9 organis\u00e9es pour r\u00e9fl\u00e9chir ensemble \u00e0 une solution. C&rsquo;est ainsi qu&rsquo;est n\u00e9e l&rsquo;id\u00e9e de cr\u00e9er un espace de rassemblement et de soutien pour les habitants de la ville de Nantes, permettant \u00e0 ceux-ci de trouver une aide dans leur parcours d&rsquo;int\u00e9gration, d&rsquo;\u00e9ducation et de vie quotidienne. L&rsquo;objectif \u00e9tait de favoriser l&rsquo;inclusion des populations immigr\u00e9es et de leur offrir un lieu o\u00f9 elles pouvaient trouver des services d&rsquo;accompagnement, des opportunit\u00e9s d&rsquo;\u00e9ducation et de culture, ainsi qu&rsquo;un cadre de solidarit\u00e9.<\/p><p class=\"\" data-start=\"1506\" data-end=\"1950\">Apr\u00e8s plusieurs discussions et r\u00e9flexions, le projet a \u00e9t\u00e9 concr\u00e9tis\u00e9 sous le nom de <strong data-start=\"1591\" data-end=\"1642\">ACMNN (Association Culturelle Musulmane Nantes)<\/strong>. L&rsquo;id\u00e9e \u00e9tait de cr\u00e9er une association qui soit inclusive, la\u00efque et accessible \u00e0 tous, sans distinction de race, de religion ou de statut social. Cela a permis \u00e0 l&rsquo;ACMNN de se positionner comme un acteur central dans la promotion de la solidarit\u00e9, de la mixit\u00e9 sociale et de l&rsquo;\u00e9galit\u00e9 des chances \u00e0 Nantes.<\/p><p class=\"\" data-start=\"1952\" data-end=\"2381\">Depuis sa fondation, l&rsquo;ACMNN a su s&rsquo;ancrer dans la ville et s&rsquo;impliquer de mani\u00e8re significative dans l&rsquo;accompagnement des personnes vuln\u00e9rables, tout en \u0153uvrant pour leur \u00e9panouissement culturel, social et \u00e9ducatif. Cette d\u00e9marche a permis \u00e0 l&rsquo;association de cr\u00e9er un v\u00e9ritable lien de proximit\u00e9 avec les habitants et de se diversifier au fil des ann\u00e9es, en proposant des services vari\u00e9s et adapt\u00e9s aux besoins de la communaut\u00e9.<\/p><p class=\"\" data-start=\"2383\" data-end=\"2632\">Ainsi, l&rsquo;ACMNN, n\u00e9e de l&rsquo;initiative d&rsquo;hommes et de femmes d\u00e9termin\u00e9s \u00e0 r\u00e9pondre aux d\u00e9fis de l&rsquo;immigration et de l&rsquo;int\u00e9gration, a su, au fil du temps, devenir un pilier dans la lutte contre l&rsquo;exclusion sociale et pour l&rsquo;\u00e9galit\u00e9 des chances \u00e0 Nantes<\/p>\t\t\t\t\t\t\t\t<\/div>\n\t\t\t\t<\/div>\n\t\t\t\t<\/div>\n\t\t\t\t<\/div>\n\t\t\t\t\t<\/details>\n\t\t\t\t\t\t<details id=\"e-n-accordion-item-7241\" class=\"e-n-accordion-item\" >\n\t\t\t\t<summary class=\"e-n-accordion-item-title\" data-accordion-index=\"2\" tabindex=\"-1\" aria-expanded=\"false\" aria-controls=\"e-n-accordion-item-7241\" >\n\t\t\t\t\t<span class='e-n-accordion-item-title-header'><div class=\"e-n-accordion-item-title-text\"> Article n\u00b02 <\/div><\/span>\n\t\t\t\t\t\t\t<span class='e-n-accordion-item-title-icon'>\n\t\t\t<span class='e-opened' ><svg aria-hidden=\"true\" class=\"e-font-icon-svg e-fas-minus\" viewBox=\"0 0 448 512\" xmlns=\"http:\/\/www.w3.org\/2000\/svg\"><path d=\"M416 208H32c-17.67 0-32 14.33-32 32v32c0 17.67 14.33 32 32 32h384c17.67 0 32-14.33 32-32v-32c0-17.67-14.33-32-32-32z\"><\/path><\/svg><\/span>\n\t\t\t<span class='e-closed'><svg aria-hidden=\"true\" class=\"e-font-icon-svg e-fas-plus\" viewBox=\"0 0 448 512\" xmlns=\"http:\/\/www.w3.org\/2000\/svg\"><path d=\"M416 208H272V64c0-17.67-14.33-32-32-32h-32c-17.67 0-32 14.33-32 32v144H32c-17.67 0-32 14.33-32 32v32c0 17.67 14.33 32 32 32h144v144c0 17.67 14.33 32 32 32h32c17.67 0 32-14.33 32-32V304h144c17.67 0 32-14.33 32-32v-32c0-17.67-14.33-32-32-32z\"><\/path><\/svg><\/span>\n\t\t<\/span>\n\n\t\t\t\t\t\t<\/summary>\n\t\t\t\t<div role=\"region\" aria-labelledby=\"e-n-accordion-item-7241\" class=\"elementor-element elementor-element-27e8e94 e-con-full e-flex e-con e-child\" data-id=\"27e8e94\" data-element_type=\"container\">\n\t\t\t\t<\/div>\n\t\t\t\t\t<\/details>\n\t\t\t\t\t\t<details id=\"e-n-accordion-item-7242\" class=\"e-n-accordion-item\" >\n\t\t\t\t<summary class=\"e-n-accordion-item-title\" data-accordion-index=\"3\" tabindex=\"-1\" aria-expanded=\"false\" aria-controls=\"e-n-accordion-item-7242\" >\n\t\t\t\t\t<span class='e-n-accordion-item-title-header'><div class=\"e-n-accordion-item-title-text\"> Article n\u00b03 <\/div><\/span>\n\t\t\t\t\t\t\t<span class='e-n-accordion-item-title-icon'>\n\t\t\t<span class='e-opened' ><svg aria-hidden=\"true\" class=\"e-font-icon-svg e-fas-minus\" viewBox=\"0 0 448 512\" xmlns=\"http:\/\/www.w3.org\/2000\/svg\"><path d=\"M416 208H32c-17.67 0-32 14.33-32 32v32c0 17.67 14.33 32 32 32h384c17.67 0 32-14.33 32-32v-32c0-17.67-14.33-32-32-32z\"><\/path><\/svg><\/span>\n\t\t\t<span class='e-closed'><svg aria-hidden=\"true\" class=\"e-font-icon-svg e-fas-plus\" viewBox=\"0 0 448 512\" xmlns=\"http:\/\/www.w3.org\/2000\/svg\"><path d=\"M416 208H272V64c0-17.67-14.33-32-32-32h-32c-17.67 0-32 14.33-32 32v144H32c-17.67 0-32 14.33-32 32v32c0 17.67 14.33 32 32 32h144v144c0 17.67 14.33 32 32 32h32c17.67 0 32-14.33 32-32V304h144c17.67 0 32-14.33 32-32v-32c0-17.67-14.33-32-32-32z\"><\/path><\/svg><\/span>\n\t\t<\/span>\n\n\t\t\t\t\t\t<\/summary>\n\t\t\t\t<div role=\"region\" aria-labelledby=\"e-n-accordion-item-7242\" class=\"elementor-element elementor-element-60efc90 e-con-full e-flex e-con e-child\" data-id=\"60efc90\" data-element_type=\"container\">\n\t\t\t\t<\/div>\n\t\t\t\t\t<\/details>\n\t\t\t\t\t<\/div>\n\t\t\t\t\t\t<\/div>\n\t\t\t\t<\/div>\n\t\t\t\t<\/div>\n\t\t\t\t<\/div>\n\t\t","protected":false},"excerpt":{"rendered":"<p>Blog Bienvenue sur notre blog, un espace d\u00e9di\u00e9 pour d\u00e9couvrir l\u2019histoire et l\u2019\u00e9volution de notre association \u00e0 travers les ann\u00e9es. [&hellip;]<\/p>\n","protected":false},"author":1,"featured_media":0,"parent":0,"menu_order":0,"comment_status":"closed","ping_status":"closed","template":"","meta":{"site-sidebar-layout":"no-sidebar","site-content-layout":"","ast-site-content-layout":"full-width-container","site-content-style":"default","site-sidebar-style":"default","ast-global-header-display":"","ast-banner-title-visibility":"","ast-main-header-display":"","ast-hfb-above-header-display":"","ast-hfb-below-header-display":"","ast-hfb-mobile-header-display":"","site-post-title":"disabled","ast-breadcrumbs-content":"","ast-featured-img":"disabled","footer-sml-layout":"","theme-transparent-header-meta":"","adv-header-id-meta":"","stick-header-meta":"","header-above-stick-meta":"","header-main-stick-meta":"","header-below-stick-meta":"","astra-migrate-meta-layouts":"default","ast-page-background-enabled":"default","ast-page-background-meta":{"desktop":{"background-color":"var(--ast-global-color-5)","background-image":"","background-repeat":"repeat","background-position":"center center","background-size":"auto","background-attachment":"scroll","background-type":"","background-media":"","overlay-type":"","overlay-color":"","overlay-opacity":"","overlay-gradient":""},"tablet":{"background-color":"","background-image":"","background-repeat":"repeat","background-position":"center center","background-size":"auto","background-attachment":"scroll","background-type":"","background-media":"","overlay-type":"","overlay-color":"","overlay-opacity":"","overlay-gradient":""},"mobile":{"background-color":"","background-image":"","background-repeat":"repeat","background-position":"center center","background-size":"auto","background-attachment":"scroll","background-type":"","background-media":"","overlay-type":"","overlay-color":"","overlay-opacity":"","overlay-gradient":""}},"ast-content-background-meta":{"desktop":{"background-color":"var(--ast-global-color-4)","background-image":"","background-repeat":"repeat","background-position":"center center","background-size":"auto","background-attachment":"scroll","background-type":"","background-media":"","overlay-type":"","overlay-color":"","overlay-opacity":"","overlay-gradient":""},"tablet":{"background-color":"var(--ast-global-color-4)","background-image":"","background-repeat":"repeat","background-position":"center center","background-size":"auto","background-attachment":"scroll","background-type":"","background-media":"","overlay-type":"","overlay-color":"","overlay-opacity":"","overlay-gradient":""},"mobile":{"background-color":"var(--ast-global-color-4)","background-image":"","background-repeat":"repeat","background-position":"center center","background-size":"auto","background-attachment":"scroll","background-type":"","background-media":"","overlay-type":"","overlay-color":"","overlay-opacity":"","overlay-gradient":""}},"footnotes":""},"class_list":["post-54","page","type-page","status-publish","hentry"],"yoast_head":"<!-- This site is optimized with the Yoast SEO plugin v24.7 - https:\/\/yoast.com\/wordpress\/plugins\/seo\/ -->\n<title>Blog -<\/title>\n<meta name=\"description\" content=\"ACMNN,Accueil, Association culturelle , int\u00e9gration, inclusion sociale, soutien aux familles,mixit\u00e9 sociale, Accompagnement social, la\u00efcit\u00e9, ouverture \u00e0 tous, Soutien moral , soutien aux jeunes, programme vacances, soutien linguistique , soutien \u00e9ducatif, aides aux immigr\u00e9s, parcours d\u2019insertion, engagement,initiative locale, programme vacances, loisirs, divertissement,Acc\u00e8s aux doits sociaux, aide administrative, diversit\u00e9, devenir b\u00e9n\u00e9vole, action sociale, \u00eatre volontaire, Nantes ,Nord.\" \/>\n<meta name=\"robots\" content=\"index, follow, max-snippet:-1, max-image-preview:large, max-video-preview:-1\" \/>\n<link rel=\"canonical\" href=\"https:\/\/stage.acmnn.fr\/wordpress\/blog\/\" \/>\n<meta property=\"og:locale\" content=\"fr_FR\" \/>\n<meta property=\"og:type\" content=\"article\" \/>\n<meta property=\"og:title\" content=\"Blog -\" \/>\n<meta property=\"og:description\" content=\"ACMNN,Accueil, Association culturelle , int\u00e9gration, inclusion sociale, soutien aux familles,mixit\u00e9 sociale, Accompagnement social, la\u00efcit\u00e9, ouverture \u00e0 tous, Soutien moral , soutien aux jeunes, programme vacances, soutien linguistique , soutien \u00e9ducatif, aides aux immigr\u00e9s, parcours d\u2019insertion, engagement,initiative locale, programme vacances, loisirs, divertissement,Acc\u00e8s aux doits sociaux, aide administrative, diversit\u00e9, devenir b\u00e9n\u00e9vole, action sociale, \u00eatre volontaire, Nantes ,Nord.\" \/>\n<meta property=\"og:url\" content=\"https:\/\/stage.acmnn.fr\/wordpress\/blog\/\" \/>\n<meta property=\"article:modified_time\" content=\"2025-05-14T09:51:52+00:00\" \/>\n<meta name=\"twitter:card\" content=\"summary_large_image\" \/>\n<meta name=\"twitter:label1\" content=\"Dur\u00e9e de lecture estim\u00e9e\" \/>\n\t<meta name=\"twitter:data1\" content=\"5 minutes\" \/>\n<script type=\"application\/ld+json\" class=\"yoast-schema-graph\">{\"@context\":\"https:\/\/schema.org\",\"@graph\":[{\"@type\":\"WebPage\",\"@id\":\"https:\/\/stage.acmnn.fr\/wordpress\/blog\/\",\"url\":\"https:\/\/stage.acmnn.fr\/wordpress\/blog\/\",\"name\":\"Blog -\",\"isPartOf\":{\"@id\":\"https:\/\/stage.acmnn.fr\/wordpress\/#website\"},\"datePublished\":\"2025-03-27T15:09:25+00:00\",\"dateModified\":\"2025-05-14T09:51:52+00:00\",\"description\":\"ACMNN,Accueil, Association culturelle , int\u00e9gration, inclusion sociale, soutien aux familles,mixit\u00e9 sociale, Accompagnement social, la\u00efcit\u00e9, ouverture \u00e0 tous, Soutien moral , soutien aux jeunes, programme vacances, soutien linguistique , soutien \u00e9ducatif, aides aux immigr\u00e9s, parcours d\u2019insertion, engagement,initiative locale, programme vacances, loisirs, divertissement,Acc\u00e8s aux doits sociaux, aide administrative, diversit\u00e9, devenir b\u00e9n\u00e9vole, action sociale, \u00eatre volontaire, Nantes ,Nord.\",\"breadcrumb\":{\"@id\":\"https:\/\/stage.acmnn.fr\/wordpress\/blog\/#breadcrumb\"},\"inLanguage\":\"fr-FR\",\"potentialAction\":[{\"@type\":\"ReadAction\",\"target\":[\"https:\/\/stage.acmnn.fr\/wordpress\/blog\/\"]}]},{\"@type\":\"BreadcrumbList\",\"@id\":\"https:\/\/stage.acmnn.fr\/wordpress\/blog\/#breadcrumb\",\"itemListElement\":[{\"@type\":\"ListItem\",\"position\":1,\"name\":\"Accueil\",\"item\":\"https:\/\/stage.acmnn.fr\/wordpress\/\"},{\"@type\":\"ListItem\",\"position\":2,\"name\":\"Blog\"}]},{\"@type\":\"WebSite\",\"@id\":\"https:\/\/stage.acmnn.fr\/wordpress\/#website\",\"url\":\"https:\/\/stage.acmnn.fr\/wordpress\/\",\"name\":\"\",\"description\":\"Association culturelle\",\"potentialAction\":[{\"@type\":\"SearchAction\",\"target\":{\"@type\":\"EntryPoint\",\"urlTemplate\":\"https:\/\/stage.acmnn.fr\/wordpress\/?s={search_term_string}\"},\"query-input\":{\"@type\":\"PropertyValueSpecification\",\"valueRequired\":true,\"valueName\":\"search_term_string\"}}],\"inLanguage\":\"fr-FR\"}]}<\/script>\n<!-- \/ Yoast SEO plugin. -->","yoast_head_json":{"title":"Blog -","description":"ACMNN,Accueil, Association culturelle , int\u00e9gration, inclusion sociale, soutien aux familles,mixit\u00e9 sociale, Accompagnement social, la\u00efcit\u00e9, ouverture \u00e0 tous, Soutien moral , soutien aux jeunes, programme vacances, soutien linguistique , soutien \u00e9ducatif, aides aux immigr\u00e9s, parcours d\u2019insertion, engagement,initiative locale, programme vacances, loisirs, divertissement,Acc\u00e8s aux doits sociaux, aide administrative, diversit\u00e9, devenir b\u00e9n\u00e9vole, action sociale, \u00eatre volontaire, Nantes ,Nord.","robots":{"index":"index","follow":"follow","max-snippet":"max-snippet:-1","max-image-preview":"max-image-preview:large","max-video-preview":"max-video-preview:-1"},"canonical":"https:\/\/stage.acmnn.fr\/wordpress\/blog\/","og_locale":"fr_FR","og_type":"article","og_title":"Blog -","og_description":"ACMNN,Accueil, Association culturelle , int\u00e9gration, inclusion sociale, soutien aux familles,mixit\u00e9 sociale, Accompagnement social, la\u00efcit\u00e9, ouverture \u00e0 tous, Soutien moral , soutien aux jeunes, programme vacances, soutien linguistique , soutien \u00e9ducatif, aides aux immigr\u00e9s, parcours d\u2019insertion, engagement,initiative locale, programme vacances, loisirs, divertissement,Acc\u00e8s aux doits sociaux, aide administrative, diversit\u00e9, devenir b\u00e9n\u00e9vole, action sociale, \u00eatre volontaire, Nantes ,Nord.","og_url":"https:\/\/stage.acmnn.fr\/wordpress\/blog\/","article_modified_time":"2025-05-14T09:51:52+00:00","twitter_card":"summary_large_image","twitter_misc":{"Dur\u00e9e de lecture estim\u00e9e":"5 minutes"},"schema":{"@context":"https:\/\/schema.org","@graph":[{"@type":"WebPage","@id":"https:\/\/stage.acmnn.fr\/wordpress\/blog\/","url":"https:\/\/stage.acmnn.fr\/wordpress\/blog\/","name":"Blog -","isPartOf":{"@id":"https:\/\/stage.acmnn.fr\/wordpress\/#website"},"datePublished":"2025-03-27T15:09:25+00:00","dateModified":"2025-05-14T09:51:52+00:00","description":"ACMNN,Accueil, Association culturelle , int\u00e9gration, inclusion sociale, soutien aux familles,mixit\u00e9 sociale, Accompagnement social, la\u00efcit\u00e9, ouverture \u00e0 tous, Soutien moral , soutien aux jeunes, programme vacances, soutien linguistique , soutien \u00e9ducatif, aides aux immigr\u00e9s, parcours d\u2019insertion, engagement,initiative locale, programme vacances, loisirs, divertissement,Acc\u00e8s aux doits sociaux, aide administrative, diversit\u00e9, devenir b\u00e9n\u00e9vole, action sociale, \u00eatre volontaire, Nantes ,Nord.","breadcrumb":{"@id":"https:\/\/stage.acmnn.fr\/wordpress\/blog\/#breadcrumb"},"inLanguage":"fr-FR","potentialAction":[{"@type":"ReadAction","target":["https:\/\/stage.acmnn.fr\/wordpress\/blog\/"]}]},{"@type":"BreadcrumbList","@id":"https:\/\/stage.acmnn.fr\/wordpress\/blog\/#breadcrumb","itemListElement":[{"@type":"ListItem","position":1,"name":"Accueil","item":"https:\/\/stage.acmnn.fr\/wordpress\/"},{"@type":"ListItem","position":2,"name":"Blog"}]},{"@type":"WebSite","@id":"https:\/\/stage.acmnn.fr\/wordpress\/#website","url":"https:\/\/stage.acmnn.fr\/wordpress\/","name":"","description":"Association culturelle","potentialAction":[{"@type":"SearchAction","target":{"@type":"EntryPoint","urlTemplate":"https:\/\/stage.acmnn.fr\/wordpress\/?s={search_term_string}"},"query-input":{"@type":"PropertyValueSpecification","valueRequired":true,"valueName":"search_term_string"}}],"inLanguage":"fr-FR"}]}},"_links":{"self":[{"href":"https:\/\/stage.acmnn.fr\/wordpress\/wp-json\/wp\/v2\/pages\/54","targetHints":{"allow":["GET"]}}],"collection":[{"href":"https:\/\/stage.acmnn.fr\/wordpress\/wp-json\/wp\/v2\/pages"}],"about":[{"href":"https:\/\/stage.acmnn.fr\/wordpress\/wp-json\/wp\/v2\/types\/page"}],"author":[{"embeddable":true,"href":"https:\/\/stage.acmnn.fr\/wordpress\/wp-json\/wp\/v2\/users\/1"}],"replies":[{"embeddable":true,"href":"https:\/\/stage.acmnn.fr\/wordpress\/wp-json\/wp\/v2\/comments?post=54"}],"version-history":[{"count":31,"href":"https:\/\/stage.acmnn.fr\/wordpress\/wp-json\/wp\/v2\/pages\/54\/revisions"}],"predecessor-version":[{"id":1162,"href":"https:\/\/stage.acmnn.fr\/wordpress\/wp-json\/wp\/v2\/pages\/54\/revisions\/1162"}],"wp:attachment":[{"href":"https:\/\/stage.acmnn.fr\/wordpress\/wp-json\/wp\/v2\/media?parent=54"}],"curies":[{"name":"wp","href":"https:\/\/api.w.org\/{rel}","templated":true}]}}