{"id":40,"date":"2025-03-27T15:07:33","date_gmt":"2025-03-27T14:07:33","guid":{"rendered":"https:\/\/stage.acmnn.fr\/wordpress\/?page_id=40"},"modified":"2025-05-14T10:44:40","modified_gmt":"2025-05-14T08:44:40","slug":"accueil","status":"publish","type":"page","link":"https:\/\/stage.acmnn.fr\/wordpress\/","title":{"rendered":"ACMNN"},"content":{"rendered":"\t\t<div data-elementor-type=\"wp-page\" data-elementor-id=\"40\" class=\"elementor elementor-40\">\n\t\t\t\t<div class=\"elementor-element elementor-element-33050352 e-flex e-con-boxed e-con e-parent\" data-id=\"33050352\" data-element_type=\"container\">\n\t\t\t\t\t<div class=\"e-con-inner\">\n\t\t<div class=\"elementor-element elementor-element-2d2c14b e-grid e-con-full e-con e-child\" data-id=\"2d2c14b\" data-element_type=\"container\">\n\t\t\t\t<div class=\"elementor-element elementor-element-39cf19f elementor-widget-mobile__width-auto elementor-invisible elementor-widget elementor-widget-image\" data-id=\"39cf19f\" data-element_type=\"widget\" data-settings=\"{&quot;_animation&quot;:&quot;zoomIn&quot;}\" data-widget_type=\"image.default\">\n\t\t\t\t<div class=\"elementor-widget-container\">\n\t\t\t\t\t\t\t\t\t\t\t\t<figure class=\"wp-caption\">\n\t\t\t\t\t\t\t\t\t\t\t<a href=\"https:\/\/stage.acmnn.fr\/wordpress\/page-d-exemple\/\">\n\t\t\t\t\t\t\t<img decoding=\"async\" src=\"https:\/\/stage.acmnn.fr\/wordpress\/wp-content\/uploads\/elementor\/thumbs\/3-r4u02p7gx1fhgt2no05e2nxwhruym33auoej4eewvw.png\" title=\"3\" alt=\"3\" loading=\"lazy\" \/>\t\t\t\t\t\t\t\t<\/a>\n\t\t\t\t\t\t\t\t\t\t\t<figcaption class=\"widget-image-caption wp-caption-text\"><\/figcaption>\n\t\t\t\t\t\t\t\t\t\t<\/figure>\n\t\t\t\t\t\t\t\t\t<\/div>\n\t\t\t\t<\/div>\n\t\t\t\t<div class=\"elementor-element elementor-element-8d633c9 elementor-widget__width-initial elementor-invisible elementor-widget elementor-widget-image\" data-id=\"8d633c9\" data-element_type=\"widget\" data-settings=\"{&quot;_animation&quot;:&quot;zoomIn&quot;}\" data-widget_type=\"image.default\">\n\t\t\t\t<div class=\"elementor-widget-container\">\n\t\t\t\t\t\t\t\t\t\t\t\t<figure class=\"wp-caption\">\n\t\t\t\t\t\t\t\t\t\t\t<a href=\"https:\/\/stage.acmnn.fr\/wordpress\/activites\/\">\n\t\t\t\t\t\t\t<img decoding=\"async\" src=\"https:\/\/stage.acmnn.fr\/wordpress\/wp-content\/uploads\/elementor\/thumbs\/Ve-r4tzvt22srzsbr33x0vvsek7o1u25zq5wk6cfcmuik.png\" title=\"Ve\" alt=\"Ve\" loading=\"lazy\" \/>\t\t\t\t\t\t\t\t<\/a>\n\t\t\t\t\t\t\t\t\t\t\t<figcaption class=\"widget-image-caption wp-caption-text\"><\/figcaption>\n\t\t\t\t\t\t\t\t\t\t<\/figure>\n\t\t\t\t\t\t\t\t\t<\/div>\n\t\t\t\t<\/div>\n\t\t\t\t<div class=\"elementor-element elementor-element-d07f47c elementor-invisible elementor-widget elementor-widget-image\" data-id=\"d07f47c\" data-element_type=\"widget\" data-settings=\"{&quot;_animation&quot;:&quot;zoomIn&quot;}\" data-widget_type=\"image.default\">\n\t\t\t\t<div class=\"elementor-widget-container\">\n\t\t\t\t\t\t\t\t\t\t\t\t<figure class=\"wp-caption\">\n\t\t\t\t\t\t\t\t\t\t\t<a href=\"https:\/\/stage.acmnn.fr\/wordpress\/programmes-linguistiques\/\">\n\t\t\t\t\t\t\t<img decoding=\"async\" src=\"https:\/\/stage.acmnn.fr\/wordpress\/wp-content\/uploads\/elementor\/thumbs\/2-r4u02jkfs17rj5aukxpmnpd4xgmrbwgwtwhm8qn9x8.png\" title=\"2\" alt=\"2\" loading=\"lazy\" \/>\t\t\t\t\t\t\t\t<\/a>\n\t\t\t\t\t\t\t\t\t\t\t<figcaption class=\"widget-image-caption wp-caption-text\"><\/figcaption>\n\t\t\t\t\t\t\t\t\t\t<\/figure>\n\t\t\t\t\t\t\t\t\t<\/div>\n\t\t\t\t<\/div>\n\t\t\t\t<div class=\"elementor-element elementor-element-92c7f30 elementor-invisible elementor-widget elementor-widget-image\" data-id=\"92c7f30\" data-element_type=\"widget\" data-settings=\"{&quot;_animation&quot;:&quot;zoomIn&quot;}\" data-widget_type=\"image.default\">\n\t\t\t\t<div class=\"elementor-widget-container\">\n\t\t\t\t\t\t\t\t\t\t\t\t<figure class=\"wp-caption\">\n\t\t\t\t\t\t\t\t\t\t\t<a href=\"https:\/\/stage.acmnn.fr\/wordpress\/aide-administrative\/\">\n\t\t\t\t\t\t\t<img decoding=\"async\" src=\"https:\/\/stage.acmnn.fr\/wordpress\/wp-content\/uploads\/elementor\/thumbs\/IMG_0732-r5o07ldbhzx1falh77oe17458h647ff8d142aze870.png\" title=\"IMG_0732\" alt=\"IMG_0732\" loading=\"lazy\" \/>\t\t\t\t\t\t\t\t<\/a>\n\t\t\t\t\t\t\t\t\t\t\t<figcaption class=\"widget-image-caption wp-caption-text\"><\/figcaption>\n\t\t\t\t\t\t\t\t\t\t<\/figure>\n\t\t\t\t\t\t\t\t\t<\/div>\n\t\t\t\t<\/div>\n\t\t\t\t<\/div>\n\t\t\t\t\t<\/div>\n\t\t\t\t<\/div>\n\t\t<div class=\"elementor-element elementor-element-8e979dc e-grid e-con-boxed e-con e-parent\" data-id=\"8e979dc\" data-element_type=\"container\">\n\t\t\t\t\t<div class=\"e-con-inner\">\n\t\t\t\t<div class=\"elementor-element elementor-element-66f5e8f elementor-invisible elementor-widget elementor-widget-image\" data-id=\"66f5e8f\" data-element_type=\"widget\" data-settings=\"{&quot;_animation&quot;:&quot;fadeIn&quot;}\" data-widget_type=\"image.default\">\n\t\t\t\t<div class=\"elementor-widget-container\">\n\t\t\t\t\t\t\t\t\t\t\t\t<figure class=\"wp-caption\">\n\t\t\t\t\t\t\t\t\t\t\t<a href=\"https:\/\/stage.acmnn.fr\/wordpress\/devenir-benevole\/\">\n\t\t\t\t\t\t\t<img decoding=\"async\" src=\"https:\/\/stage.acmnn.fr\/wordpress\/wp-content\/uploads\/elementor\/thumbs\/IMG_0729-e1746991715408-r5o00oa5mm1bi93rgstbdkqq5qm1r9rmnt97uj6he0.png\" title=\"IMG_0729\" alt=\"IMG_0729\" loading=\"lazy\" \/>\t\t\t\t\t\t\t\t<\/a>\n\t\t\t\t\t\t\t\t\t\t\t<figcaption class=\"widget-image-caption wp-caption-text\"><\/figcaption>\n\t\t\t\t\t\t\t\t\t\t<\/figure>\n\t\t\t\t\t\t\t\t\t<\/div>\n\t\t\t\t<\/div>\n\t\t\t\t<div class=\"elementor-element elementor-element-28dfa00 elementor-widget elementor-widget-text-editor\" data-id=\"28dfa00\" data-element_type=\"widget\" data-widget_type=\"text-editor.default\">\n\t\t\t\t<div class=\"elementor-widget-container\">\n\t\t\t\t\t\t\t\t\t<h3 class=\"\" data-start=\"91\" data-end=\"116\">Qu&rsquo;est ce que l\u2019ACMNN<\/h3><p class=\"\" data-start=\"117\" data-end=\"252\"><strong data-start=\"117\" data-end=\"165\">L\u2019Association Culturelle <\/strong>solidaire, de rencontre et d\u2019\u00e9panouissement ouvert \u00e0 toutes et \u00e0 tous.<\/p><p class=\"\" data-start=\"254\" data-end=\"555\">Depuis sa cr\u00e9ation en 1992, notre association agit au c\u0153ur des quartiers pour accompagner les personnes isol\u00e9es ou issues de l\u2019immigration. N\u00e9e d\u2019une volont\u00e9 de favoriser l\u2019implication des familles dans la vie locale, l\u2019ACMNN propose un large \u00e9ventail d\u2019activit\u00e9s accessibles \u00e0 tous, sans distinction.<\/p><p class=\"\" data-start=\"557\" data-end=\"617\">Nos actions s\u2019organisent autour de trois axes principaux :<\/p><ul data-start=\"618\" data-end=\"835\"><li class=\"\" data-start=\"618\" data-end=\"692\"><p class=\"\" data-start=\"620\" data-end=\"692\">R\u00e9ussite \u00e9ducative (soutien scolaire, ateliers pour enfants et jeunes)<\/p><\/li><li class=\"\" data-start=\"693\" data-end=\"773\"><p class=\"\" data-start=\"695\" data-end=\"773\">Soutien aux publics en difficult\u00e9 (cours de fran\u00e7ais, accompagnement social)<\/p><\/li><li class=\"\" data-start=\"774\" data-end=\"835\"><p class=\"\" data-start=\"776\" data-end=\"835\">Loisirs et sport (activit\u00e9s physiques, sorties culturelles)<\/p><\/li><\/ul><p class=\"\" data-start=\"837\" data-end=\"1092\">Engag\u00e9s pour une soci\u00e9t\u00e9 plus juste et inclusive, nous favorisons l&rsquo;int\u00e9gration \u00e0 travers la d\u00e9couverte de Nantes et de ses richesses culturelles. Toutes nos activit\u00e9s sont gratuites ou \u00e0 participation symbolique, pour garantir l\u2019acc\u00e8s \u00e9quitable \u00e0 chacun.<\/p><p class=\"\" data-start=\"1094\" data-end=\"1154\">Rejoignez-nous et construisons ensemble un avenir solidaire.<\/p>\t\t\t\t\t\t\t\t<\/div>\n\t\t\t\t<\/div>\n\t\t\t\t\t<\/div>\n\t\t\t\t<\/div>\n\t\t\t\t<\/div>\n\t\t","protected":false},"excerpt":{"rendered":"<p>Qu&rsquo;est ce que l\u2019ACMNN L\u2019Association Culturelle solidaire, de rencontre et d\u2019\u00e9panouissement ouvert \u00e0 toutes et \u00e0 tous. Depuis sa cr\u00e9ation [&hellip;]<\/p>\n","protected":false},"author":1,"featured_media":0,"parent":0,"menu_order":0,"comment_status":"closed","ping_status":"closed","template":"","meta":{"site-sidebar-layout":"no-sidebar","site-content-layout":"","ast-site-content-layout":"","site-content-style":"default","site-sidebar-style":"default","ast-global-header-display":"","ast-banner-title-visibility":"","ast-main-header-display":"","ast-hfb-above-header-display":"","ast-hfb-below-header-display":"","ast-hfb-mobile-header-display":"","site-post-title":"disabled","ast-breadcrumbs-content":"","ast-featured-img":"disabled","footer-sml-layout":"","theme-transparent-header-meta":"","adv-header-id-meta":"","stick-header-meta":"","header-above-stick-meta":"","header-main-stick-meta":"","header-below-stick-meta":"","astra-migrate-meta-layouts":"default","ast-page-background-enabled":"default","ast-page-background-meta":{"desktop":{"background-color":"var(--ast-global-color-5)","background-image":"","background-repeat":"repeat","background-position":"center center","background-size":"auto","background-attachment":"scroll","background-type":"","background-media":"","overlay-type":"","overlay-color":"","overlay-opacity":"","overlay-gradient":""},"tablet":{"background-color":"","background-image":"","background-repeat":"repeat","background-position":"center center","background-size":"auto","background-attachment":"scroll","background-type":"","background-media":"","overlay-type":"","overlay-color":"","overlay-opacity":"","overlay-gradient":""},"mobile":{"background-color":"","background-image":"","background-repeat":"repeat","background-position":"center center","background-size":"auto","background-attachment":"scroll","background-type":"","background-media":"","overlay-type":"","overlay-color":"","overlay-opacity":"","overlay-gradient":""}},"ast-content-background-meta":{"desktop":{"background-color":"var(--ast-global-color-4)","background-image":"","background-repeat":"repeat","background-position":"center center","background-size":"auto","background-attachment":"scroll","background-type":"","background-media":"","overlay-type":"","overlay-color":"","overlay-opacity":"","overlay-gradient":""},"tablet":{"background-color":"var(--ast-global-color-4)","background-image":"","background-repeat":"repeat","background-position":"center center","background-size":"auto","background-attachment":"scroll","background-type":"","background-media":"","overlay-type":"","overlay-color":"","overlay-opacity":"","overlay-gradient":""},"mobile":{"background-color":"var(--ast-global-color-4)","background-image":"","background-repeat":"repeat","background-position":"center center","background-size":"auto","background-attachment":"scroll","background-type":"","background-media":"","overlay-type":"","overlay-color":"","overlay-opacity":"","overlay-gradient":""}},"footnotes":""},"class_list":["post-40","page","type-page","status-publish","hentry"],"yoast_head":"<!-- This site is optimized with the Yoast SEO plugin v24.7 - https:\/\/yoast.com\/wordpress\/plugins\/seo\/ -->\n<title>ACMNN -<\/title>\n<meta name=\"description\" content=\"Notre association \u00e0 Nantes, engag\u00e9e dans la solidarit\u00e9 et la diversit\u00e9, propose des services d&#039;accompagnement \u00e9ducatif et de soutien scolaire. \u00c0 travers des activit\u00e9s vari\u00e9es, telles que des cours de fran\u00e7ais langue \u00e9trang\u00e8re (FLE), des ateliers de remise en forme pour femmes, et des \u00e9v\u00e9nements sportifs et de loisirs, nous favorisons l&#039;inclusion, la mixit\u00e9 et le vivre-ensemble. Nous croyons en la transmission des savoirs, la participation active, et la collaboration entre les membres de notre communaut\u00e9 pour construire une soci\u00e9t\u00e9 plus solidaire. Avec un fort accent sur la p\u00e9dagogie, l&#039;entraide et la r\u00e9ussite individuelle, notre mission est de cr\u00e9er un espace de partage et d&#039;apprentissage, o\u00f9 chaque personne peut d\u00e9velopper son identit\u00e9, ses comp\u00e9tences et ses valeurs humaines, tout en renfor\u00e7ant les liens sociaux et la participation citoyenne.\" \/>\n<meta name=\"robots\" content=\"index, follow, max-snippet:-1, max-image-preview:large, max-video-preview:-1\" \/>\n<link rel=\"canonical\" href=\"https:\/\/stage.acmnn.fr\/wordpress\/\" \/>\n<meta property=\"og:locale\" content=\"fr_FR\" \/>\n<meta property=\"og:type\" content=\"article\" \/>\n<meta property=\"og:title\" content=\"ACMNN -\" \/>\n<meta property=\"og:description\" content=\"Notre association \u00e0 Nantes, engag\u00e9e dans la solidarit\u00e9 et la diversit\u00e9, propose des services d&#039;accompagnement \u00e9ducatif et de soutien scolaire. \u00c0 travers des activit\u00e9s vari\u00e9es, telles que des cours de fran\u00e7ais langue \u00e9trang\u00e8re (FLE), des ateliers de remise en forme pour femmes, et des \u00e9v\u00e9nements sportifs et de loisirs, nous favorisons l&#039;inclusion, la mixit\u00e9 et le vivre-ensemble. Nous croyons en la transmission des savoirs, la participation active, et la collaboration entre les membres de notre communaut\u00e9 pour construire une soci\u00e9t\u00e9 plus solidaire. Avec un fort accent sur la p\u00e9dagogie, l&#039;entraide et la r\u00e9ussite individuelle, notre mission est de cr\u00e9er un espace de partage et d&#039;apprentissage, o\u00f9 chaque personne peut d\u00e9velopper son identit\u00e9, ses comp\u00e9tences et ses valeurs humaines, tout en renfor\u00e7ant les liens sociaux et la participation citoyenne.\" \/>\n<meta property=\"og:url\" content=\"https:\/\/stage.acmnn.fr\/wordpress\/\" \/>\n<meta property=\"article:modified_time\" content=\"2025-05-14T08:44:40+00:00\" \/>\n<meta property=\"og:image\" content=\"https:\/\/stage.acmnn.fr\/wordpress\/wp-content\/uploads\/elementor\/thumbs\/3-r4u02p7gx1fhgt2no05e2nxwhruym33auoej4eewvw.png\" \/>\n<meta name=\"twitter:card\" content=\"summary_large_image\" \/>\n<meta name=\"twitter:label1\" content=\"Dur\u00e9e de lecture estim\u00e9e\" \/>\n\t<meta name=\"twitter:data1\" content=\"2 minutes\" \/>\n<script type=\"application\/ld+json\" class=\"yoast-schema-graph\">{\"@context\":\"https:\/\/schema.org\",\"@graph\":[{\"@type\":\"WebPage\",\"@id\":\"https:\/\/stage.acmnn.fr\/wordpress\/\",\"url\":\"https:\/\/stage.acmnn.fr\/wordpress\/\",\"name\":\"ACMNN -\",\"isPartOf\":{\"@id\":\"https:\/\/stage.acmnn.fr\/wordpress\/#website\"},\"primaryImageOfPage\":{\"@id\":\"https:\/\/stage.acmnn.fr\/wordpress\/#primaryimage\"},\"image\":{\"@id\":\"https:\/\/stage.acmnn.fr\/wordpress\/#primaryimage\"},\"thumbnailUrl\":\"https:\/\/stage.acmnn.fr\/wordpress\/wp-content\/uploads\/elementor\/thumbs\/3-r4u02p7gx1fhgt2no05e2nxwhruym33auoej4eewvw.png\",\"datePublished\":\"2025-03-27T14:07:33+00:00\",\"dateModified\":\"2025-05-14T08:44:40+00:00\",\"description\":\"Notre association \u00e0 Nantes, engag\u00e9e dans la solidarit\u00e9 et la diversit\u00e9, propose des services d'accompagnement \u00e9ducatif et de soutien scolaire. \u00c0 travers des activit\u00e9s vari\u00e9es, telles que des cours de fran\u00e7ais langue \u00e9trang\u00e8re (FLE), des ateliers de remise en forme pour femmes, et des \u00e9v\u00e9nements sportifs et de loisirs, nous favorisons l'inclusion, la mixit\u00e9 et le vivre-ensemble. Nous croyons en la transmission des savoirs, la participation active, et la collaboration entre les membres de notre communaut\u00e9 pour construire une soci\u00e9t\u00e9 plus solidaire. Avec un fort accent sur la p\u00e9dagogie, l'entraide et la r\u00e9ussite individuelle, notre mission est de cr\u00e9er un espace de partage et d'apprentissage, o\u00f9 chaque personne peut d\u00e9velopper son identit\u00e9, ses comp\u00e9tences et ses valeurs humaines, tout en renfor\u00e7ant les liens sociaux et la participation citoyenne.\",\"breadcrumb\":{\"@id\":\"https:\/\/stage.acmnn.fr\/wordpress\/#breadcrumb\"},\"inLanguage\":\"fr-FR\",\"potentialAction\":[{\"@type\":\"ReadAction\",\"target\":[\"https:\/\/stage.acmnn.fr\/wordpress\/\"]}]},{\"@type\":\"ImageObject\",\"inLanguage\":\"fr-FR\",\"@id\":\"https:\/\/stage.acmnn.fr\/wordpress\/#primaryimage\",\"url\":\"https:\/\/stage.acmnn.fr\/wordpress\/wp-content\/uploads\/elementor\/thumbs\/3-r4u02p7gx1fhgt2no05e2nxwhruym33auoej4eewvw.png\",\"contentUrl\":\"https:\/\/stage.acmnn.fr\/wordpress\/wp-content\/uploads\/elementor\/thumbs\/3-r4u02p7gx1fhgt2no05e2nxwhruym33auoej4eewvw.png\"},{\"@type\":\"BreadcrumbList\",\"@id\":\"https:\/\/stage.acmnn.fr\/wordpress\/#breadcrumb\",\"itemListElement\":[{\"@type\":\"ListItem\",\"position\":1,\"name\":\"Accueil\",\"item\":\"https:\/\/stage.acmnn.fr\/wordpress\/\"},{\"@type\":\"ListItem\",\"position\":2,\"name\":\"ACMNN\"}]},{\"@type\":\"WebSite\",\"@id\":\"https:\/\/stage.acmnn.fr\/wordpress\/#website\",\"url\":\"https:\/\/stage.acmnn.fr\/wordpress\/\",\"name\":\"\",\"description\":\"Association culturelle\",\"potentialAction\":[{\"@type\":\"SearchAction\",\"target\":{\"@type\":\"EntryPoint\",\"urlTemplate\":\"https:\/\/stage.acmnn.fr\/wordpress\/?s={search_term_string}\"},\"query-input\":{\"@type\":\"PropertyValueSpecification\",\"valueRequired\":true,\"valueName\":\"search_term_string\"}}],\"inLanguage\":\"fr-FR\"}]}<\/script>\n<!-- \/ Yoast SEO plugin. -->","yoast_head_json":{"title":"ACMNN -","description":"Notre association \u00e0 Nantes, engag\u00e9e dans la solidarit\u00e9 et la diversit\u00e9, propose des services d'accompagnement \u00e9ducatif et de soutien scolaire. \u00c0 travers des activit\u00e9s vari\u00e9es, telles que des cours de fran\u00e7ais langue \u00e9trang\u00e8re (FLE), des ateliers de remise en forme pour femmes, et des \u00e9v\u00e9nements sportifs et de loisirs, nous favorisons l'inclusion, la mixit\u00e9 et le vivre-ensemble. Nous croyons en la transmission des savoirs, la participation active, et la collaboration entre les membres de notre communaut\u00e9 pour construire une soci\u00e9t\u00e9 plus solidaire. Avec un fort accent sur la p\u00e9dagogie, l'entraide et la r\u00e9ussite individuelle, notre mission est de cr\u00e9er un espace de partage et d'apprentissage, o\u00f9 chaque personne peut d\u00e9velopper son identit\u00e9, ses comp\u00e9tences et ses valeurs humaines, tout en renfor\u00e7ant les liens sociaux et la participation citoyenne.","robots":{"index":"index","follow":"follow","max-snippet":"max-snippet:-1","max-image-preview":"max-image-preview:large","max-video-preview":"max-video-preview:-1"},"canonical":"https:\/\/stage.acmnn.fr\/wordpress\/","og_locale":"fr_FR","og_type":"article","og_title":"ACMNN -","og_description":"Notre association \u00e0 Nantes, engag\u00e9e dans la solidarit\u00e9 et la diversit\u00e9, propose des services d'accompagnement \u00e9ducatif et de soutien scolaire. \u00c0 travers des activit\u00e9s vari\u00e9es, telles que des cours de fran\u00e7ais langue \u00e9trang\u00e8re (FLE), des ateliers de remise en forme pour femmes, et des \u00e9v\u00e9nements sportifs et de loisirs, nous favorisons l'inclusion, la mixit\u00e9 et le vivre-ensemble. Nous croyons en la transmission des savoirs, la participation active, et la collaboration entre les membres de notre communaut\u00e9 pour construire une soci\u00e9t\u00e9 plus solidaire. Avec un fort accent sur la p\u00e9dagogie, l'entraide et la r\u00e9ussite individuelle, notre mission est de cr\u00e9er un espace de partage et d'apprentissage, o\u00f9 chaque personne peut d\u00e9velopper son identit\u00e9, ses comp\u00e9tences et ses valeurs humaines, tout en renfor\u00e7ant les liens sociaux et la participation citoyenne.","og_url":"https:\/\/stage.acmnn.fr\/wordpress\/","article_modified_time":"2025-05-14T08:44:40+00:00","og_image":[{"url":"https:\/\/stage.acmnn.fr\/wordpress\/wp-content\/uploads\/elementor\/thumbs\/3-r4u02p7gx1fhgt2no05e2nxwhruym33auoej4eewvw.png","type":"","width":"","height":""}],"twitter_card":"summary_large_image","twitter_misc":{"Dur\u00e9e de lecture estim\u00e9e":"2 minutes"},"schema":{"@context":"https:\/\/schema.org","@graph":[{"@type":"WebPage","@id":"https:\/\/stage.acmnn.fr\/wordpress\/","url":"https:\/\/stage.acmnn.fr\/wordpress\/","name":"ACMNN -","isPartOf":{"@id":"https:\/\/stage.acmnn.fr\/wordpress\/#website"},"primaryImageOfPage":{"@id":"https:\/\/stage.acmnn.fr\/wordpress\/#primaryimage"},"image":{"@id":"https:\/\/stage.acmnn.fr\/wordpress\/#primaryimage"},"thumbnailUrl":"https:\/\/stage.acmnn.fr\/wordpress\/wp-content\/uploads\/elementor\/thumbs\/3-r4u02p7gx1fhgt2no05e2nxwhruym33auoej4eewvw.png","datePublished":"2025-03-27T14:07:33+00:00","dateModified":"2025-05-14T08:44:40+00:00","description":"Notre association \u00e0 Nantes, engag\u00e9e dans la solidarit\u00e9 et la diversit\u00e9, propose des services d'accompagnement \u00e9ducatif et de soutien scolaire. \u00c0 travers des activit\u00e9s vari\u00e9es, telles que des cours de fran\u00e7ais langue \u00e9trang\u00e8re (FLE), des ateliers de remise en forme pour femmes, et des \u00e9v\u00e9nements sportifs et de loisirs, nous favorisons l'inclusion, la mixit\u00e9 et le vivre-ensemble. Nous croyons en la transmission des savoirs, la participation active, et la collaboration entre les membres de notre communaut\u00e9 pour construire une soci\u00e9t\u00e9 plus solidaire. Avec un fort accent sur la p\u00e9dagogie, l'entraide et la r\u00e9ussite individuelle, notre mission est de cr\u00e9er un espace de partage et d'apprentissage, o\u00f9 chaque personne peut d\u00e9velopper son identit\u00e9, ses comp\u00e9tences et ses valeurs humaines, tout en renfor\u00e7ant les liens sociaux et la participation citoyenne.","breadcrumb":{"@id":"https:\/\/stage.acmnn.fr\/wordpress\/#breadcrumb"},"inLanguage":"fr-FR","potentialAction":[{"@type":"ReadAction","target":["https:\/\/stage.acmnn.fr\/wordpress\/"]}]},{"@type":"ImageObject","inLanguage":"fr-FR","@id":"https:\/\/stage.acmnn.fr\/wordpress\/#primaryimage","url":"https:\/\/stage.acmnn.fr\/wordpress\/wp-content\/uploads\/elementor\/thumbs\/3-r4u02p7gx1fhgt2no05e2nxwhruym33auoej4eewvw.png","contentUrl":"https:\/\/stage.acmnn.fr\/wordpress\/wp-content\/uploads\/elementor\/thumbs\/3-r4u02p7gx1fhgt2no05e2nxwhruym33auoej4eewvw.png"},{"@type":"BreadcrumbList","@id":"https:\/\/stage.acmnn.fr\/wordpress\/#breadcrumb","itemListElement":[{"@type":"ListItem","position":1,"name":"Accueil","item":"https:\/\/stage.acmnn.fr\/wordpress\/"},{"@type":"ListItem","position":2,"name":"ACMNN"}]},{"@type":"WebSite","@id":"https:\/\/stage.acmnn.fr\/wordpress\/#website","url":"https:\/\/stage.acmnn.fr\/wordpress\/","name":"","description":"Association culturelle","potentialAction":[{"@type":"SearchAction","target":{"@type":"EntryPoint","urlTemplate":"https:\/\/stage.acmnn.fr\/wordpress\/?s={search_term_string}"},"query-input":{"@type":"PropertyValueSpecification","valueRequired":true,"valueName":"search_term_string"}}],"inLanguage":"fr-FR"}]}},"_links":{"self":[{"href":"https:\/\/stage.acmnn.fr\/wordpress\/wp-json\/wp\/v2\/pages\/40","targetHints":{"allow":["GET"]}}],"collection":[{"href":"https:\/\/stage.acmnn.fr\/wordpress\/wp-json\/wp\/v2\/pages"}],"about":[{"href":"https:\/\/stage.acmnn.fr\/wordpress\/wp-json\/wp\/v2\/types\/page"}],"author":[{"embeddable":true,"href":"https:\/\/stage.acmnn.fr\/wordpress\/wp-json\/wp\/v2\/users\/1"}],"replies":[{"embeddable":true,"href":"https:\/\/stage.acmnn.fr\/wordpress\/wp-json\/wp\/v2\/comments?post=40"}],"version-history":[{"count":164,"href":"https:\/\/stage.acmnn.fr\/wordpress\/wp-json\/wp\/v2\/pages\/40\/revisions"}],"predecessor-version":[{"id":1116,"href":"https:\/\/stage.acmnn.fr\/wordpress\/wp-json\/wp\/v2\/pages\/40\/revisions\/1116"}],"wp:attachment":[{"href":"https:\/\/stage.acmnn.fr\/wordpress\/wp-json\/wp\/v2\/media?parent=40"}],"curies":[{"name":"wp","href":"https:\/\/api.w.org\/{rel}","templated":true}]}}