{"id":2,"date":"2025-03-19T22:01:06","date_gmt":"2025-03-19T21:01:06","guid":{"rendered":"https:\/\/stage.acmnn.fr\/wordpress\/?page_id=2"},"modified":"2025-05-12T17:46:34","modified_gmt":"2025-05-12T15:46:34","slug":"page-d-exemple","status":"publish","type":"page","link":"https:\/\/stage.acmnn.fr\/wordpress\/page-d-exemple\/","title":{"rendered":"Aide aux devoirs CLAS"},"content":{"rendered":"\t\t<div data-elementor-type=\"wp-page\" data-elementor-id=\"2\" class=\"elementor elementor-2\">\n\t\t\t\t<div class=\"elementor-element elementor-element-5d914b5 e-con-full e-flex e-con e-parent\" data-id=\"5d914b5\" data-element_type=\"container\">\n\t\t\t\t<div class=\"elementor-element elementor-element-b1a8a64 elementor-widget-mobile__width-initial elementor-widget elementor-widget-heading\" data-id=\"b1a8a64\" data-element_type=\"widget\" data-widget_type=\"heading.default\">\n\t\t\t\t<div class=\"elementor-widget-container\">\n\t\t\t\t\t<h2 class=\"elementor-heading-title elementor-size-default\">Aide aux devoirs<\/h2>\t\t\t\t<\/div>\n\t\t\t\t<\/div>\n\t\t\t\t<\/div>\n\t\t<div class=\"elementor-element elementor-element-dd3279f e-con-full e-flex e-con e-parent\" data-id=\"dd3279f\" data-element_type=\"container\">\n\t\t\t\t<div class=\"elementor-element elementor-element-840fe4d elementor-widget-mobile__width-initial elementor-widget elementor-widget-text-editor\" data-id=\"840fe4d\" data-element_type=\"widget\" data-widget_type=\"text-editor.default\">\n\t\t\t\t<div class=\"elementor-widget-container\">\n\t\t\t\t\t\t\t\t\t<p>L\u2019action \u201cAide aux devoir\u201d fait partie inte\u0301grante des projets de l\u2019ACMNN qui favorise l\u2019e\u0301galite\u0301 des chances pour tous, l\u2019insertion sociale et vise la pre\u0301vention de la de\u0301linquance. Notre objectif est d\u2019aider au mieux, tous les e\u0301l\u00e8ves, tous niveaux confondus, qui rencontrent des difficulte\u0301s scolaires et notamment ceux issus de l\u2019immigration, confronte\u0301s aux difficulte\u0301s d\u2019apprentissage de la langue.<br \/>Dans le cadre de cette action, nous proposons les activites suivantes en lien avec la r\u00e9ussite \u00e9ducative :<\/p>\t\t\t\t\t\t\t\t<\/div>\n\t\t\t\t<\/div>\n\t\t\t\t<\/div>\n\t\t<div class=\"elementor-element elementor-element-4b78af8 e-con-full e-flex e-con e-parent\" data-id=\"4b78af8\" data-element_type=\"container\">\n\t\t\t\t<div class=\"elementor-element elementor-element-09c5638 elementor-widget elementor-widget-text-editor\" data-id=\"09c5638\" data-element_type=\"widget\" data-widget_type=\"text-editor.default\">\n\t\t\t\t<div class=\"elementor-widget-container\">\n\t\t\t\t\t\t\t\t\t<p class=\"\" data-start=\"97\" data-end=\"137\"><strong data-start=\"97\" data-end=\"137\">Accompagnement scolaire personnalis\u00e9<\/strong><\/p><p class=\"\" data-start=\"139\" data-end=\"246\">Nous proposons un soutien adapt\u00e9 \u00e0 chaque niveau scolaire, en fonction des besoins sp\u00e9cifiques des \u00e9l\u00e8ves :<\/p><ul data-start=\"248\" data-end=\"837\"><li class=\"\" data-start=\"248\" data-end=\"470\"><p class=\"\" data-start=\"250\" data-end=\"470\"><strong data-start=\"250\" data-end=\"263\">Primaires<\/strong> : L&rsquo;objectif est de poser des bases solides pour leur r\u00e9ussite, en se concentrant sur la lecture, l\u2019\u00e9criture, les math\u00e9matiques, les sciences et les langues, tout en d\u00e9veloppant la confiance et l\u2019autonomie.<\/p><\/li><li class=\"\" data-start=\"472\" data-end=\"655\"><p class=\"\" data-start=\"474\" data-end=\"655\"><strong data-start=\"474\" data-end=\"488\">Coll\u00e9giens<\/strong> : Pr\u00e9paration au Brevet des Coll\u00e8ges, r\u00e9visions efficaces, renforcement des comp\u00e9tences, et conseils pour l\u2019orientation, avec un accent sur l\u2019autonomie et la rigueur.<\/p><\/li><li class=\"\" data-start=\"657\" data-end=\"837\"><p class=\"\" data-start=\"659\" data-end=\"837\"><strong data-start=\"659\" data-end=\"670\">Lyc\u00e9ens<\/strong> : Accompagnement pour les examens de fin de cycle (Baccalaur\u00e9at), r\u00e9visions cibl\u00e9es, gestion du stress, organisation du temps et conseils pour l\u2019orientation post-bac.<\/p><\/li><\/ul><p class=\"\" data-start=\"195\" data-end=\"269\"><strong data-start=\"195\" data-end=\"228\">Accompagnement \u00e0 la scolarit\u00e9<\/strong> (pour les \u00e9l\u00e8ves de primaire au lyc\u00e9e)<\/p><ul data-start=\"270\" data-end=\"338\"><li class=\"\" data-start=\"270\" data-end=\"315\"><p class=\"\" data-start=\"272\" data-end=\"315\">Lundi, Mardi, Jeudi, Vendredi : 17h &#8211; 19h<\/p><\/li><li class=\"\" data-start=\"316\" data-end=\"338\"><p class=\"\" data-start=\"318\" data-end=\"338\">Mercredi : 15h &#8211; 18h<\/p><\/li><\/ul>\t\t\t\t\t\t\t\t<\/div>\n\t\t\t\t<\/div>\n\t\t\t\t<\/div>\n\t\t<div class=\"elementor-element elementor-element-08b6bdd e-flex e-con-boxed e-con e-parent\" data-id=\"08b6bdd\" data-element_type=\"container\">\n\t\t\t\t\t<div class=\"e-con-inner\">\n\t\t\t\t<div class=\"elementor-element elementor-element-e31ea65 elementor-widget elementor-widget-button\" data-id=\"e31ea65\" data-element_type=\"widget\" data-widget_type=\"button.default\">\n\t\t\t\t<div class=\"elementor-widget-container\">\n\t\t\t\t\t\t\t\t\t<div class=\"elementor-button-wrapper\">\n\t\t\t\t\t<a class=\"elementor-button elementor-button-link elementor-size-sm\" href=\"https:\/\/forms.gle\/KbitSFceEn81qxeF9\" target=\"_blank\">\n\t\t\t\t\t\t<span class=\"elementor-button-content-wrapper\">\n\t\t\t\t\t\t\t\t\t<span class=\"elementor-button-text\">Inscription CLAS<\/span>\n\t\t\t\t\t<\/span>\n\t\t\t\t\t<\/a>\n\t\t\t\t<\/div>\n\t\t\t\t\t\t\t\t<\/div>\n\t\t\t\t<\/div>\n\t\t\t\t\t<\/div>\n\t\t\t\t<\/div>\n\t\t\t\t<\/div>\n\t\t","protected":false},"excerpt":{"rendered":"<p>Aide aux devoirs L\u2019action \u201cAide aux devoir\u201d fait partie inte\u0301grante des projets de l\u2019ACMNN qui favorise l\u2019e\u0301galite\u0301 des chances pour [&hellip;]<\/p>\n","protected":false},"author":1,"featured_media":0,"parent":0,"menu_order":0,"comment_status":"closed","ping_status":"open","template":"","meta":{"site-sidebar-layout":"no-sidebar","site-content-layout":"","ast-site-content-layout":"","site-content-style":"default","site-sidebar-style":"default","ast-global-header-display":"","ast-banner-title-visibility":"","ast-main-header-display":"","ast-hfb-above-header-display":"","ast-hfb-below-header-display":"","ast-hfb-mobile-header-display":"","site-post-title":"disabled","ast-breadcrumbs-content":"","ast-featured-img":"disabled","footer-sml-layout":"","theme-transparent-header-meta":"","adv-header-id-meta":"","stick-header-meta":"","header-above-stick-meta":"","header-main-stick-meta":"","header-below-stick-meta":"","astra-migrate-meta-layouts":"default","ast-page-background-enabled":"default","ast-page-background-meta":{"desktop":{"background-color":"var(--ast-global-color-5)","background-image":"","background-repeat":"repeat","background-position":"center center","background-size":"auto","background-attachment":"scroll","background-type":"","background-media":"","overlay-type":"","overlay-color":"","overlay-opacity":"","overlay-gradient":""},"tablet":{"background-color":"","background-image":"","background-repeat":"repeat","background-position":"center center","background-size":"auto","background-attachment":"scroll","background-type":"","background-media":"","overlay-type":"","overlay-color":"","overlay-opacity":"","overlay-gradient":""},"mobile":{"background-color":"","background-image":"","background-repeat":"repeat","background-position":"center center","background-size":"auto","background-attachment":"scroll","background-type":"","background-media":"","overlay-type":"","overlay-color":"","overlay-opacity":"","overlay-gradient":""}},"ast-content-background-meta":{"desktop":{"background-color":"var(--ast-global-color-4)","background-image":"","background-repeat":"repeat","background-position":"center center","background-size":"auto","background-attachment":"scroll","background-type":"","background-media":"","overlay-type":"","overlay-color":"","overlay-opacity":"","overlay-gradient":""},"tablet":{"background-color":"var(--ast-global-color-4)","background-image":"","background-repeat":"repeat","background-position":"center center","background-size":"auto","background-attachment":"scroll","background-type":"","background-media":"","overlay-type":"","overlay-color":"","overlay-opacity":"","overlay-gradient":""},"mobile":{"background-color":"var(--ast-global-color-4)","background-image":"","background-repeat":"repeat","background-position":"center center","background-size":"auto","background-attachment":"scroll","background-type":"","background-media":"","overlay-type":"","overlay-color":"","overlay-opacity":"","overlay-gradient":""}},"footnotes":""},"class_list":["post-2","page","type-page","status-publish","hentry"],"yoast_head":"<!-- This site is optimized with the Yoast SEO plugin v24.7 - https:\/\/yoast.com\/wordpress\/plugins\/seo\/ -->\n<title>Aide aux devoirs CLAS -<\/title>\n<meta name=\"description\" content=\"Accompagnement, \u00e9ducation, p\u00e9dagogie, apprentissage, m\u00e9thodologie, enseignement, compr\u00e9hension, devoir, r\u00e9vision, exercices, scolarit\u00e9, aide personnalis\u00e9e, enfants, \u00c9l\u00e8ves, coll\u00e9giens, lyc\u00e9ens , jeunes, lecture, \u00e9criture, langue , fran\u00e7ais, orientation, confiance en soi , Int\u00e9gration, solidarit\u00e9 , jeunesse, accueil, mixit\u00e9 sociale, progr\u00e8s, Nantes.\" \/>\n<meta name=\"robots\" content=\"index, follow, max-snippet:-1, max-image-preview:large, max-video-preview:-1\" \/>\n<link rel=\"canonical\" href=\"https:\/\/stage.acmnn.fr\/wordpress\/page-d-exemple\/\" \/>\n<meta property=\"og:locale\" content=\"fr_FR\" \/>\n<meta property=\"og:type\" content=\"article\" \/>\n<meta property=\"og:title\" content=\"Aide aux devoirs CLAS -\" \/>\n<meta property=\"og:description\" content=\"Accompagnement, \u00e9ducation, p\u00e9dagogie, apprentissage, m\u00e9thodologie, enseignement, compr\u00e9hension, devoir, r\u00e9vision, exercices, scolarit\u00e9, aide personnalis\u00e9e, enfants, \u00c9l\u00e8ves, coll\u00e9giens, lyc\u00e9ens , jeunes, lecture, \u00e9criture, langue , fran\u00e7ais, orientation, confiance en soi , Int\u00e9gration, solidarit\u00e9 , jeunesse, accueil, mixit\u00e9 sociale, progr\u00e8s, Nantes.\" \/>\n<meta property=\"og:url\" content=\"https:\/\/stage.acmnn.fr\/wordpress\/page-d-exemple\/\" \/>\n<meta property=\"article:modified_time\" content=\"2025-05-12T15:46:34+00:00\" \/>\n<meta name=\"twitter:card\" content=\"summary_large_image\" \/>\n<meta name=\"twitter:label1\" content=\"Dur\u00e9e de lecture estim\u00e9e\" \/>\n\t<meta name=\"twitter:data1\" content=\"2 minutes\" \/>\n<script type=\"application\/ld+json\" class=\"yoast-schema-graph\">{\"@context\":\"https:\/\/schema.org\",\"@graph\":[{\"@type\":\"WebPage\",\"@id\":\"https:\/\/stage.acmnn.fr\/wordpress\/page-d-exemple\/\",\"url\":\"https:\/\/stage.acmnn.fr\/wordpress\/page-d-exemple\/\",\"name\":\"Aide aux devoirs CLAS -\",\"isPartOf\":{\"@id\":\"https:\/\/stage.acmnn.fr\/wordpress\/#website\"},\"datePublished\":\"2025-03-19T21:01:06+00:00\",\"dateModified\":\"2025-05-12T15:46:34+00:00\",\"description\":\"Accompagnement, \u00e9ducation, p\u00e9dagogie, apprentissage, m\u00e9thodologie, enseignement, compr\u00e9hension, devoir, r\u00e9vision, exercices, scolarit\u00e9, aide personnalis\u00e9e, enfants, \u00c9l\u00e8ves, coll\u00e9giens, lyc\u00e9ens , jeunes, lecture, \u00e9criture, langue , fran\u00e7ais, orientation, confiance en soi , Int\u00e9gration, solidarit\u00e9 , jeunesse, accueil, mixit\u00e9 sociale, progr\u00e8s, Nantes.\",\"breadcrumb\":{\"@id\":\"https:\/\/stage.acmnn.fr\/wordpress\/page-d-exemple\/#breadcrumb\"},\"inLanguage\":\"fr-FR\",\"potentialAction\":[{\"@type\":\"ReadAction\",\"target\":[\"https:\/\/stage.acmnn.fr\/wordpress\/page-d-exemple\/\"]}]},{\"@type\":\"BreadcrumbList\",\"@id\":\"https:\/\/stage.acmnn.fr\/wordpress\/page-d-exemple\/#breadcrumb\",\"itemListElement\":[{\"@type\":\"ListItem\",\"position\":1,\"name\":\"Accueil\",\"item\":\"https:\/\/stage.acmnn.fr\/wordpress\/\"},{\"@type\":\"ListItem\",\"position\":2,\"name\":\"Aide aux devoirs CLAS\"}]},{\"@type\":\"WebSite\",\"@id\":\"https:\/\/stage.acmnn.fr\/wordpress\/#website\",\"url\":\"https:\/\/stage.acmnn.fr\/wordpress\/\",\"name\":\"\",\"description\":\"Association culturelle\",\"potentialAction\":[{\"@type\":\"SearchAction\",\"target\":{\"@type\":\"EntryPoint\",\"urlTemplate\":\"https:\/\/stage.acmnn.fr\/wordpress\/?s={search_term_string}\"},\"query-input\":{\"@type\":\"PropertyValueSpecification\",\"valueRequired\":true,\"valueName\":\"search_term_string\"}}],\"inLanguage\":\"fr-FR\"}]}<\/script>\n<!-- \/ Yoast SEO plugin. -->","yoast_head_json":{"title":"Aide aux devoirs CLAS -","description":"Accompagnement, \u00e9ducation, p\u00e9dagogie, apprentissage, m\u00e9thodologie, enseignement, compr\u00e9hension, devoir, r\u00e9vision, exercices, scolarit\u00e9, aide personnalis\u00e9e, enfants, \u00c9l\u00e8ves, coll\u00e9giens, lyc\u00e9ens , jeunes, lecture, \u00e9criture, langue , fran\u00e7ais, orientation, confiance en soi , Int\u00e9gration, solidarit\u00e9 , jeunesse, accueil, mixit\u00e9 sociale, progr\u00e8s, Nantes.","robots":{"index":"index","follow":"follow","max-snippet":"max-snippet:-1","max-image-preview":"max-image-preview:large","max-video-preview":"max-video-preview:-1"},"canonical":"https:\/\/stage.acmnn.fr\/wordpress\/page-d-exemple\/","og_locale":"fr_FR","og_type":"article","og_title":"Aide aux devoirs CLAS -","og_description":"Accompagnement, \u00e9ducation, p\u00e9dagogie, apprentissage, m\u00e9thodologie, enseignement, compr\u00e9hension, devoir, r\u00e9vision, exercices, scolarit\u00e9, aide personnalis\u00e9e, enfants, \u00c9l\u00e8ves, coll\u00e9giens, lyc\u00e9ens , jeunes, lecture, \u00e9criture, langue , fran\u00e7ais, orientation, confiance en soi , Int\u00e9gration, solidarit\u00e9 , jeunesse, accueil, mixit\u00e9 sociale, progr\u00e8s, Nantes.","og_url":"https:\/\/stage.acmnn.fr\/wordpress\/page-d-exemple\/","article_modified_time":"2025-05-12T15:46:34+00:00","twitter_card":"summary_large_image","twitter_misc":{"Dur\u00e9e de lecture estim\u00e9e":"2 minutes"},"schema":{"@context":"https:\/\/schema.org","@graph":[{"@type":"WebPage","@id":"https:\/\/stage.acmnn.fr\/wordpress\/page-d-exemple\/","url":"https:\/\/stage.acmnn.fr\/wordpress\/page-d-exemple\/","name":"Aide aux devoirs CLAS -","isPartOf":{"@id":"https:\/\/stage.acmnn.fr\/wordpress\/#website"},"datePublished":"2025-03-19T21:01:06+00:00","dateModified":"2025-05-12T15:46:34+00:00","description":"Accompagnement, \u00e9ducation, p\u00e9dagogie, apprentissage, m\u00e9thodologie, enseignement, compr\u00e9hension, devoir, r\u00e9vision, exercices, scolarit\u00e9, aide personnalis\u00e9e, enfants, \u00c9l\u00e8ves, coll\u00e9giens, lyc\u00e9ens , jeunes, lecture, \u00e9criture, langue , fran\u00e7ais, orientation, confiance en soi , Int\u00e9gration, solidarit\u00e9 , jeunesse, accueil, mixit\u00e9 sociale, progr\u00e8s, Nantes.","breadcrumb":{"@id":"https:\/\/stage.acmnn.fr\/wordpress\/page-d-exemple\/#breadcrumb"},"inLanguage":"fr-FR","potentialAction":[{"@type":"ReadAction","target":["https:\/\/stage.acmnn.fr\/wordpress\/page-d-exemple\/"]}]},{"@type":"BreadcrumbList","@id":"https:\/\/stage.acmnn.fr\/wordpress\/page-d-exemple\/#breadcrumb","itemListElement":[{"@type":"ListItem","position":1,"name":"Accueil","item":"https:\/\/stage.acmnn.fr\/wordpress\/"},{"@type":"ListItem","position":2,"name":"Aide aux devoirs CLAS"}]},{"@type":"WebSite","@id":"https:\/\/stage.acmnn.fr\/wordpress\/#website","url":"https:\/\/stage.acmnn.fr\/wordpress\/","name":"","description":"Association culturelle","potentialAction":[{"@type":"SearchAction","target":{"@type":"EntryPoint","urlTemplate":"https:\/\/stage.acmnn.fr\/wordpress\/?s={search_term_string}"},"query-input":{"@type":"PropertyValueSpecification","valueRequired":true,"valueName":"search_term_string"}}],"inLanguage":"fr-FR"}]}},"_links":{"self":[{"href":"https:\/\/stage.acmnn.fr\/wordpress\/wp-json\/wp\/v2\/pages\/2","targetHints":{"allow":["GET"]}}],"collection":[{"href":"https:\/\/stage.acmnn.fr\/wordpress\/wp-json\/wp\/v2\/pages"}],"about":[{"href":"https:\/\/stage.acmnn.fr\/wordpress\/wp-json\/wp\/v2\/types\/page"}],"author":[{"embeddable":true,"href":"https:\/\/stage.acmnn.fr\/wordpress\/wp-json\/wp\/v2\/users\/1"}],"replies":[{"embeddable":true,"href":"https:\/\/stage.acmnn.fr\/wordpress\/wp-json\/wp\/v2\/comments?post=2"}],"version-history":[{"count":44,"href":"https:\/\/stage.acmnn.fr\/wordpress\/wp-json\/wp\/v2\/pages\/2\/revisions"}],"predecessor-version":[{"id":886,"href":"https:\/\/stage.acmnn.fr\/wordpress\/wp-json\/wp\/v2\/pages\/2\/revisions\/886"}],"wp:attachment":[{"href":"https:\/\/stage.acmnn.fr\/wordpress\/wp-json\/wp\/v2\/media?parent=2"}],"curies":[{"name":"wp","href":"https:\/\/api.w.org\/{rel}","templated":true}]}}