{"id":111,"date":"2025-04-01T10:05:36","date_gmt":"2025-04-01T08:05:36","guid":{"rendered":"https:\/\/stage.acmnn.fr\/wordpress\/?page_id=111"},"modified":"2025-05-12T17:44:58","modified_gmt":"2025-05-12T15:44:58","slug":"devenir-benevole","status":"publish","type":"page","link":"https:\/\/stage.acmnn.fr\/wordpress\/devenir-benevole\/","title":{"rendered":"Devenir b\u00e9n\u00e9vole"},"content":{"rendered":"\t\t<div data-elementor-type=\"wp-page\" data-elementor-id=\"111\" class=\"elementor elementor-111\">\n\t\t\t\t<div class=\"elementor-element elementor-element-85ad3b9 e-con-full e-flex e-con e-parent\" data-id=\"85ad3b9\" data-element_type=\"container\">\n\t\t\t\t<div class=\"elementor-element elementor-element-f2e9aa6 elementor-widget elementor-widget-heading\" data-id=\"f2e9aa6\" data-element_type=\"widget\" data-widget_type=\"heading.default\">\n\t\t\t\t<div class=\"elementor-widget-container\">\n\t\t\t\t\t<h2 class=\"elementor-heading-title elementor-size-default\">Devenir b\u00e9n\u00e9vole<\/h2>\t\t\t\t<\/div>\n\t\t\t\t<\/div>\n\t\t\t\t<div class=\"elementor-element elementor-element-74a1d13 elementor-widget elementor-widget-text-editor\" data-id=\"74a1d13\" data-element_type=\"widget\" data-widget_type=\"text-editor.default\">\n\t\t\t\t<div class=\"elementor-widget-container\">\n\t\t\t\t\t\t\t\t\t<p>Devenir b\u00e9n\u00e9vole au sein de notre association culturelle et \u00e9ducative \u00e0 Nantes Nord, c\u2019est bien plus qu\u2019un simple acte de g\u00e9n\u00e9rosit\u00e9 : c\u2019est une opportunit\u00e9 de faire une r\u00e9elle diff\u00e9rence dans la vie des autres tout en enrichissant la v\u00f4tre. Que vous soyez passionn\u00e9 par l\u2019\u00e9ducation, la culture, le sport ou les activit\u00e9s ludiques, chaque moment que vous consacrerez \u00e0 notre association contribuera \u00e0 cr\u00e9er un environnement plus inclusif, dynamique et cr\u00e9atif pour les enfants, les jeunes et les adultes de notre communaut\u00e9.<\/p><p>Nous croyons que chaque geste, m\u00eame ponctuel, a un impact pr\u00e9cieux. En tant que b\u00e9n\u00e9vole, vous pourrez partager vos comp\u00e9tences, apprendre de nouvelles choses et tisser des liens forts avec les membres de l\u2019association et les participants. Vous serez acteur d\u2019\u00e9v\u00e9nements culturels, d\u2019ateliers sportifs et ludiques, et d&rsquo;initiatives \u00e9ducatives qui permettent \u00e0 chacun de s&rsquo;\u00e9panouir, quel que soit son parcours.<\/p><p>Si vous avez quelques heures \u00e0 consacrer, vous \u00eates le bienvenu ! Notre structure accueille toutes les bonnes volont\u00e9s, et m\u00eame un engagement ponctuel peut transformer une activit\u00e9 en un moment inoubliable pour ceux qui en b\u00e9n\u00e9ficient. Venez faire partie de cette belle aventure, o\u00f9 solidarit\u00e9, partage et convivialit\u00e9 sont au c\u0153ur de chaque action.<\/p><p>Rejoignez-nous et faites la diff\u00e9rence ! Ensemble, agissons pour soutenir notre communaut\u00e9 \u00e0 travers des actions solidaires et enrichissantes !<\/p>\t\t\t\t\t\t\t\t<\/div>\n\t\t\t\t<\/div>\n\t\t\t\t<\/div>\n\t\t<div class=\"elementor-element elementor-element-73b6730 e-flex e-con-boxed e-con e-parent\" data-id=\"73b6730\" data-element_type=\"container\">\n\t\t\t\t\t<div class=\"e-con-inner\">\n\t\t\t\t<div class=\"elementor-element elementor-element-8ebc231 elementor-widget elementor-widget-button\" data-id=\"8ebc231\" data-element_type=\"widget\" data-widget_type=\"button.default\">\n\t\t\t\t<div class=\"elementor-widget-container\">\n\t\t\t\t\t\t\t\t\t<div class=\"elementor-button-wrapper\">\n\t\t\t\t\t<a class=\"elementor-button elementor-button-link elementor-size-sm\" href=\"https:\/\/forms.gle\/DNQreruzx4Wwx41Y8\" target=\"_blank\">\n\t\t\t\t\t\t<span class=\"elementor-button-content-wrapper\">\n\t\t\t\t\t\t\t\t\t<span class=\"elementor-button-text\">Devenir b\u00e9n\u00e9vole<\/span>\n\t\t\t\t\t<\/span>\n\t\t\t\t\t<\/a>\n\t\t\t\t<\/div>\n\t\t\t\t\t\t\t\t<\/div>\n\t\t\t\t<\/div>\n\t\t\t\t\t<\/div>\n\t\t\t\t<\/div>\n\t\t\t\t<\/div>\n\t\t","protected":false},"excerpt":{"rendered":"<p>Devenir b\u00e9n\u00e9vole Devenir b\u00e9n\u00e9vole au sein de notre association culturelle et \u00e9ducative \u00e0 Nantes Nord, c\u2019est bien plus qu\u2019un simple [&hellip;]<\/p>\n","protected":false},"author":1,"featured_media":0,"parent":0,"menu_order":0,"comment_status":"closed","ping_status":"closed","template":"","meta":{"site-sidebar-layout":"no-sidebar","site-content-layout":"","ast-site-content-layout":"","site-content-style":"default","site-sidebar-style":"default","ast-global-header-display":"","ast-banner-title-visibility":"","ast-main-header-display":"","ast-hfb-above-header-display":"","ast-hfb-below-header-display":"","ast-hfb-mobile-header-display":"","site-post-title":"disabled","ast-breadcrumbs-content":"","ast-featured-img":"disabled","footer-sml-layout":"","theme-transparent-header-meta":"","adv-header-id-meta":"","stick-header-meta":"","header-above-stick-meta":"","header-main-stick-meta":"","header-below-stick-meta":"","astra-migrate-meta-layouts":"default","ast-page-background-enabled":"default","ast-page-background-meta":{"desktop":{"background-color":"var(--ast-global-color-5)","background-image":"","background-repeat":"repeat","background-position":"center center","background-size":"auto","background-attachment":"scroll","background-type":"","background-media":"","overlay-type":"","overlay-color":"","overlay-opacity":"","overlay-gradient":""},"tablet":{"background-color":"","background-image":"","background-repeat":"repeat","background-position":"center center","background-size":"auto","background-attachment":"scroll","background-type":"","background-media":"","overlay-type":"","overlay-color":"","overlay-opacity":"","overlay-gradient":""},"mobile":{"background-color":"","background-image":"","background-repeat":"repeat","background-position":"center center","background-size":"auto","background-attachment":"scroll","background-type":"","background-media":"","overlay-type":"","overlay-color":"","overlay-opacity":"","overlay-gradient":""}},"ast-content-background-meta":{"desktop":{"background-color":"var(--ast-global-color-4)","background-image":"","background-repeat":"repeat","background-position":"center center","background-size":"auto","background-attachment":"scroll","background-type":"","background-media":"","overlay-type":"","overlay-color":"","overlay-opacity":"","overlay-gradient":""},"tablet":{"background-color":"var(--ast-global-color-4)","background-image":"","background-repeat":"repeat","background-position":"center center","background-size":"auto","background-attachment":"scroll","background-type":"","background-media":"","overlay-type":"","overlay-color":"","overlay-opacity":"","overlay-gradient":""},"mobile":{"background-color":"var(--ast-global-color-4)","background-image":"","background-repeat":"repeat","background-position":"center center","background-size":"auto","background-attachment":"scroll","background-type":"","background-media":"","overlay-type":"","overlay-color":"","overlay-opacity":"","overlay-gradient":""}},"footnotes":""},"class_list":["post-111","page","type-page","status-publish","hentry"],"yoast_head":"<!-- This site is optimized with the Yoast SEO plugin v24.7 - https:\/\/yoast.com\/wordpress\/plugins\/seo\/ -->\n<title>Devenir b\u00e9n\u00e9vole -<\/title>\n<meta name=\"description\" content=\"Accompagnement administratif, Aide aux d\u00e9marches, M\u00e9diation sociale, D\u00e9marche en ligne , D\u00e9marche CAF, Demande RSA, Demande de s\u00e9curit\u00e9 sociale, D\u00e9marche p\u00f4le emploi, Impression d\u2019attestation, Demande de logement, Ouverture de compte bancaire, Insertion professionnelle, D\u00e9marches fiscales, Demande de regroupement familial, Demande de nationalit\u00e9, Demande de titre de s\u00e9jour, R\u00e9daction de CV, Demande d\u2019asile, R\u00e9daction des lettres officielles, R\u00e9daction de lettre de motivation, Demande de recours \u00e0 la pr\u00e9fecture, Aide \u00e0 la r\u00e9gularisation, Services gratuits, Contacter les bailleurs sociaux , D\u00e9claration d\u2019imp\u00f4ts, Assistance sociale , Service d\u2019\u00e9coute, Soutien aux personnes vuln\u00e9rables Nantes, Nord.\" \/>\n<meta name=\"robots\" content=\"index, follow, max-snippet:-1, max-image-preview:large, max-video-preview:-1\" \/>\n<link rel=\"canonical\" href=\"https:\/\/stage.acmnn.fr\/wordpress\/devenir-benevole\/\" \/>\n<meta property=\"og:locale\" content=\"fr_FR\" \/>\n<meta property=\"og:type\" content=\"article\" \/>\n<meta property=\"og:title\" content=\"Devenir b\u00e9n\u00e9vole -\" \/>\n<meta property=\"og:description\" content=\"Accompagnement administratif, Aide aux d\u00e9marches, M\u00e9diation sociale, D\u00e9marche en ligne , D\u00e9marche CAF, Demande RSA, Demande de s\u00e9curit\u00e9 sociale, D\u00e9marche p\u00f4le emploi, Impression d\u2019attestation, Demande de logement, Ouverture de compte bancaire, Insertion professionnelle, D\u00e9marches fiscales, Demande de regroupement familial, Demande de nationalit\u00e9, Demande de titre de s\u00e9jour, R\u00e9daction de CV, Demande d\u2019asile, R\u00e9daction des lettres officielles, R\u00e9daction de lettre de motivation, Demande de recours \u00e0 la pr\u00e9fecture, Aide \u00e0 la r\u00e9gularisation, Services gratuits, Contacter les bailleurs sociaux , D\u00e9claration d\u2019imp\u00f4ts, Assistance sociale , Service d\u2019\u00e9coute, Soutien aux personnes vuln\u00e9rables Nantes, Nord.\" \/>\n<meta property=\"og:url\" content=\"https:\/\/stage.acmnn.fr\/wordpress\/devenir-benevole\/\" \/>\n<meta property=\"article:modified_time\" content=\"2025-05-12T15:44:58+00:00\" \/>\n<meta name=\"twitter:card\" content=\"summary_large_image\" \/>\n<meta name=\"twitter:label1\" content=\"Dur\u00e9e de lecture estim\u00e9e\" \/>\n\t<meta name=\"twitter:data1\" content=\"2 minutes\" \/>\n<script type=\"application\/ld+json\" class=\"yoast-schema-graph\">{\"@context\":\"https:\/\/schema.org\",\"@graph\":[{\"@type\":\"WebPage\",\"@id\":\"https:\/\/stage.acmnn.fr\/wordpress\/devenir-benevole\/\",\"url\":\"https:\/\/stage.acmnn.fr\/wordpress\/devenir-benevole\/\",\"name\":\"Devenir b\u00e9n\u00e9vole -\",\"isPartOf\":{\"@id\":\"https:\/\/stage.acmnn.fr\/wordpress\/#website\"},\"datePublished\":\"2025-04-01T08:05:36+00:00\",\"dateModified\":\"2025-05-12T15:44:58+00:00\",\"description\":\"Accompagnement administratif, Aide aux d\u00e9marches, M\u00e9diation sociale, D\u00e9marche en ligne , D\u00e9marche CAF, Demande RSA, Demande de s\u00e9curit\u00e9 sociale, D\u00e9marche p\u00f4le emploi, Impression d\u2019attestation, Demande de logement, Ouverture de compte bancaire, Insertion professionnelle, D\u00e9marches fiscales, Demande de regroupement familial, Demande de nationalit\u00e9, Demande de titre de s\u00e9jour, R\u00e9daction de CV, Demande d\u2019asile, R\u00e9daction des lettres officielles, R\u00e9daction de lettre de motivation, Demande de recours \u00e0 la pr\u00e9fecture, Aide \u00e0 la r\u00e9gularisation, Services gratuits, Contacter les bailleurs sociaux , D\u00e9claration d\u2019imp\u00f4ts, Assistance sociale , Service d\u2019\u00e9coute, Soutien aux personnes vuln\u00e9rables Nantes, Nord.\",\"breadcrumb\":{\"@id\":\"https:\/\/stage.acmnn.fr\/wordpress\/devenir-benevole\/#breadcrumb\"},\"inLanguage\":\"fr-FR\",\"potentialAction\":[{\"@type\":\"ReadAction\",\"target\":[\"https:\/\/stage.acmnn.fr\/wordpress\/devenir-benevole\/\"]}]},{\"@type\":\"BreadcrumbList\",\"@id\":\"https:\/\/stage.acmnn.fr\/wordpress\/devenir-benevole\/#breadcrumb\",\"itemListElement\":[{\"@type\":\"ListItem\",\"position\":1,\"name\":\"Accueil\",\"item\":\"https:\/\/stage.acmnn.fr\/wordpress\/\"},{\"@type\":\"ListItem\",\"position\":2,\"name\":\"Devenir b\u00e9n\u00e9vole\"}]},{\"@type\":\"WebSite\",\"@id\":\"https:\/\/stage.acmnn.fr\/wordpress\/#website\",\"url\":\"https:\/\/stage.acmnn.fr\/wordpress\/\",\"name\":\"\",\"description\":\"Association culturelle\",\"potentialAction\":[{\"@type\":\"SearchAction\",\"target\":{\"@type\":\"EntryPoint\",\"urlTemplate\":\"https:\/\/stage.acmnn.fr\/wordpress\/?s={search_term_string}\"},\"query-input\":{\"@type\":\"PropertyValueSpecification\",\"valueRequired\":true,\"valueName\":\"search_term_string\"}}],\"inLanguage\":\"fr-FR\"}]}<\/script>\n<!-- \/ Yoast SEO plugin. -->","yoast_head_json":{"title":"Devenir b\u00e9n\u00e9vole -","description":"Accompagnement administratif, Aide aux d\u00e9marches, M\u00e9diation sociale, D\u00e9marche en ligne , D\u00e9marche CAF, Demande RSA, Demande de s\u00e9curit\u00e9 sociale, D\u00e9marche p\u00f4le emploi, Impression d\u2019attestation, Demande de logement, Ouverture de compte bancaire, Insertion professionnelle, D\u00e9marches fiscales, Demande de regroupement familial, Demande de nationalit\u00e9, Demande de titre de s\u00e9jour, R\u00e9daction de CV, Demande d\u2019asile, R\u00e9daction des lettres officielles, R\u00e9daction de lettre de motivation, Demande de recours \u00e0 la pr\u00e9fecture, Aide \u00e0 la r\u00e9gularisation, Services gratuits, Contacter les bailleurs sociaux , D\u00e9claration d\u2019imp\u00f4ts, Assistance sociale , Service d\u2019\u00e9coute, Soutien aux personnes vuln\u00e9rables Nantes, Nord.","robots":{"index":"index","follow":"follow","max-snippet":"max-snippet:-1","max-image-preview":"max-image-preview:large","max-video-preview":"max-video-preview:-1"},"canonical":"https:\/\/stage.acmnn.fr\/wordpress\/devenir-benevole\/","og_locale":"fr_FR","og_type":"article","og_title":"Devenir b\u00e9n\u00e9vole -","og_description":"Accompagnement administratif, Aide aux d\u00e9marches, M\u00e9diation sociale, D\u00e9marche en ligne , D\u00e9marche CAF, Demande RSA, Demande de s\u00e9curit\u00e9 sociale, D\u00e9marche p\u00f4le emploi, Impression d\u2019attestation, Demande de logement, Ouverture de compte bancaire, Insertion professionnelle, D\u00e9marches fiscales, Demande de regroupement familial, Demande de nationalit\u00e9, Demande de titre de s\u00e9jour, R\u00e9daction de CV, Demande d\u2019asile, R\u00e9daction des lettres officielles, R\u00e9daction de lettre de motivation, Demande de recours \u00e0 la pr\u00e9fecture, Aide \u00e0 la r\u00e9gularisation, Services gratuits, Contacter les bailleurs sociaux , D\u00e9claration d\u2019imp\u00f4ts, Assistance sociale , Service d\u2019\u00e9coute, Soutien aux personnes vuln\u00e9rables Nantes, Nord.","og_url":"https:\/\/stage.acmnn.fr\/wordpress\/devenir-benevole\/","article_modified_time":"2025-05-12T15:44:58+00:00","twitter_card":"summary_large_image","twitter_misc":{"Dur\u00e9e de lecture estim\u00e9e":"2 minutes"},"schema":{"@context":"https:\/\/schema.org","@graph":[{"@type":"WebPage","@id":"https:\/\/stage.acmnn.fr\/wordpress\/devenir-benevole\/","url":"https:\/\/stage.acmnn.fr\/wordpress\/devenir-benevole\/","name":"Devenir b\u00e9n\u00e9vole -","isPartOf":{"@id":"https:\/\/stage.acmnn.fr\/wordpress\/#website"},"datePublished":"2025-04-01T08:05:36+00:00","dateModified":"2025-05-12T15:44:58+00:00","description":"Accompagnement administratif, Aide aux d\u00e9marches, M\u00e9diation sociale, D\u00e9marche en ligne , D\u00e9marche CAF, Demande RSA, Demande de s\u00e9curit\u00e9 sociale, D\u00e9marche p\u00f4le emploi, Impression d\u2019attestation, Demande de logement, Ouverture de compte bancaire, Insertion professionnelle, D\u00e9marches fiscales, Demande de regroupement familial, Demande de nationalit\u00e9, Demande de titre de s\u00e9jour, R\u00e9daction de CV, Demande d\u2019asile, R\u00e9daction des lettres officielles, R\u00e9daction de lettre de motivation, Demande de recours \u00e0 la pr\u00e9fecture, Aide \u00e0 la r\u00e9gularisation, Services gratuits, Contacter les bailleurs sociaux , D\u00e9claration d\u2019imp\u00f4ts, Assistance sociale , Service d\u2019\u00e9coute, Soutien aux personnes vuln\u00e9rables Nantes, Nord.","breadcrumb":{"@id":"https:\/\/stage.acmnn.fr\/wordpress\/devenir-benevole\/#breadcrumb"},"inLanguage":"fr-FR","potentialAction":[{"@type":"ReadAction","target":["https:\/\/stage.acmnn.fr\/wordpress\/devenir-benevole\/"]}]},{"@type":"BreadcrumbList","@id":"https:\/\/stage.acmnn.fr\/wordpress\/devenir-benevole\/#breadcrumb","itemListElement":[{"@type":"ListItem","position":1,"name":"Accueil","item":"https:\/\/stage.acmnn.fr\/wordpress\/"},{"@type":"ListItem","position":2,"name":"Devenir b\u00e9n\u00e9vole"}]},{"@type":"WebSite","@id":"https:\/\/stage.acmnn.fr\/wordpress\/#website","url":"https:\/\/stage.acmnn.fr\/wordpress\/","name":"","description":"Association culturelle","potentialAction":[{"@type":"SearchAction","target":{"@type":"EntryPoint","urlTemplate":"https:\/\/stage.acmnn.fr\/wordpress\/?s={search_term_string}"},"query-input":{"@type":"PropertyValueSpecification","valueRequired":true,"valueName":"search_term_string"}}],"inLanguage":"fr-FR"}]}},"_links":{"self":[{"href":"https:\/\/stage.acmnn.fr\/wordpress\/wp-json\/wp\/v2\/pages\/111","targetHints":{"allow":["GET"]}}],"collection":[{"href":"https:\/\/stage.acmnn.fr\/wordpress\/wp-json\/wp\/v2\/pages"}],"about":[{"href":"https:\/\/stage.acmnn.fr\/wordpress\/wp-json\/wp\/v2\/types\/page"}],"author":[{"embeddable":true,"href":"https:\/\/stage.acmnn.fr\/wordpress\/wp-json\/wp\/v2\/users\/1"}],"replies":[{"embeddable":true,"href":"https:\/\/stage.acmnn.fr\/wordpress\/wp-json\/wp\/v2\/comments?post=111"}],"version-history":[{"count":17,"href":"https:\/\/stage.acmnn.fr\/wordpress\/wp-json\/wp\/v2\/pages\/111\/revisions"}],"predecessor-version":[{"id":1044,"href":"https:\/\/stage.acmnn.fr\/wordpress\/wp-json\/wp\/v2\/pages\/111\/revisions\/1044"}],"wp:attachment":[{"href":"https:\/\/stage.acmnn.fr\/wordpress\/wp-json\/wp\/v2\/media?parent=111"}],"curies":[{"name":"wp","href":"https:\/\/api.w.org\/{rel}","templated":true}]}}